{"id":3297,"date":"2023-01-02T13:59:43","date_gmt":"2023-01-02T13:59:43","guid":{"rendered":"https:\/\/izo.com.tr\/3297-2\/"},"modified":"2025-10-11T14:44:45","modified_gmt":"2025-10-11T14:44:45","slug":"3297-2","status":"publish","type":"page","link":"https:\/\/izo.com.tr\/en\/3297-2\/","title":{"rendered":""},"content":{"rendered":"<style>\r\n\t.vg-frontend-admin-guests {\r\n\t\ttext-align: center;\r\n\t\tmargin: 0 auto 50px;\r\n\t\tmax-width: 304px;\r\n\t}\r\n\r\n\t.vg-frontend-admin-guests form {\r\n\t\ttext-align: left\r\n\t}\r\n\r\n\t.vg-frontend-admin-guests label {\r\n\t\tdisplay: block\r\n\t}\r\n\r\n\t.vg-frontend-admin-guests form input[type=text],\r\n\t.vg-frontend-admin-guests form input[type=password],\r\n\t.vg-frontend-admin-guests form input[type=submit] {\r\n\t\twidth: 100%\r\n\t}\r\n\r\n\t.vg-frontend-admin-guests form input[type=submit] {\r\n\t\tpadding: 5px;\r\n\t\tborder: 0\r\n\t}\r\n\t.vg-frontend-admin-guests .vgfa-alert-failed {\r\n\t\tcolor: black;\r\n\t\tbackground-color: #ffc4c4;\r\n\t\tpadding: 4px;\r\n\t}\r\n<\/style>\r\n\r\n<div class=\"vg-frontend-admin-guests\">\r\n\t\t\t<form name=\"loginform\" id=\"loginform\" action=\"https:\/\/izo.com.tr\/en\/wp-login.php\" method=\"post\"><p class=\"login-username\">\n\t\t\t\t<label for=\"user_login\">Username or Email Address<\/label>\n\t\t\t\t<input type=\"text\" name=\"log\" id=\"user_login\" autocomplete=\"username\" class=\"input\" value=\"\" size=\"20\" \/>\n\t\t\t<\/p><p class=\"login-password\">\n\t\t\t\t<label for=\"user_pass\">Password<\/label>\n\t\t\t\t<input type=\"password\" name=\"pwd\" id=\"user_pass\" autocomplete=\"current-password\" spellcheck=\"false\" class=\"input\" value=\"\" size=\"20\" \/>\n\t\t\t<\/p><p class=\"login-remember\"><label><input name=\"rememberme\" type=\"checkbox\" id=\"rememberme\" value=\"forever\" \/> Remember Me<\/label><\/p><p class=\"login-submit\">\n\t\t\t\t<input type=\"submit\" name=\"wp-submit\" id=\"wp-submit\" class=\"button button-primary\" value=\"Log In\" \/>\n\t\t\t\t<input type=\"hidden\" name=\"redirect_to\" value=\"\/en\/wp-json\/wp\/v2\/pages\/3297\" \/>\n\t\t\t<\/p><input type=\"hidden\" name=\"wpfa_login_form\" value=\"yes\"\/><\/form><\/div>\r\n\r\n\n","protected":false},"excerpt":{"rendered":"","protected":false},"author":1,"featured_media":0,"parent":0,"menu_order":0,"comment_status":"closed","ping_status":"closed","template":"","meta":{"site-sidebar-layout":"default","site-content-layout":"","ast-site-content-layout":"","site-content-style":"default","site-sidebar-style":"default","ast-global-header-display":"","ast-banner-title-visibility":"","ast-main-header-display":"","ast-hfb-above-header-display":"","ast-hfb-below-header-display":"","ast-hfb-mobile-header-display":"","site-post-title":"","ast-breadcrumbs-content":"","ast-featured-img":"","footer-sml-layout":"","theme-transparent-header-meta":"","adv-header-id-meta":"","stick-header-meta":"","header-above-stick-meta":"","header-main-stick-meta":"","header-below-stick-meta":"","astra-migrate-meta-layouts":"default","ast-page-background-enabled":"default","ast-page-background-meta":{"desktop":{"background-color":"","background-image":"","background-repeat":"repeat","background-position":"center center","background-size":"auto","background-attachment":"scroll","background-type":"","background-media":"","overlay-type":"","overlay-color":"","overlay-opacity":"","overlay-gradient":""},"tablet":{"background-color":"","background-image":"","background-repeat":"repeat","background-position":"center center","background-size":"auto","background-attachment":"scroll","background-type":"","background-media":"","overlay-type":"","overlay-color":"","overlay-opacity":"","overlay-gradient":""},"mobile":{"background-color":"","background-image":"","background-repeat":"repeat","background-position":"center center","background-size":"auto","background-attachment":"scroll","background-type":"","background-media":"","overlay-type":"","overlay-color":"","overlay-opacity":"","overlay-gradient":""}},"ast-content-background-meta":{"desktop":{"background-color":"var(--ast-global-color-5)","background-image":"","background-repeat":"repeat","background-position":"center center","background-size":"auto","background-attachment":"scroll","background-type":"","background-media":"","overlay-type":"","overlay-color":"","overlay-opacity":"","overlay-gradient":""},"tablet":{"background-color":"var(--ast-global-color-5)","background-image":"","background-repeat":"repeat","background-position":"center center","background-size":"auto","background-attachment":"scroll","background-type":"","background-media":"","overlay-type":"","overlay-color":"","overlay-opacity":"","overlay-gradient":""},"mobile":{"background-color":"var(--ast-global-color-5)","background-image":"","background-repeat":"repeat","background-position":"center center","background-size":"auto","background-attachment":"scroll","background-type":"","background-media":"","overlay-type":"","overlay-color":"","overlay-opacity":"","overlay-gradient":""}},"footnotes":""},"class_list":["post-3297","page","type-page","status-publish","hentry"],"yoast_head":"<!-- This site is optimized with the Yoast SEO Premium plugin v26.0 (Yoast SEO v26.0) - https:\/\/yoast.com\/wordpress\/plugins\/seo\/ -->\n<title>| izo YALITIM<\/title>\n<meta name=\"robots\" content=\"noindex, follow, max-snippet:-1, max-image-preview:large, max-video-preview:-1\" \/>\n<meta property=\"og:locale\" content=\"en_US\" \/>\n<meta property=\"og:type\" content=\"article\" \/>\n<meta property=\"og:url\" content=\"https:\/\/izo.com.tr\/en\/3297-2\/\" \/>\n<meta property=\"og:site_name\" content=\"izo YALITIM\" \/>\n<meta property=\"article:publisher\" content=\"http:\/\/facebook.com\/izoyalitimofficial\" \/>\n<meta property=\"article:modified_time\" content=\"2025-10-11T14:44:45+00:00\" \/>\n<meta name=\"twitter:card\" content=\"summary_large_image\" \/>\n<meta name=\"twitter:site\" content=\"@izoyalitim\" \/>\n<script type=\"application\/ld+json\" class=\"yoast-schema-graph\">{\"@context\":\"https:\/\/schema.org\",\"@graph\":[{\"@type\":\"WebPage\",\"@id\":\"https:\/\/izo.com.tr\/en\/3297-2\/\",\"url\":\"https:\/\/izo.com.tr\/en\/3297-2\/\",\"name\":\"| izo YALITIM\",\"isPartOf\":{\"@id\":\"https:\/\/izo.com.tr\/en\/#website\"},\"datePublished\":\"2023-01-02T13:59:43+00:00\",\"dateModified\":\"2025-10-11T14:44:45+00:00\",\"inLanguage\":\"en-US\",\"potentialAction\":[{\"@type\":\"ReadAction\",\"target\":[\"https:\/\/izo.com.tr\/en\/3297-2\/\"]}]},{\"@type\":\"WebSite\",\"@id\":\"https:\/\/izo.com.tr\/en\/#website\",\"url\":\"https:\/\/izo.com.tr\/en\/\",\"name\":\"izo YALITIM\",\"description\":\"Yenilik\u00e7i \u00c7\u00f6z\u00fcmler Sunar\",\"publisher\":{\"@id\":\"https:\/\/izo.com.tr\/en\/#organization\"},\"potentialAction\":[{\"@type\":\"SearchAction\",\"target\":{\"@type\":\"EntryPoint\",\"urlTemplate\":\"https:\/\/izo.com.tr\/en\/?s={search_term_string}\"},\"query-input\":{\"@type\":\"PropertyValueSpecification\",\"valueRequired\":true,\"valueName\":\"search_term_string\"}}],\"inLanguage\":\"en-US\"},{\"@type\":[\"Organization\",\"Place\",\"Corporation\"],\"@id\":\"https:\/\/izo.com.tr\/en\/#organization\",\"name\":\"\u0130ZO YALITIM \u0130N\u015e. TAAH. SAN. VE T\u0130C. LTD. \u015eT\u0130.\",\"url\":\"https:\/\/izo.com.tr\/en\/\",\"logo\":{\"@id\":\"https:\/\/izo.com.tr\/en\/3297-2\/#local-main-organization-logo\"},\"image\":{\"@id\":\"https:\/\/izo.com.tr\/en\/3297-2\/#local-main-organization-logo\"},\"sameAs\":[\"http:\/\/facebook.com\/izoyalitimofficial\",\"https:\/\/x.com\/izoyalitim\"],\"address\":{\"@id\":\"https:\/\/izo.com.tr\/en\/3297-2\/#local-main-place-address\"},\"telephone\":[\"+90 216 612 8666\",\"+90 216 612 8667\"],\"openingHoursSpecification\":[{\"@type\":\"OpeningHoursSpecification\",\"dayOfWeek\":[\"Monday\",\"Tuesday\",\"Wednesday\",\"Thursday\",\"Friday\",\"Saturday\"],\"opens\":\"09:00\",\"closes\":\"19:00\"},{\"@type\":\"OpeningHoursSpecification\",\"dayOfWeek\":[\"Sunday\"],\"opens\":\"00:00\",\"closes\":\"00:00\"}],\"email\":\"izo@izo.com.tr\",\"faxNumber\":\"+90 216 612 8665\",\"taxID\":\"4840550543\"},{\"@type\":\"PostalAddress\",\"@id\":\"https:\/\/izo.com.tr\/en\/3297-2\/#local-main-place-address\",\"streetAddress\":\"Cemil Meri\u00e7 Mah. \u00c7ay\u0131r\u00f6n\u00fc Cad. No:5\/A, \u00dcmraniye\",\"addressLocality\":\"\u0130STANBUL\",\"postalCode\":\"34771\",\"addressRegion\":\"-\",\"addressCountry\":\"TR\"},{\"@type\":\"ImageObject\",\"inLanguage\":\"en-US\",\"@id\":\"https:\/\/izo.com.tr\/en\/3297-2\/#local-main-organization-logo\",\"url\":\"https:\/\/izo.com.tr\/wp-content\/uploads\/2021\/11\/izo-YALITIM-180105-1_w300px.png\",\"contentUrl\":\"https:\/\/izo.com.tr\/wp-content\/uploads\/2021\/11\/izo-YALITIM-180105-1_w300px.png\",\"width\":280,\"height\":60,\"caption\":\"\u0130ZO YALITIM \u0130N\u015e. TAAH. SAN. VE T\u0130C. LTD. \u015eT\u0130.\"}]}<\/script>\n<meta name=\"geo.placename\" content=\"\u0130STANBUL\" \/>\n<meta name=\"geo.region\" content=\"Turkey\" \/>\n<!-- \/ Yoast SEO Premium plugin. -->","yoast_head_json":{"title":"| izo YALITIM","robots":{"index":"noindex","follow":"follow","max-snippet":"max-snippet:-1","max-image-preview":"max-image-preview:large","max-video-preview":"max-video-preview:-1"},"og_locale":"en_US","og_type":"article","og_url":"https:\/\/izo.com.tr\/en\/3297-2\/","og_site_name":"izo YALITIM","article_publisher":"http:\/\/facebook.com\/izoyalitimofficial","article_modified_time":"2025-10-11T14:44:45+00:00","twitter_card":"summary_large_image","twitter_site":"@izoyalitim","schema":{"@context":"https:\/\/schema.org","@graph":[{"@type":"WebPage","@id":"https:\/\/izo.com.tr\/en\/3297-2\/","url":"https:\/\/izo.com.tr\/en\/3297-2\/","name":"| izo YALITIM","isPartOf":{"@id":"https:\/\/izo.com.tr\/en\/#website"},"datePublished":"2023-01-02T13:59:43+00:00","dateModified":"2025-10-11T14:44:45+00:00","inLanguage":"en-US","potentialAction":[{"@type":"ReadAction","target":["https:\/\/izo.com.tr\/en\/3297-2\/"]}]},{"@type":"WebSite","@id":"https:\/\/izo.com.tr\/en\/#website","url":"https:\/\/izo.com.tr\/en\/","name":"izo YALITIM","description":"Yenilik\u00e7i \u00c7\u00f6z\u00fcmler Sunar","publisher":{"@id":"https:\/\/izo.com.tr\/en\/#organization"},"potentialAction":[{"@type":"SearchAction","target":{"@type":"EntryPoint","urlTemplate":"https:\/\/izo.com.tr\/en\/?s={search_term_string}"},"query-input":{"@type":"PropertyValueSpecification","valueRequired":true,"valueName":"search_term_string"}}],"inLanguage":"en-US"},{"@type":["Organization","Place","Corporation"],"@id":"https:\/\/izo.com.tr\/en\/#organization","name":"\u0130ZO YALITIM \u0130N\u015e. TAAH. SAN. VE T\u0130C. LTD. \u015eT\u0130.","url":"https:\/\/izo.com.tr\/en\/","logo":{"@id":"https:\/\/izo.com.tr\/en\/3297-2\/#local-main-organization-logo"},"image":{"@id":"https:\/\/izo.com.tr\/en\/3297-2\/#local-main-organization-logo"},"sameAs":["http:\/\/facebook.com\/izoyalitimofficial","https:\/\/x.com\/izoyalitim"],"address":{"@id":"https:\/\/izo.com.tr\/en\/3297-2\/#local-main-place-address"},"telephone":["+90 216 612 8666","+90 216 612 8667"],"openingHoursSpecification":[{"@type":"OpeningHoursSpecification","dayOfWeek":["Monday","Tuesday","Wednesday","Thursday","Friday","Saturday"],"opens":"09:00","closes":"19:00"},{"@type":"OpeningHoursSpecification","dayOfWeek":["Sunday"],"opens":"00:00","closes":"00:00"}],"email":"izo@izo.com.tr","faxNumber":"+90 216 612 8665","taxID":"4840550543"},{"@type":"PostalAddress","@id":"https:\/\/izo.com.tr\/en\/3297-2\/#local-main-place-address","streetAddress":"Cemil Meri\u00e7 Mah. \u00c7ay\u0131r\u00f6n\u00fc Cad. No:5\/A, \u00dcmraniye","addressLocality":"\u0130STANBUL","postalCode":"34771","addressRegion":"-","addressCountry":"TR"},{"@type":"ImageObject","inLanguage":"en-US","@id":"https:\/\/izo.com.tr\/en\/3297-2\/#local-main-organization-logo","url":"https:\/\/izo.com.tr\/wp-content\/uploads\/2021\/11\/izo-YALITIM-180105-1_w300px.png","contentUrl":"https:\/\/izo.com.tr\/wp-content\/uploads\/2021\/11\/izo-YALITIM-180105-1_w300px.png","width":280,"height":60,"caption":"\u0130ZO YALITIM \u0130N\u015e. TAAH. SAN. VE T\u0130C. LTD. \u015eT\u0130."}]},"geo.placename":"\u0130STANBUL","geo.region":"Turkey"},"_links":{"self":[{"href":"https:\/\/izo.com.tr\/en\/wp-json\/wp\/v2\/pages\/3297","targetHints":{"allow":["GET"]}}],"collection":[{"href":"https:\/\/izo.com.tr\/en\/wp-json\/wp\/v2\/pages"}],"about":[{"href":"https:\/\/izo.com.tr\/en\/wp-json\/wp\/v2\/types\/page"}],"author":[{"embeddable":true,"href":"https:\/\/izo.com.tr\/en\/wp-json\/wp\/v2\/users\/1"}],"replies":[{"embeddable":true,"href":"https:\/\/izo.com.tr\/en\/wp-json\/wp\/v2\/comments?post=3297"}],"version-history":[{"count":1,"href":"https:\/\/izo.com.tr\/en\/wp-json\/wp\/v2\/pages\/3297\/revisions"}],"predecessor-version":[{"id":3298,"href":"https:\/\/izo.com.tr\/en\/wp-json\/wp\/v2\/pages\/3297\/revisions\/3298"}],"wp:attachment":[{"href":"https:\/\/izo.com.tr\/en\/wp-json\/wp\/v2\/media?parent=3297"}],"curies":[{"name":"wp","href":"https:\/\/api.w.org\/{rel}","templated":true}]}}