{"id":1606,"date":"2022-03-07T20:11:16","date_gmt":"2022-03-07T20:11:16","guid":{"rendered":"https:\/\/izo.com.tr\/?post_type=product&#038;p=1606"},"modified":"2022-04-15T12:47:28","modified_gmt":"2022-04-15T12:47:28","slug":"izocam-manto-tasyunu","status":"publish","type":"product","link":"https:\/\/izo.com.tr\/en\/urun\/izocam-manto-tasyunu\/","title":{"rendered":"\u0130zocam Manto Ta\u015fy\u00fcn\u00fc"},"content":{"rendered":"<h3>\u0130zocam Manto Ta\u015fy\u00fcn\u00fc<\/h3>\n<h3><\/h3>\n<h3>Uygulama Alanlar\u0131<\/h3>\n<ul>\n<li>\u0130zocam Manto Ta\u015fy\u00fcn\u00fc, d\u0131\u015f duvarlar\u0131n d\u0131\u015ftan yal\u0131t\u0131m uygulamalar\u0131nda, Manto Ta\u015fy\u00fcn\u00fc levhalar\u0131n\u0131n kullan\u0131m\u0131, \u0131s\u0131 yal\u0131t\u0131m\u0131n\u0131n yan\u0131nda binalarda ses yal\u0131t\u0131m\u0131 ve yang\u0131n g\u00fcvenli\u011fi de sa\u011flamaktad\u0131r.<\/li>\n<\/ul>\n<h3>Uygulama<\/h3>\n<p>Manto Ta\u015fy\u00fcn\u00fc levhalar\u0131n\u0131n uygulanaca\u011f\u0131 y\u00fczeyler \u00f6ncelikle kuru ve d\u00fczg\u00fcn olmal\u0131, d\u00f6k\u00fcnt\u00fcl\u00fc ve kabarm\u0131\u015f y\u00fczeyler f\u0131r\u00e7alanarak temizlenmeli, e\u011frilikler, b\u00fcy\u00fck hasar ve \u00e7atlaklar, s\u0131va ile ortadan kald\u0131r\u0131lmal\u0131d\u0131r. Levhalar, \u00e7imento bazl\u0131 yap\u0131\u015ft\u0131rma harc\u0131 kullan\u0131larak, farkl\u0131 metotlarla y\u00fczeye yap\u0131\u015ft\u0131r\u0131labilir.<\/p>\n<p>Levhalara yap\u0131\u015ft\u0131\u0131rc\u0131 s\u00fcr\u00fcld\u00fckten hemen sonra duvar y\u00fczeyine, birbirlerine biti\u015ftirilerek yerle\u015ftirilir. Yap\u0131\u015ft\u0131r\u0131c\u0131n\u0131n derzlere girmesini \u00f6nlemek i\u00e7in yap\u0131\u015ft\u0131r\u0131c\u0131, levhalar\u0131n kenarlar\u0131na yak\u0131n s\u00fcr\u00fclmemelidir. Levhalar cephelerde ve k\u00f6\u015felerde \u015fa\u015f\u0131rtmal\u0131 olarak yerle\u015ftirilmelidir.<\/p>\n<p>Yap\u0131\u015ft\u0131rma harc\u0131 tamamen kuruduktan sonra (yakla\u015f\u0131k 24 saat) d\u00fcbelleme i\u015flemine ba\u015flan\u0131l\u0131r. Duvar \u00f6zelliklerine uygun olarak se\u00e7ilen \u00f6zel yal\u0131t\u0131m tespit d\u00fcbelleri kullan\u0131l\u0131r. Fayans veya eskimi\u015f s\u0131valardan olu\u015fan y\u00fczeyler, d\u00fcbelleme i\u015flemi i\u00e7in uygun de\u011fildir. D\u00fcbelleme i\u015fleminden sonra sistemin donat\u0131 katman\u0131 olu\u015fturulur.<\/p>\n<p>\u00c7imento bazl\u0131 alt kat astar s\u0131va, y\u00fczeye mala ile uyguland\u0131ktan sonra, \u00fczerine alkaliye dayan\u0131kl\u0131 cam elyaf esasl\u0131 donat\u0131 filesi kenarlar\u0131 10\u2019ar cm birbirinin \u00fczerine binecek \u015fekilde mala yard\u0131m\u0131yla yerle\u015ftirilir. Daha sonra filenin \u00fczerine ikinci kat astar s\u0131va s\u00fcr\u00fclerek donat\u0131 katman\u0131 tamamlanm\u0131\u015f olur.<\/p>\n<p>Donat\u0131 katman\u0131 tamamen kuruduktan sonra, nefes alan ve solvent i\u00e7ermeyen, istenilen dokudaki dekoratif kaplama malzemesinin mala veya rulo ile donat\u0131 katman\u0131na uygulanmas\u0131yla i\u015flem tamamlan\u0131r. Uygulanacak d\u0131\u015f kaplama kal\u0131nl\u0131\u011f\u0131 ve miktar\u0131, s\u0131va t\u00fcr\u00fcne g\u00f6re de\u011fi\u015fmektedir. \u00c7e\u015fitli y\u00fczey \u015fekilleri, son kat s\u0131va \u00fczerinde \u00e7e\u015fitli perdahlama metodlar\u0131 ile olu\u015fturulabilir. Bu uygulama, hem duvar y\u00fczeylerini yal\u0131tarak \u0131s\u0131 k\u00f6pr\u00fclerinin ortadan kald\u0131r\u0131lmas\u0131, hem de binalar\u0131n atmosferik \u015fartlara kar\u015f\u0131 korunarak s\u0131cakl\u0131k farkl\u0131l\u0131klar\u0131ndan olu\u015fan genle\u015fme ve b\u00fcz\u00fclme gibi yap\u0131 bile\u015fenlerinde meydana gelen fiziksel de\u011fi\u015fimlerin \u00f6nlenmesi bak\u0131m\u0131ndan do\u011fru bir \u00e7\u00f6z\u00fcmd\u00fcr.<\/p>\n<p>&nbsp;<\/p>\n<h3>Y\u00fckleme, Tahliye, Nakliye ve Depolama ile ilgili hat\u0131rlatmalar;<\/h3>\n<p>\u0130ki ki\u015fi taraf\u0131ndan y\u00fcklenmeli ve bo\u015falt\u0131lmal\u0131.<\/p>\n<p>Ya\u011f\u0131\u015fl\u0131 havada kapal\u0131 alanda yap\u0131lmal\u0131.<\/p>\n<p>Yak\u0131n mesafelere sevk edilirken bile mutlaka branda \u00f6rt\u00fclmeli.<\/p>\n<p>Paletler \u00fcst \u00fcste istifleme yap\u0131lmamal\u0131.<\/p>\n<p>Dikine konulmamal\u0131.<\/p>\n<p>Mal\u0131n \u00fcst\u00fcne bas\u0131lmamal\u0131, basamak yap\u0131lmamal\u0131.<\/p>\n<p>Ambalaj\u0131ndan \u00e7ekilerek tutulmamal\u0131.<\/p>\n<p>10\u2019arl\u0131 torba paketlerle \u00fcst \u00fcste en \u00e7ok 6 s\u0131ra gelmeli.<\/p>\n<p>Halat \u00e7ekmeden \u00f6nce, kenarlara halat\u0131n alt\u0131na gelecek \u015fekilde boyutlar\u0131 en az 50&#215;20 cm olan sert karton konulmal\u0131.<\/p>\n<p>Depolama alan\u0131 ya\u011fmur, su bask\u0131n\u0131 vb. durumlar\u0131nda \u0131slanmayacak \u015fekilde olmal\u0131, kapal\u0131 alan tercih edilmeli.<\/p>\n<p>Levha torbalar\u0131, \u00f6zellikle k\u00f6\u015feleri yere \u00f6nce \u00e7arpacak \u015fekilde at\u0131lmamal\u0131, t\u00fcm \u00fcr\u00fcnler yere yava\u015f\u00e7a b\u0131rak\u0131lmal\u0131.<\/p>\n<p>&nbsp;<\/p>\n<p>Bu \u00fcr\u00fcn\u00fc <a href=\"https:\/\/www.izoyapimarket.com\/urun\/izocam-manto-tasyunu-150-kg-m3-5-cm\">izoyapimarket<\/a> sitesinden online sat\u0131n alabilirsiniz<\/p>\n","protected":false},"excerpt":{"rendered":"<p><strong>\u0130zocam Manto Ta\u015fy\u00fcn\u00fc<\/strong><\/p>\n<p>\u0130zocam Manto Ta\u015fy\u00fcn\u00fc, TS EN 13500\u2019e uygun, \u00f6zel olarak \u00fcretilen kaplamas\u0131z manto ta\u015fy\u00fcn\u00fc levha olup s\u0131val\u0131 d\u0131\u015f cephe yal\u0131t\u0131m sistemlerinde \u0131s\u0131, ses yal\u0131t\u0131m\u0131 ve yang\u0131n g\u00fcvenli\u011fi amac\u0131yla kullan\u0131l\u0131r.<\/p>\n<p style=\"text-align: center;\"><a href=\"https:\/\/www.izoyapimarket.com\/urun\/izocam-manto-tasyunu-150-kg-m3-5-cm\"><strong>izoyapimarket.com sitesinden sat\u0131n al<\/strong><\/a><\/p>\n","protected":false},"featured_media":1611,"template":"","meta":{"site-sidebar-layout":"default","site-content-layout":"","ast-site-content-layout":"","site-content-style":"default","site-sidebar-style":"default","ast-global-header-display":"","ast-banner-title-visibility":"","ast-main-header-display":"","ast-hfb-above-header-display":"","ast-hfb-below-header-display":"","ast-hfb-mobile-header-display":"","site-post-title":"","ast-breadcrumbs-content":"","ast-featured-img":"","footer-sml-layout":"","theme-transparent-header-meta":"","adv-header-id-meta":"","stick-header-meta":"","header-above-stick-meta":"","header-main-stick-meta":"","header-below-stick-meta":"","astra-migrate-meta-layouts":"default","ast-page-background-enabled":"default","ast-page-background-meta":{"desktop":{"background-color":"","background-image":"","background-repeat":"repeat","background-position":"center center","background-size":"auto","background-attachment":"scroll","background-type":"","background-media":"","overlay-type":"","overlay-color":"","overlay-opacity":"","overlay-gradient":""},"tablet":{"background-color":"","background-image":"","background-repeat":"repeat","background-position":"center center","background-size":"auto","background-attachment":"scroll","background-type":"","background-media":"","overlay-type":"","overlay-color":"","overlay-opacity":"","overlay-gradient":""},"mobile":{"background-color":"","background-image":"","background-repeat":"repeat","background-position":"center center","background-size":"auto","background-attachment":"scroll","background-type":"","background-media":"","overlay-type":"","overlay-color":"","overlay-opacity":"","overlay-gradient":""}},"ast-content-background-meta":{"desktop":{"background-color":"var(--ast-global-color-5)","background-image":"","background-repeat":"repeat","background-position":"center center","background-size":"auto","background-attachment":"scroll","background-type":"","background-media":"","overlay-type":"","overlay-color":"","overlay-opacity":"","overlay-gradient":""},"tablet":{"background-color":"var(--ast-global-color-5)","background-image":"","background-repeat":"repeat","background-position":"center center","background-size":"auto","background-attachment":"scroll","background-type":"","background-media":"","overlay-type":"","overlay-color":"","overlay-opacity":"","overlay-gradient":""},"mobile":{"background-color":"var(--ast-global-color-5)","background-image":"","background-repeat":"repeat","background-position":"center center","background-size":"auto","background-attachment":"scroll","background-type":"","background-media":"","overlay-type":"","overlay-color":"","overlay-opacity":"","overlay-gradient":""}}},"product_brand":[],"product_cat":[19,140,132,146,18],"product_tag":[],"class_list":{"0":"post-1606","1":"product","2":"type-product","3":"status-publish","4":"has-post-thumbnail","6":"product_cat-isi-yalitimi","7":"product_cat-mantolama","8":"product_cat-ses-yalitimi","9":"product_cat-tasyunu","10":"product_cat-yapi-malzemeleri","11":"yith_product_brand-izocam","12":"desktop-align-left","13":"tablet-align-left","14":"mobile-align-left","15":"ast-product-gallery-layout-horizontal-slider","16":"ast-product-tabs-layout-horizontal","18":"first","19":"onbackorder","20":"shipping-taxable","21":"product-type-simple"},"yoast_head":"<!-- This site is optimized with the Yoast SEO Premium plugin v26.0 (Yoast SEO v26.0) - https:\/\/yoast.com\/wordpress\/plugins\/seo\/ -->\n<title>\u0130zocam Manto Ta\u015fy\u00fcn\u00fc<\/title>\n<meta name=\"description\" content=\"\u0130zocam Manto Ta\u015fy\u00fcn\u00fc kullan\u0131m\u0131 d\u0131\u015ftan yal\u0131t\u0131m uygulamalar\u0131nda, \u0131s\u0131 yal\u0131t\u0131m\u0131n\u0131n yan\u0131nda ses yal\u0131t\u0131m\u0131 ve yang\u0131n g\u00fcvenli\u011fi de sa\u011flamaktad\u0131r.\" \/>\n<meta name=\"robots\" content=\"noindex, follow, max-snippet:-1, max-image-preview:large, max-video-preview:-1\" \/>\n<meta property=\"og:locale\" content=\"en_US\" \/>\n<meta property=\"og:type\" content=\"article\" \/>\n<meta property=\"og:title\" content=\"\u0130zocam Manto Ta\u015fy\u00fcn\u00fc\" \/>\n<meta property=\"og:description\" content=\"\u0130zocam Manto Ta\u015fy\u00fcn\u00fc kullan\u0131m\u0131 d\u0131\u015ftan yal\u0131t\u0131m uygulamalar\u0131nda, \u0131s\u0131 yal\u0131t\u0131m\u0131n\u0131n yan\u0131nda ses yal\u0131t\u0131m\u0131 ve yang\u0131n g\u00fcvenli\u011fi de sa\u011flamaktad\u0131r.\" \/>\n<meta property=\"og:url\" content=\"https:\/\/izo.com.tr\/en\/urun\/izocam-manto-tasyunu\/\" \/>\n<meta property=\"og:site_name\" content=\"izo YALITIM\" \/>\n<meta property=\"article:publisher\" content=\"http:\/\/facebook.com\/izoyalitimofficial\" \/>\n<meta property=\"article:modified_time\" content=\"2022-04-15T12:47:28+00:00\" \/>\n<meta property=\"og:image\" content=\"https:\/\/izo.com.tr\/wp-content\/uploads\/2022\/03\/manto-tasyunu-002-e1646750415986.png\" \/>\n\t<meta property=\"og:image:width\" content=\"557\" \/>\n\t<meta property=\"og:image:height\" content=\"405\" \/>\n\t<meta property=\"og:image:type\" content=\"image\/png\" \/>\n<meta name=\"twitter:card\" content=\"summary_large_image\" \/>\n<meta name=\"twitter:site\" content=\"@izoyalitim\" \/>\n<meta name=\"twitter:label1\" content=\"Price\" \/>\n\t<meta name=\"twitter:data1\" content=\"\" \/>\n\t<meta name=\"twitter:label2\" content=\"Availability\" \/>\n\t<meta name=\"twitter:data2\" content=\"On backorder\" \/>\n<script type=\"application\/ld+json\" class=\"yoast-schema-graph\">{\"@context\":\"https:\/\/schema.org\",\"@graph\":[{\"@type\":[\"WebPage\",\"ItemPage\"],\"@id\":\"https:\/\/izo.com.tr\/en\/urun\/izocam-manto-tasyunu\/\",\"url\":\"https:\/\/izo.com.tr\/en\/urun\/izocam-manto-tasyunu\/\",\"name\":\"\u0130zocam Manto Ta\u015fy\u00fcn\u00fc\",\"isPartOf\":{\"@id\":\"https:\/\/izo.com.tr\/en\/#website\"},\"primaryImageOfPage\":{\"@id\":\"https:\/\/izo.com.tr\/en\/urun\/izocam-manto-tasyunu\/#primaryimage\"},\"image\":{\"@id\":\"https:\/\/izo.com.tr\/en\/urun\/izocam-manto-tasyunu\/#primaryimage\"},\"thumbnailUrl\":\"https:\/\/izo.com.tr\/wp-content\/uploads\/2022\/03\/manto-tasyunu-002-e1646750415986.png\",\"datePublished\":\"2022-03-07T20:11:16+00:00\",\"dateModified\":\"2022-04-15T12:47:28+00:00\",\"description\":\"\u0130zocam Manto Ta\u015fy\u00fcn\u00fc kullan\u0131m\u0131 d\u0131\u015ftan yal\u0131t\u0131m uygulamalar\u0131nda, \u0131s\u0131 yal\u0131t\u0131m\u0131n\u0131n yan\u0131nda ses yal\u0131t\u0131m\u0131 ve yang\u0131n g\u00fcvenli\u011fi de sa\u011flamaktad\u0131r.\",\"breadcrumb\":{\"@id\":\"https:\/\/izo.com.tr\/en\/urun\/izocam-manto-tasyunu\/#breadcrumb\"},\"inLanguage\":\"en-US\",\"potentialAction\":[{\"@type\":\"ReadAction\",\"target\":[\"https:\/\/izo.com.tr\/en\/urun\/izocam-manto-tasyunu\/\"]}]},{\"@type\":\"ImageObject\",\"inLanguage\":\"en-US\",\"@id\":\"https:\/\/izo.com.tr\/en\/urun\/izocam-manto-tasyunu\/#primaryimage\",\"url\":\"https:\/\/izo.com.tr\/wp-content\/uploads\/2022\/03\/manto-tasyunu-002-e1646750415986.png\",\"contentUrl\":\"https:\/\/izo.com.tr\/wp-content\/uploads\/2022\/03\/manto-tasyunu-002-e1646750415986.png\",\"width\":557,\"height\":405,\"caption\":\"\u0130zocam Manto Ta\u015fy\u00fcn\u00fc\"},{\"@type\":\"BreadcrumbList\",\"@id\":\"https:\/\/izo.com.tr\/en\/urun\/izocam-manto-tasyunu\/#breadcrumb\",\"itemListElement\":[{\"@type\":\"ListItem\",\"position\":1,\"name\":\"Anasayfa\",\"item\":\"https:\/\/izo.com.tr\/en\/?page_id=4112\"},{\"@type\":\"ListItem\",\"position\":2,\"name\":\"Ma\u011faza\",\"item\":\"https:\/\/izo.com.tr\/magaza\/\"},{\"@type\":\"ListItem\",\"position\":3,\"name\":\"\u0130zocam Manto Ta\u015fy\u00fcn\u00fc\"}]},{\"@type\":\"WebSite\",\"@id\":\"https:\/\/izo.com.tr\/en\/#website\",\"url\":\"https:\/\/izo.com.tr\/en\/\",\"name\":\"izo YALITIM\",\"description\":\"Yenilik\u00e7i \u00c7\u00f6z\u00fcmler Sunar\",\"publisher\":{\"@id\":\"https:\/\/izo.com.tr\/en\/#organization\"},\"potentialAction\":[{\"@type\":\"SearchAction\",\"target\":{\"@type\":\"EntryPoint\",\"urlTemplate\":\"https:\/\/izo.com.tr\/en\/?s={search_term_string}\"},\"query-input\":{\"@type\":\"PropertyValueSpecification\",\"valueRequired\":true,\"valueName\":\"search_term_string\"}}],\"inLanguage\":\"en-US\"},{\"@type\":[\"Organization\",\"Place\",\"Corporation\"],\"@id\":\"https:\/\/izo.com.tr\/en\/#organization\",\"name\":\"\u0130ZO YALITIM \u0130N\u015e. TAAH. SAN. VE T\u0130C. LTD. \u015eT\u0130.\",\"url\":\"https:\/\/izo.com.tr\/en\/\",\"logo\":{\"@id\":\"https:\/\/izo.com.tr\/en\/urun\/izocam-manto-tasyunu\/#local-main-organization-logo\"},\"image\":{\"@id\":\"https:\/\/izo.com.tr\/en\/urun\/izocam-manto-tasyunu\/#local-main-organization-logo\"},\"sameAs\":[\"http:\/\/facebook.com\/izoyalitimofficial\",\"https:\/\/x.com\/izoyalitim\"],\"address\":{\"@id\":\"https:\/\/izo.com.tr\/en\/urun\/izocam-manto-tasyunu\/#local-main-place-address\"},\"telephone\":[\"+90 216 612 8666\",\"+90 216 612 8667\"],\"openingHoursSpecification\":[{\"@type\":\"OpeningHoursSpecification\",\"dayOfWeek\":[\"Monday\",\"Tuesday\",\"Wednesday\",\"Thursday\",\"Friday\",\"Saturday\"],\"opens\":\"09:00\",\"closes\":\"19:00\"},{\"@type\":\"OpeningHoursSpecification\",\"dayOfWeek\":[\"Sunday\"],\"opens\":\"00:00\",\"closes\":\"00:00\"}],\"email\":\"izo@izo.com.tr\",\"faxNumber\":\"+90 216 612 8665\",\"taxID\":\"4840550543\"},{\"@type\":\"PostalAddress\",\"@id\":\"https:\/\/izo.com.tr\/en\/urun\/izocam-manto-tasyunu\/#local-main-place-address\",\"streetAddress\":\"Cemil Meri\u00e7 Mah. \u00c7ay\u0131r\u00f6n\u00fc Cad. No:5\/A, \u00dcmraniye\",\"addressLocality\":\"\u0130STANBUL\",\"postalCode\":\"34771\",\"addressRegion\":\"-\",\"addressCountry\":\"TR\"},{\"@type\":\"ImageObject\",\"inLanguage\":\"en-US\",\"@id\":\"https:\/\/izo.com.tr\/en\/urun\/izocam-manto-tasyunu\/#local-main-organization-logo\",\"url\":\"https:\/\/izo.com.tr\/wp-content\/uploads\/2021\/11\/izo-YALITIM-180105-1_w300px.png\",\"contentUrl\":\"https:\/\/izo.com.tr\/wp-content\/uploads\/2021\/11\/izo-YALITIM-180105-1_w300px.png\",\"width\":280,\"height\":60,\"caption\":\"\u0130ZO YALITIM \u0130N\u015e. TAAH. SAN. VE T\u0130C. LTD. \u015eT\u0130.\"}]}<\/script>\n<meta property=\"product:brand\" content=\"\u0130zocam\" \/>\n<meta property=\"product:price:amount\" content=\"0.00\" \/>\n<meta property=\"product:price:currency\" content=\"TRY\" \/>\n<meta property=\"og:availability\" content=\"backorder\" \/>\n<meta property=\"product:availability\" content=\"available for order\" \/>\n<meta property=\"product:condition\" content=\"new\" \/>\n<meta name=\"geo.placename\" content=\"\u0130STANBUL\" \/>\n<meta name=\"geo.region\" content=\"Turkey\" \/>\n<!-- \/ Yoast SEO Premium plugin. -->","yoast_head_json":{"title":"\u0130zocam Manto Ta\u015fy\u00fcn\u00fc","description":"\u0130zocam Manto Ta\u015fy\u00fcn\u00fc kullan\u0131m\u0131 d\u0131\u015ftan yal\u0131t\u0131m uygulamalar\u0131nda, \u0131s\u0131 yal\u0131t\u0131m\u0131n\u0131n yan\u0131nda ses yal\u0131t\u0131m\u0131 ve yang\u0131n g\u00fcvenli\u011fi de sa\u011flamaktad\u0131r.","robots":{"index":"noindex","follow":"follow","max-snippet":"max-snippet:-1","max-image-preview":"max-image-preview:large","max-video-preview":"max-video-preview:-1"},"og_locale":"en_US","og_type":"article","og_title":"\u0130zocam Manto Ta\u015fy\u00fcn\u00fc","og_description":"\u0130zocam Manto Ta\u015fy\u00fcn\u00fc kullan\u0131m\u0131 d\u0131\u015ftan yal\u0131t\u0131m uygulamalar\u0131nda, \u0131s\u0131 yal\u0131t\u0131m\u0131n\u0131n yan\u0131nda ses yal\u0131t\u0131m\u0131 ve yang\u0131n g\u00fcvenli\u011fi de sa\u011flamaktad\u0131r.","og_url":"https:\/\/izo.com.tr\/en\/urun\/izocam-manto-tasyunu\/","og_site_name":"izo YALITIM","article_publisher":"http:\/\/facebook.com\/izoyalitimofficial","article_modified_time":"2022-04-15T12:47:28+00:00","og_image":[{"width":557,"height":405,"url":"https:\/\/izo.com.tr\/wp-content\/uploads\/2022\/03\/manto-tasyunu-002-e1646750415986.png","type":"image\/png"}],"twitter_card":"summary_large_image","twitter_site":"@izoyalitim","twitter_misc":{"Price":"","Availability":"On backorder"},"schema":{"@context":"https:\/\/schema.org","@graph":[{"@type":["WebPage","ItemPage"],"@id":"https:\/\/izo.com.tr\/en\/urun\/izocam-manto-tasyunu\/","url":"https:\/\/izo.com.tr\/en\/urun\/izocam-manto-tasyunu\/","name":"\u0130zocam Manto Ta\u015fy\u00fcn\u00fc","isPartOf":{"@id":"https:\/\/izo.com.tr\/en\/#website"},"primaryImageOfPage":{"@id":"https:\/\/izo.com.tr\/en\/urun\/izocam-manto-tasyunu\/#primaryimage"},"image":{"@id":"https:\/\/izo.com.tr\/en\/urun\/izocam-manto-tasyunu\/#primaryimage"},"thumbnailUrl":"https:\/\/izo.com.tr\/wp-content\/uploads\/2022\/03\/manto-tasyunu-002-e1646750415986.png","datePublished":"2022-03-07T20:11:16+00:00","dateModified":"2022-04-15T12:47:28+00:00","description":"\u0130zocam Manto Ta\u015fy\u00fcn\u00fc kullan\u0131m\u0131 d\u0131\u015ftan yal\u0131t\u0131m uygulamalar\u0131nda, \u0131s\u0131 yal\u0131t\u0131m\u0131n\u0131n yan\u0131nda ses yal\u0131t\u0131m\u0131 ve yang\u0131n g\u00fcvenli\u011fi de sa\u011flamaktad\u0131r.","breadcrumb":{"@id":"https:\/\/izo.com.tr\/en\/urun\/izocam-manto-tasyunu\/#breadcrumb"},"inLanguage":"en-US","potentialAction":[{"@type":"ReadAction","target":["https:\/\/izo.com.tr\/en\/urun\/izocam-manto-tasyunu\/"]}]},{"@type":"ImageObject","inLanguage":"en-US","@id":"https:\/\/izo.com.tr\/en\/urun\/izocam-manto-tasyunu\/#primaryimage","url":"https:\/\/izo.com.tr\/wp-content\/uploads\/2022\/03\/manto-tasyunu-002-e1646750415986.png","contentUrl":"https:\/\/izo.com.tr\/wp-content\/uploads\/2022\/03\/manto-tasyunu-002-e1646750415986.png","width":557,"height":405,"caption":"\u0130zocam Manto Ta\u015fy\u00fcn\u00fc"},{"@type":"BreadcrumbList","@id":"https:\/\/izo.com.tr\/en\/urun\/izocam-manto-tasyunu\/#breadcrumb","itemListElement":[{"@type":"ListItem","position":1,"name":"Anasayfa","item":"https:\/\/izo.com.tr\/en\/?page_id=4112"},{"@type":"ListItem","position":2,"name":"Ma\u011faza","item":"https:\/\/izo.com.tr\/magaza\/"},{"@type":"ListItem","position":3,"name":"\u0130zocam Manto Ta\u015fy\u00fcn\u00fc"}]},{"@type":"WebSite","@id":"https:\/\/izo.com.tr\/en\/#website","url":"https:\/\/izo.com.tr\/en\/","name":"izo YALITIM","description":"Yenilik\u00e7i \u00c7\u00f6z\u00fcmler Sunar","publisher":{"@id":"https:\/\/izo.com.tr\/en\/#organization"},"potentialAction":[{"@type":"SearchAction","target":{"@type":"EntryPoint","urlTemplate":"https:\/\/izo.com.tr\/en\/?s={search_term_string}"},"query-input":{"@type":"PropertyValueSpecification","valueRequired":true,"valueName":"search_term_string"}}],"inLanguage":"en-US"},{"@type":["Organization","Place","Corporation"],"@id":"https:\/\/izo.com.tr\/en\/#organization","name":"\u0130ZO YALITIM \u0130N\u015e. TAAH. SAN. VE T\u0130C. LTD. \u015eT\u0130.","url":"https:\/\/izo.com.tr\/en\/","logo":{"@id":"https:\/\/izo.com.tr\/en\/urun\/izocam-manto-tasyunu\/#local-main-organization-logo"},"image":{"@id":"https:\/\/izo.com.tr\/en\/urun\/izocam-manto-tasyunu\/#local-main-organization-logo"},"sameAs":["http:\/\/facebook.com\/izoyalitimofficial","https:\/\/x.com\/izoyalitim"],"address":{"@id":"https:\/\/izo.com.tr\/en\/urun\/izocam-manto-tasyunu\/#local-main-place-address"},"telephone":["+90 216 612 8666","+90 216 612 8667"],"openingHoursSpecification":[{"@type":"OpeningHoursSpecification","dayOfWeek":["Monday","Tuesday","Wednesday","Thursday","Friday","Saturday"],"opens":"09:00","closes":"19:00"},{"@type":"OpeningHoursSpecification","dayOfWeek":["Sunday"],"opens":"00:00","closes":"00:00"}],"email":"izo@izo.com.tr","faxNumber":"+90 216 612 8665","taxID":"4840550543"},{"@type":"PostalAddress","@id":"https:\/\/izo.com.tr\/en\/urun\/izocam-manto-tasyunu\/#local-main-place-address","streetAddress":"Cemil Meri\u00e7 Mah. \u00c7ay\u0131r\u00f6n\u00fc Cad. No:5\/A, \u00dcmraniye","addressLocality":"\u0130STANBUL","postalCode":"34771","addressRegion":"-","addressCountry":"TR"},{"@type":"ImageObject","inLanguage":"en-US","@id":"https:\/\/izo.com.tr\/en\/urun\/izocam-manto-tasyunu\/#local-main-organization-logo","url":"https:\/\/izo.com.tr\/wp-content\/uploads\/2021\/11\/izo-YALITIM-180105-1_w300px.png","contentUrl":"https:\/\/izo.com.tr\/wp-content\/uploads\/2021\/11\/izo-YALITIM-180105-1_w300px.png","width":280,"height":60,"caption":"\u0130ZO YALITIM \u0130N\u015e. TAAH. SAN. VE T\u0130C. LTD. \u015eT\u0130."}]},"product_brand":"\u0130zocam","product_price_amount":"0.00","product_price_currency":"TRY","og_availability":"backorder","product_availability":"available for order","product_condition":"new","geo.placename":"\u0130STANBUL","geo.region":"Turkey"},"_links":{"self":[{"href":"https:\/\/izo.com.tr\/en\/wp-json\/wp\/v2\/product\/1606","targetHints":{"allow":["GET"]}}],"collection":[{"href":"https:\/\/izo.com.tr\/en\/wp-json\/wp\/v2\/product"}],"about":[{"href":"https:\/\/izo.com.tr\/en\/wp-json\/wp\/v2\/types\/product"}],"version-history":[{"count":1,"href":"https:\/\/izo.com.tr\/en\/wp-json\/wp\/v2\/product\/1606\/revisions"}],"predecessor-version":[{"id":1609,"href":"https:\/\/izo.com.tr\/en\/wp-json\/wp\/v2\/product\/1606\/revisions\/1609"}],"wp:featuredmedia":[{"embeddable":true,"href":"https:\/\/izo.com.tr\/en\/wp-json\/wp\/v2\/media\/1611"}],"wp:attachment":[{"href":"https:\/\/izo.com.tr\/en\/wp-json\/wp\/v2\/media?parent=1606"}],"wp:term":[{"taxonomy":"product_brand","embeddable":true,"href":"https:\/\/izo.com.tr\/en\/wp-json\/wp\/v2\/product_brand?post=1606"},{"taxonomy":"product_cat","embeddable":true,"href":"https:\/\/izo.com.tr\/en\/wp-json\/wp\/v2\/product_cat?post=1606"},{"taxonomy":"product_tag","embeddable":true,"href":"https:\/\/izo.com.tr\/en\/wp-json\/wp\/v2\/product_tag?post=1606"}],"curies":[{"name":"wp","href":"https:\/\/api.w.org\/{rel}","templated":true}]}}