{"id":1673,"date":"2022-03-12T12:27:10","date_gmt":"2022-03-12T12:27:10","guid":{"rendered":"https:\/\/izo.com.tr\/?post_type=product&#038;p=1673"},"modified":"2022-03-12T13:48:26","modified_gmt":"2022-03-12T13:48:26","slug":"izocam-dokme-tasyunu","status":"publish","type":"product","link":"https:\/\/izo.com.tr\/en\/urun\/izocam-dokme-tasyunu\/","title":{"rendered":"\u0130zocam D\u00f6kme Ta\u015fy\u00fcn\u00fc"},"content":{"rendered":"<h3>\u0130zocam D\u00f6kme Ta\u015fy\u00fcn\u00fc<\/h3>\n<h3>Uygulama Alanlar\u0131<\/h3>\n<p>Ta\u015fy\u00fcn\u00fc Sanayi \u015filte ve levhalar\u0131n\u0131n kullan\u0131lamayaca\u011f\u0131 y\u00fczeyi d\u00fczg\u00fcn olmayan b\u00f6lgelere t\u0131kma usul\u00fcyle doldurulur<br \/>\nDi\u011fer yal\u0131t\u0131m malzemeleriyle doldurulamayan bo\u015fluklardan kaynaklanabilecek \u0131s\u0131 kay\u0131plar\u0131n\u0131 \u00f6nler. Ayr\u0131ca yap\u0131 elemanlar\u0131ndan elektrik kablosu ve tesisat ge\u00e7i\u015flerinde yang\u0131n yal\u0131t\u0131m\u0131 amac\u0131yla da kullan\u0131l\u0131r.<br \/>\nYal\u0131t\u0131m yap\u0131lacak y\u00fczeyin tamamen doldurulmas\u0131 ve malzemenin s\u0131k\u0131\u015ft\u0131r\u0131lm\u0131\u015f yo\u011funlu\u011funun yakla\u015f\u0131k olarak 80 kg\/m3 olmas\u0131 gerekmektedir<br \/>\nTa\u015fy\u00fcn\u00fc Sanayi \u015filte ve levhalar\u0131n\u0131n kullan\u0131lamayaca\u011f\u0131 y\u00fczeyi d\u00fczg\u00fcn olmayan b\u00f6lgelere t\u0131kma usul\u00fcyle doldurulur<br \/>\n20 kg\u2019l\u0131k po\u015fetlerde sat\u0131\u015fa sunulmaktad\u0131r.<\/p>\n","protected":false},"excerpt":{"rendered":"<p><strong>\u0130zocam D\u00f6kme Ta\u015fy\u00fcn\u00fc<\/strong><\/p>\n<p>\u0130zocam D\u00f6kme Ta\u015fy\u00fcn\u00fc, ba\u011flay\u0131c\u0131s\u0131z ta\u015fy\u00fcn\u00fc elyaf olup d\u00fczg\u00fcn olmayan y\u00fcksek s\u0131cakl\u0131ktaki y\u00fczeylerde, cift cidarl\u0131 kaplarda, laboratuvar cihazlar\u0131 ve elektrikli ev aletlerinde \u0131s\u0131 ve ses yal\u0131t\u0131m\u0131 amac\u0131yla kullan\u0131l\u0131r.<\/p>\n","protected":false},"featured_media":1678,"template":"","meta":{"site-sidebar-layout":"default","site-content-layout":"","ast-site-content-layout":"","site-content-style":"default","site-sidebar-style":"default","ast-global-header-display":"","ast-banner-title-visibility":"","ast-main-header-display":"","ast-hfb-above-header-display":"","ast-hfb-below-header-display":"","ast-hfb-mobile-header-display":"","site-post-title":"","ast-breadcrumbs-content":"","ast-featured-img":"","footer-sml-layout":"","theme-transparent-header-meta":"","adv-header-id-meta":"","stick-header-meta":"","header-above-stick-meta":"","header-main-stick-meta":"","header-below-stick-meta":"","astra-migrate-meta-layouts":"default","ast-page-background-enabled":"default","ast-page-background-meta":{"desktop":{"background-color":"","background-image":"","background-repeat":"repeat","background-position":"center center","background-size":"auto","background-attachment":"scroll","background-type":"","background-media":"","overlay-type":"","overlay-color":"","overlay-opacity":"","overlay-gradient":""},"tablet":{"background-color":"","background-image":"","background-repeat":"repeat","background-position":"center center","background-size":"auto","background-attachment":"scroll","background-type":"","background-media":"","overlay-type":"","overlay-color":"","overlay-opacity":"","overlay-gradient":""},"mobile":{"background-color":"","background-image":"","background-repeat":"repeat","background-position":"center center","background-size":"auto","background-attachment":"scroll","background-type":"","background-media":"","overlay-type":"","overlay-color":"","overlay-opacity":"","overlay-gradient":""}},"ast-content-background-meta":{"desktop":{"background-color":"var(--ast-global-color-5)","background-image":"","background-repeat":"repeat","background-position":"center center","background-size":"auto","background-attachment":"scroll","background-type":"","background-media":"","overlay-type":"","overlay-color":"","overlay-opacity":"","overlay-gradient":""},"tablet":{"background-color":"var(--ast-global-color-5)","background-image":"","background-repeat":"repeat","background-position":"center center","background-size":"auto","background-attachment":"scroll","background-type":"","background-media":"","overlay-type":"","overlay-color":"","overlay-opacity":"","overlay-gradient":""},"mobile":{"background-color":"var(--ast-global-color-5)","background-image":"","background-repeat":"repeat","background-position":"center center","background-size":"auto","background-attachment":"scroll","background-type":"","background-media":"","overlay-type":"","overlay-color":"","overlay-opacity":"","overlay-gradient":""}}},"product_brand":[],"product_cat":[139,19,134,146,18],"product_tag":[],"class_list":{"0":"post-1673","1":"product","2":"type-product","3":"status-publish","4":"has-post-thumbnail","6":"product_cat-endustriyel-yalitim","7":"product_cat-isi-yalitimi","8":"product_cat-mekanik-tesisat","9":"product_cat-tasyunu","10":"product_cat-yapi-malzemeleri","11":"yith_product_brand-izocam","12":"desktop-align-left","13":"tablet-align-left","14":"mobile-align-left","15":"ast-product-gallery-layout-horizontal-slider","16":"ast-product-tabs-layout-horizontal","18":"first","19":"onbackorder","20":"shipping-taxable","21":"product-type-simple"},"yoast_head":"<!-- This site is optimized with the Yoast SEO Premium plugin v26.0 (Yoast SEO v26.0) - https:\/\/yoast.com\/wordpress\/plugins\/seo\/ -->\n<title>\u0130zocam D\u00f6kme Ta\u015fy\u00fcn\u00fc<\/title>\n<meta name=\"description\" content=\"\u0130zocam Manto Ta\u015fy\u00fcn\u00fc kullan\u0131m\u0131 d\u0131\u015ftan yal\u0131t\u0131m uygulamalar\u0131nda, \u0131s\u0131 yal\u0131t\u0131m\u0131n\u0131n yan\u0131nda ses yal\u0131t\u0131m\u0131 ve yang\u0131n g\u00fcvenli\u011fi de sa\u011flamaktad\u0131r.\" \/>\n<meta name=\"robots\" content=\"noindex, follow, max-snippet:-1, max-image-preview:large, max-video-preview:-1\" \/>\n<meta property=\"og:locale\" content=\"en_US\" \/>\n<meta property=\"og:type\" content=\"article\" \/>\n<meta property=\"og:title\" content=\"\u0130zocam D\u00f6kme Ta\u015fy\u00fcn\u00fc\" \/>\n<meta property=\"og:description\" content=\"\u0130zocam Manto Ta\u015fy\u00fcn\u00fc kullan\u0131m\u0131 d\u0131\u015ftan yal\u0131t\u0131m uygulamalar\u0131nda, \u0131s\u0131 yal\u0131t\u0131m\u0131n\u0131n yan\u0131nda ses yal\u0131t\u0131m\u0131 ve yang\u0131n g\u00fcvenli\u011fi de sa\u011flamaktad\u0131r.\" \/>\n<meta property=\"og:url\" content=\"https:\/\/izo.com.tr\/en\/urun\/izocam-dokme-tasyunu\/\" \/>\n<meta property=\"og:site_name\" content=\"izo YALITIM\" \/>\n<meta property=\"article:publisher\" content=\"http:\/\/facebook.com\/izoyalitimofficial\" \/>\n<meta property=\"article:modified_time\" content=\"2022-03-12T13:48:26+00:00\" \/>\n<meta property=\"og:image\" content=\"https:\/\/izo.com.tr\/wp-content\/uploads\/2022\/03\/dokme-tasyunu-001.png\" \/>\n\t<meta property=\"og:image:width\" content=\"690\" \/>\n\t<meta property=\"og:image:height\" content=\"405\" \/>\n\t<meta property=\"og:image:type\" content=\"image\/png\" \/>\n<meta name=\"twitter:card\" content=\"summary_large_image\" \/>\n<meta name=\"twitter:site\" content=\"@izoyalitim\" \/>\n<meta name=\"twitter:label1\" content=\"Price\" \/>\n\t<meta name=\"twitter:data1\" content=\"\" \/>\n\t<meta name=\"twitter:label2\" content=\"Availability\" \/>\n\t<meta name=\"twitter:data2\" content=\"On backorder\" \/>\n<script type=\"application\/ld+json\" class=\"yoast-schema-graph\">{\"@context\":\"https:\/\/schema.org\",\"@graph\":[{\"@type\":[\"WebPage\",\"ItemPage\"],\"@id\":\"https:\/\/izo.com.tr\/en\/urun\/izocam-dokme-tasyunu\/\",\"url\":\"https:\/\/izo.com.tr\/en\/urun\/izocam-dokme-tasyunu\/\",\"name\":\"\u0130zocam D\u00f6kme Ta\u015fy\u00fcn\u00fc\",\"isPartOf\":{\"@id\":\"https:\/\/izo.com.tr\/en\/#website\"},\"primaryImageOfPage\":{\"@id\":\"https:\/\/izo.com.tr\/en\/urun\/izocam-dokme-tasyunu\/#primaryimage\"},\"image\":{\"@id\":\"https:\/\/izo.com.tr\/en\/urun\/izocam-dokme-tasyunu\/#primaryimage\"},\"thumbnailUrl\":\"https:\/\/izo.com.tr\/wp-content\/uploads\/2022\/03\/dokme-tasyunu-001.png\",\"datePublished\":\"2022-03-12T12:27:10+00:00\",\"dateModified\":\"2022-03-12T13:48:26+00:00\",\"description\":\"\u0130zocam Manto Ta\u015fy\u00fcn\u00fc kullan\u0131m\u0131 d\u0131\u015ftan yal\u0131t\u0131m uygulamalar\u0131nda, \u0131s\u0131 yal\u0131t\u0131m\u0131n\u0131n yan\u0131nda ses yal\u0131t\u0131m\u0131 ve yang\u0131n g\u00fcvenli\u011fi de sa\u011flamaktad\u0131r.\",\"breadcrumb\":{\"@id\":\"https:\/\/izo.com.tr\/en\/urun\/izocam-dokme-tasyunu\/#breadcrumb\"},\"inLanguage\":\"en-US\",\"potentialAction\":[{\"@type\":\"ReadAction\",\"target\":[\"https:\/\/izo.com.tr\/en\/urun\/izocam-dokme-tasyunu\/\"]}]},{\"@type\":\"ImageObject\",\"inLanguage\":\"en-US\",\"@id\":\"https:\/\/izo.com.tr\/en\/urun\/izocam-dokme-tasyunu\/#primaryimage\",\"url\":\"https:\/\/izo.com.tr\/wp-content\/uploads\/2022\/03\/dokme-tasyunu-001.png\",\"contentUrl\":\"https:\/\/izo.com.tr\/wp-content\/uploads\/2022\/03\/dokme-tasyunu-001.png\",\"width\":690,\"height\":405,\"caption\":\"\u0130zocam D\u00f6kme Ta\u015fy\u00fcn\u00fc\"},{\"@type\":\"BreadcrumbList\",\"@id\":\"https:\/\/izo.com.tr\/en\/urun\/izocam-dokme-tasyunu\/#breadcrumb\",\"itemListElement\":[{\"@type\":\"ListItem\",\"position\":1,\"name\":\"Anasayfa\",\"item\":\"https:\/\/izo.com.tr\/en\/?page_id=4112\"},{\"@type\":\"ListItem\",\"position\":2,\"name\":\"Ma\u011faza\",\"item\":\"https:\/\/izo.com.tr\/magaza\/\"},{\"@type\":\"ListItem\",\"position\":3,\"name\":\"\u0130zocam D\u00f6kme Ta\u015fy\u00fcn\u00fc\"}]},{\"@type\":\"WebSite\",\"@id\":\"https:\/\/izo.com.tr\/en\/#website\",\"url\":\"https:\/\/izo.com.tr\/en\/\",\"name\":\"izo YALITIM\",\"description\":\"Yenilik\u00e7i \u00c7\u00f6z\u00fcmler Sunar\",\"publisher\":{\"@id\":\"https:\/\/izo.com.tr\/en\/#organization\"},\"potentialAction\":[{\"@type\":\"SearchAction\",\"target\":{\"@type\":\"EntryPoint\",\"urlTemplate\":\"https:\/\/izo.com.tr\/en\/?s={search_term_string}\"},\"query-input\":{\"@type\":\"PropertyValueSpecification\",\"valueRequired\":true,\"valueName\":\"search_term_string\"}}],\"inLanguage\":\"en-US\"},{\"@type\":[\"Organization\",\"Place\",\"Corporation\"],\"@id\":\"https:\/\/izo.com.tr\/en\/#organization\",\"name\":\"\u0130ZO YALITIM \u0130N\u015e. TAAH. SAN. VE T\u0130C. LTD. \u015eT\u0130.\",\"url\":\"https:\/\/izo.com.tr\/en\/\",\"logo\":{\"@id\":\"https:\/\/izo.com.tr\/en\/urun\/izocam-dokme-tasyunu\/#local-main-organization-logo\"},\"image\":{\"@id\":\"https:\/\/izo.com.tr\/en\/urun\/izocam-dokme-tasyunu\/#local-main-organization-logo\"},\"sameAs\":[\"http:\/\/facebook.com\/izoyalitimofficial\",\"https:\/\/x.com\/izoyalitim\"],\"address\":{\"@id\":\"https:\/\/izo.com.tr\/en\/urun\/izocam-dokme-tasyunu\/#local-main-place-address\"},\"telephone\":[\"+90 216 612 8666\",\"+90 216 612 8667\"],\"openingHoursSpecification\":[{\"@type\":\"OpeningHoursSpecification\",\"dayOfWeek\":[\"Monday\",\"Tuesday\",\"Wednesday\",\"Thursday\",\"Friday\",\"Saturday\"],\"opens\":\"09:00\",\"closes\":\"19:00\"},{\"@type\":\"OpeningHoursSpecification\",\"dayOfWeek\":[\"Sunday\"],\"opens\":\"00:00\",\"closes\":\"00:00\"}],\"email\":\"izo@izo.com.tr\",\"faxNumber\":\"+90 216 612 8665\",\"taxID\":\"4840550543\"},{\"@type\":\"PostalAddress\",\"@id\":\"https:\/\/izo.com.tr\/en\/urun\/izocam-dokme-tasyunu\/#local-main-place-address\",\"streetAddress\":\"Cemil Meri\u00e7 Mah. \u00c7ay\u0131r\u00f6n\u00fc Cad. No:5\/A, \u00dcmraniye\",\"addressLocality\":\"\u0130STANBUL\",\"postalCode\":\"34771\",\"addressRegion\":\"-\",\"addressCountry\":\"TR\"},{\"@type\":\"ImageObject\",\"inLanguage\":\"en-US\",\"@id\":\"https:\/\/izo.com.tr\/en\/urun\/izocam-dokme-tasyunu\/#local-main-organization-logo\",\"url\":\"https:\/\/izo.com.tr\/wp-content\/uploads\/2021\/11\/izo-YALITIM-180105-1_w300px.png\",\"contentUrl\":\"https:\/\/izo.com.tr\/wp-content\/uploads\/2021\/11\/izo-YALITIM-180105-1_w300px.png\",\"width\":280,\"height\":60,\"caption\":\"\u0130ZO YALITIM \u0130N\u015e. TAAH. SAN. VE T\u0130C. LTD. \u015eT\u0130.\"}]}<\/script>\n<meta property=\"product:brand\" content=\"\u0130zocam\" \/>\n<meta property=\"product:price:amount\" content=\"0.00\" \/>\n<meta property=\"product:price:currency\" content=\"TRY\" \/>\n<meta property=\"og:availability\" content=\"backorder\" \/>\n<meta property=\"product:availability\" content=\"available for order\" \/>\n<meta property=\"product:condition\" content=\"new\" \/>\n<meta name=\"geo.placename\" content=\"\u0130STANBUL\" \/>\n<meta name=\"geo.region\" content=\"Turkey\" \/>\n<!-- \/ Yoast SEO Premium plugin. -->","yoast_head_json":{"title":"\u0130zocam D\u00f6kme Ta\u015fy\u00fcn\u00fc","description":"\u0130zocam Manto Ta\u015fy\u00fcn\u00fc kullan\u0131m\u0131 d\u0131\u015ftan yal\u0131t\u0131m uygulamalar\u0131nda, \u0131s\u0131 yal\u0131t\u0131m\u0131n\u0131n yan\u0131nda ses yal\u0131t\u0131m\u0131 ve yang\u0131n g\u00fcvenli\u011fi de sa\u011flamaktad\u0131r.","robots":{"index":"noindex","follow":"follow","max-snippet":"max-snippet:-1","max-image-preview":"max-image-preview:large","max-video-preview":"max-video-preview:-1"},"og_locale":"en_US","og_type":"article","og_title":"\u0130zocam D\u00f6kme Ta\u015fy\u00fcn\u00fc","og_description":"\u0130zocam Manto Ta\u015fy\u00fcn\u00fc kullan\u0131m\u0131 d\u0131\u015ftan yal\u0131t\u0131m uygulamalar\u0131nda, \u0131s\u0131 yal\u0131t\u0131m\u0131n\u0131n yan\u0131nda ses yal\u0131t\u0131m\u0131 ve yang\u0131n g\u00fcvenli\u011fi de sa\u011flamaktad\u0131r.","og_url":"https:\/\/izo.com.tr\/en\/urun\/izocam-dokme-tasyunu\/","og_site_name":"izo YALITIM","article_publisher":"http:\/\/facebook.com\/izoyalitimofficial","article_modified_time":"2022-03-12T13:48:26+00:00","og_image":[{"width":690,"height":405,"url":"https:\/\/izo.com.tr\/wp-content\/uploads\/2022\/03\/dokme-tasyunu-001.png","type":"image\/png"}],"twitter_card":"summary_large_image","twitter_site":"@izoyalitim","twitter_misc":{"Price":"","Availability":"On backorder"},"schema":{"@context":"https:\/\/schema.org","@graph":[{"@type":["WebPage","ItemPage"],"@id":"https:\/\/izo.com.tr\/en\/urun\/izocam-dokme-tasyunu\/","url":"https:\/\/izo.com.tr\/en\/urun\/izocam-dokme-tasyunu\/","name":"\u0130zocam D\u00f6kme Ta\u015fy\u00fcn\u00fc","isPartOf":{"@id":"https:\/\/izo.com.tr\/en\/#website"},"primaryImageOfPage":{"@id":"https:\/\/izo.com.tr\/en\/urun\/izocam-dokme-tasyunu\/#primaryimage"},"image":{"@id":"https:\/\/izo.com.tr\/en\/urun\/izocam-dokme-tasyunu\/#primaryimage"},"thumbnailUrl":"https:\/\/izo.com.tr\/wp-content\/uploads\/2022\/03\/dokme-tasyunu-001.png","datePublished":"2022-03-12T12:27:10+00:00","dateModified":"2022-03-12T13:48:26+00:00","description":"\u0130zocam Manto Ta\u015fy\u00fcn\u00fc kullan\u0131m\u0131 d\u0131\u015ftan yal\u0131t\u0131m uygulamalar\u0131nda, \u0131s\u0131 yal\u0131t\u0131m\u0131n\u0131n yan\u0131nda ses yal\u0131t\u0131m\u0131 ve yang\u0131n g\u00fcvenli\u011fi de sa\u011flamaktad\u0131r.","breadcrumb":{"@id":"https:\/\/izo.com.tr\/en\/urun\/izocam-dokme-tasyunu\/#breadcrumb"},"inLanguage":"en-US","potentialAction":[{"@type":"ReadAction","target":["https:\/\/izo.com.tr\/en\/urun\/izocam-dokme-tasyunu\/"]}]},{"@type":"ImageObject","inLanguage":"en-US","@id":"https:\/\/izo.com.tr\/en\/urun\/izocam-dokme-tasyunu\/#primaryimage","url":"https:\/\/izo.com.tr\/wp-content\/uploads\/2022\/03\/dokme-tasyunu-001.png","contentUrl":"https:\/\/izo.com.tr\/wp-content\/uploads\/2022\/03\/dokme-tasyunu-001.png","width":690,"height":405,"caption":"\u0130zocam D\u00f6kme Ta\u015fy\u00fcn\u00fc"},{"@type":"BreadcrumbList","@id":"https:\/\/izo.com.tr\/en\/urun\/izocam-dokme-tasyunu\/#breadcrumb","itemListElement":[{"@type":"ListItem","position":1,"name":"Anasayfa","item":"https:\/\/izo.com.tr\/en\/?page_id=4112"},{"@type":"ListItem","position":2,"name":"Ma\u011faza","item":"https:\/\/izo.com.tr\/magaza\/"},{"@type":"ListItem","position":3,"name":"\u0130zocam D\u00f6kme Ta\u015fy\u00fcn\u00fc"}]},{"@type":"WebSite","@id":"https:\/\/izo.com.tr\/en\/#website","url":"https:\/\/izo.com.tr\/en\/","name":"izo YALITIM","description":"Yenilik\u00e7i \u00c7\u00f6z\u00fcmler Sunar","publisher":{"@id":"https:\/\/izo.com.tr\/en\/#organization"},"potentialAction":[{"@type":"SearchAction","target":{"@type":"EntryPoint","urlTemplate":"https:\/\/izo.com.tr\/en\/?s={search_term_string}"},"query-input":{"@type":"PropertyValueSpecification","valueRequired":true,"valueName":"search_term_string"}}],"inLanguage":"en-US"},{"@type":["Organization","Place","Corporation"],"@id":"https:\/\/izo.com.tr\/en\/#organization","name":"\u0130ZO YALITIM \u0130N\u015e. TAAH. SAN. VE T\u0130C. LTD. \u015eT\u0130.","url":"https:\/\/izo.com.tr\/en\/","logo":{"@id":"https:\/\/izo.com.tr\/en\/urun\/izocam-dokme-tasyunu\/#local-main-organization-logo"},"image":{"@id":"https:\/\/izo.com.tr\/en\/urun\/izocam-dokme-tasyunu\/#local-main-organization-logo"},"sameAs":["http:\/\/facebook.com\/izoyalitimofficial","https:\/\/x.com\/izoyalitim"],"address":{"@id":"https:\/\/izo.com.tr\/en\/urun\/izocam-dokme-tasyunu\/#local-main-place-address"},"telephone":["+90 216 612 8666","+90 216 612 8667"],"openingHoursSpecification":[{"@type":"OpeningHoursSpecification","dayOfWeek":["Monday","Tuesday","Wednesday","Thursday","Friday","Saturday"],"opens":"09:00","closes":"19:00"},{"@type":"OpeningHoursSpecification","dayOfWeek":["Sunday"],"opens":"00:00","closes":"00:00"}],"email":"izo@izo.com.tr","faxNumber":"+90 216 612 8665","taxID":"4840550543"},{"@type":"PostalAddress","@id":"https:\/\/izo.com.tr\/en\/urun\/izocam-dokme-tasyunu\/#local-main-place-address","streetAddress":"Cemil Meri\u00e7 Mah. \u00c7ay\u0131r\u00f6n\u00fc Cad. No:5\/A, \u00dcmraniye","addressLocality":"\u0130STANBUL","postalCode":"34771","addressRegion":"-","addressCountry":"TR"},{"@type":"ImageObject","inLanguage":"en-US","@id":"https:\/\/izo.com.tr\/en\/urun\/izocam-dokme-tasyunu\/#local-main-organization-logo","url":"https:\/\/izo.com.tr\/wp-content\/uploads\/2021\/11\/izo-YALITIM-180105-1_w300px.png","contentUrl":"https:\/\/izo.com.tr\/wp-content\/uploads\/2021\/11\/izo-YALITIM-180105-1_w300px.png","width":280,"height":60,"caption":"\u0130ZO YALITIM \u0130N\u015e. TAAH. SAN. VE T\u0130C. LTD. \u015eT\u0130."}]},"product_brand":"\u0130zocam","product_price_amount":"0.00","product_price_currency":"TRY","og_availability":"backorder","product_availability":"available for order","product_condition":"new","geo.placename":"\u0130STANBUL","geo.region":"Turkey"},"_links":{"self":[{"href":"https:\/\/izo.com.tr\/en\/wp-json\/wp\/v2\/product\/1673","targetHints":{"allow":["GET"]}}],"collection":[{"href":"https:\/\/izo.com.tr\/en\/wp-json\/wp\/v2\/product"}],"about":[{"href":"https:\/\/izo.com.tr\/en\/wp-json\/wp\/v2\/types\/product"}],"version-history":[{"count":0,"href":"https:\/\/izo.com.tr\/en\/wp-json\/wp\/v2\/product\/1673\/revisions"}],"wp:featuredmedia":[{"embeddable":true,"href":"https:\/\/izo.com.tr\/en\/wp-json\/wp\/v2\/media\/1678"}],"wp:attachment":[{"href":"https:\/\/izo.com.tr\/en\/wp-json\/wp\/v2\/media?parent=1673"}],"wp:term":[{"taxonomy":"product_brand","embeddable":true,"href":"https:\/\/izo.com.tr\/en\/wp-json\/wp\/v2\/product_brand?post=1673"},{"taxonomy":"product_cat","embeddable":true,"href":"https:\/\/izo.com.tr\/en\/wp-json\/wp\/v2\/product_cat?post=1673"},{"taxonomy":"product_tag","embeddable":true,"href":"https:\/\/izo.com.tr\/en\/wp-json\/wp\/v2\/product_tag?post=1673"}],"curies":[{"name":"wp","href":"https:\/\/api.w.org\/{rel}","templated":true}]}}