{"id":1791,"date":"2022-03-13T18:41:23","date_gmt":"2022-03-13T18:41:23","guid":{"rendered":"https:\/\/izo.com.tr\/?post_type=product&#038;p=1791"},"modified":"2022-03-13T19:22:33","modified_gmt":"2022-03-13T19:22:33","slug":"izocam-foamboard-1500","status":"publish","type":"product","link":"https:\/\/izo.com.tr\/en\/urun\/izocam-foamboard-1500\/","title":{"rendered":"\u0130zocam Foamboard 1500"},"content":{"rendered":"<h3>\u0130zocam Foamboard 1500<\/h3>\n<h3><\/h3>\n<div class=\"fs32 fcDark fw600 mb-3\">\n<div class=\"fs32 fcDark fw600 mb-3\">\n<h3>Uygulama Alanlar\u0131<\/h3>\n<\/div>\n<ul>\n<li>Foamboard 1500 D \u0131s\u0131 yal\u0131t\u0131m levhalar\u0131, merteklerin \u00fczerine uygulan\u0131r.<\/li>\n<li>\u00c7at\u0131 tahtas\u0131 kullan\u0131lmadan yap\u0131lan bu uygulamada, her t\u00fcrl\u00fc \u00e7at\u0131 kaplamas\u0131 kullan\u0131labilir.<\/li>\n<li>Kullan\u0131lacak \u0131s\u0131 yal\u0131t\u0131m levhas\u0131 ile ayn\u0131 kal\u0131nl\u0131kta olmak \u00fczere, biti\u015f \u00e7\u0131tas\u0131 sa\u00e7ak boyunca mertek u\u00e7lar\u0131na \u00e7ivi veya vida ile tespit edilir<\/li>\n<li>Foamboard levhalar, biti\u015f \u00e7\u0131tas\u0131ndan ba\u015flamak \u00fczere mahyaya do\u011fru merteklerin \u00fczerine, merteklere dik y\u00f6nde yerle\u015ftirilir.<\/li>\n<li>Levhalar\u0131n kenar binilerinin tam intibak etmesine \u00f6zen g\u00f6sterilmelidir<\/li>\n<li>Bask\u0131 \u00e7\u0131talar\u0131, merteklerin \u00fczerine gelecek \u015fekilde Foamboard levhalar\u0131n \u00fczerinden \u00e7ak\u0131l\u0131r. Su buhar\u0131 ge\u00e7irgen bir su yal\u0131t\u0131m \u00f6rt\u00fcs\u00fc, sa\u00e7ak seviyesinden mahyaya do\u011fru birbiri \u00fczerine bindirilerek d\u00f6\u015fe<\/li>\n<li>Bask\u0131 \u00e7\u0131talar\u0131na dik y\u00f6nde at\u0131lan kiremit tespit \u00e7\u0131talar\u0131 bask\u0131 \u00e7\u0131talar\u0131n\u0131n \u00fczerine \u00e7ivilenir.<\/li>\n<li>Kiremit tespit \u00e7\u0131talar\u0131n\u0131n \u00fczerine kiremitler tutturularak uygulama tamamlan\u0131r.<\/li>\n<\/ul>\n<\/div>\n<p>&nbsp;<\/p>\n<h3>Uygulama<\/h3>\n<p>Foamboard 1500 D \u0131s\u0131 yal\u0131t\u0131m levhalar\u0131, merteklerin \u00fczerine uygulan\u0131r. \u00c7at\u0131 tahtas\u0131 kullan\u0131lmadan yap\u0131lan bu uygulamada, her t\u00fcrl\u00fc \u00e7at\u0131 kaplamas\u0131 kullan\u0131labilir. Kullan\u0131lacak \u0131s\u0131 yal\u0131t\u0131m levhas\u0131 ile ayn\u0131 kal\u0131nl\u0131kta olmak \u00fczere, biti\u015f \u00e7\u0131tas\u0131 sa\u00e7ak boyunca mertek u\u00e7lar\u0131na \u00e7ivi veya vida ile tespit edilir. Foamboard levhalar, biti\u015f \u00e7\u0131tas\u0131ndan ba\u015flamak \u00fczere mahyaya do\u011fru merteklerin \u00fczerine, merteklere dik y\u00f6nde yerle\u015ftirilir. Levhalar\u0131n kenar binilerinin tam intibak etmesine \u00f6zen g\u00f6sterilmelidir. Bask\u0131 \u00e7\u0131talar\u0131, merteklerin \u00fczerine gelecek \u015fekilde Foamboard levhalar\u0131n \u00fczerinden \u00e7ak\u0131l\u0131r. Su buhar\u0131 ge\u00e7irgen bir su yal\u0131t\u0131m \u00f6rt\u00fcs\u00fc, sa\u00e7ak seviyesinden mahyaya do\u011fru birbiri \u00fczerine bindirilerek d\u00f6\u015fenir. Bask\u0131 \u00e7\u0131talar\u0131na dik y\u00f6nde at\u0131lan kiremit tespit \u00e7\u0131talar\u0131 bask\u0131 \u00e7\u0131talar\u0131n\u0131n \u00fczerine \u00e7ivilenir. Kiremit tespit \u00e7\u0131talar\u0131n\u0131n \u00fczerine kiremitler tutturularak uygulama tamamlan\u0131r.<\/p>\n<h3>\u0130zocam Foamboard \u00dcretimi<\/h3>\n<p>\u2022 Bureau Veritas taraf\u0131ndan verilen ISO 9001 Kalite G\u00fcvence<br \/>\nSistemi, ISO 14001 \u00c7evre Y\u00f6netim Sistemi, ISO 50001 Enerji<br \/>\nY\u00f6netim Sistemi, OHSAS 18001 \u0130\u015f\u00e7i Sa\u011fl\u0131\u011f\u0131 ve \u0130\u015f G\u00fcvenli\u011fi<br \/>\nY\u00f6netim Sistemi Sertifikalar\u0131na sahip tesislerde \u00fcretilmektedir.<br \/>\n\u2022 TS EN 13164 Standard\u0131na tabi \u0130zocam Foamboard \u00fcr\u00fcnler,<br \/>\nYap\u0131 Malzemeleri Y\u00f6netmeli\u011fi (305\/2011\/AB) \u00e7er\u00e7evesinde<br \/>\nCE i\u015fareti ta\u015f\u0131maya haizdir.<\/p>\n<p>&nbsp;<\/p>\n<p>&nbsp;<\/p>\n","protected":false},"excerpt":{"rendered":"<p><strong>\u0130zocam Foamboard 1500<\/strong><\/p>\n<p>\u0130zocam Foamboard 1500, \u00e7at\u0131 aras\u0131 kullan\u0131lan e\u011fimli \u00e7at\u0131lar\u0131n \u0131s\u0131 yal\u0131t\u0131m\u0131nda kullan\u0131lan, y\u00fczeyi d\u00fcz ekstr\u00fcde polistiren levhalard\u0131r.<\/p>\n","protected":false},"featured_media":1785,"template":"","meta":{"site-sidebar-layout":"default","site-content-layout":"","ast-site-content-layout":"","site-content-style":"default","site-sidebar-style":"default","ast-global-header-display":"","ast-banner-title-visibility":"","ast-main-header-display":"","ast-hfb-above-header-display":"","ast-hfb-below-header-display":"","ast-hfb-mobile-header-display":"","site-post-title":"","ast-breadcrumbs-content":"","ast-featured-img":"","footer-sml-layout":"","theme-transparent-header-meta":"","adv-header-id-meta":"","stick-header-meta":"","header-above-stick-meta":"","header-main-stick-meta":"","header-below-stick-meta":"","astra-migrate-meta-layouts":"default","ast-page-background-enabled":"default","ast-page-background-meta":{"desktop":{"background-color":"","background-image":"","background-repeat":"repeat","background-position":"center center","background-size":"auto","background-attachment":"scroll","background-type":"","background-media":"","overlay-type":"","overlay-color":"","overlay-opacity":"","overlay-gradient":""},"tablet":{"background-color":"","background-image":"","background-repeat":"repeat","background-position":"center center","background-size":"auto","background-attachment":"scroll","background-type":"","background-media":"","overlay-type":"","overlay-color":"","overlay-opacity":"","overlay-gradient":""},"mobile":{"background-color":"","background-image":"","background-repeat":"repeat","background-position":"center center","background-size":"auto","background-attachment":"scroll","background-type":"","background-media":"","overlay-type":"","overlay-color":"","overlay-opacity":"","overlay-gradient":""}},"ast-content-background-meta":{"desktop":{"background-color":"var(--ast-global-color-5)","background-image":"","background-repeat":"repeat","background-position":"center center","background-size":"auto","background-attachment":"scroll","background-type":"","background-media":"","overlay-type":"","overlay-color":"","overlay-opacity":"","overlay-gradient":""},"tablet":{"background-color":"var(--ast-global-color-5)","background-image":"","background-repeat":"repeat","background-position":"center center","background-size":"auto","background-attachment":"scroll","background-type":"","background-media":"","overlay-type":"","overlay-color":"","overlay-opacity":"","overlay-gradient":""},"mobile":{"background-color":"var(--ast-global-color-5)","background-image":"","background-repeat":"repeat","background-position":"center center","background-size":"auto","background-attachment":"scroll","background-type":"","background-media":"","overlay-type":"","overlay-color":"","overlay-opacity":"","overlay-gradient":""}}},"product_brand":[],"product_cat":[137,148,19,18],"product_tag":[],"class_list":{"0":"post-1791","1":"product","2":"type-product","3":"status-publish","4":"has-post-thumbnail","6":"product_cat-cati-malzemeleri","7":"product_cat-xps","8":"product_cat-isi-yalitimi","9":"product_cat-yapi-malzemeleri","10":"yith_product_brand-izocam","11":"desktop-align-left","12":"tablet-align-left","13":"mobile-align-left","14":"ast-product-gallery-layout-horizontal-slider","15":"ast-product-tabs-layout-horizontal","17":"first","18":"onbackorder","19":"shipping-taxable","20":"product-type-simple"},"yoast_head":"<!-- This site is optimized with the Yoast SEO Premium plugin v26.0 (Yoast SEO v26.0) - https:\/\/yoast.com\/wordpress\/plugins\/seo\/ -->\n<title>\u0130zocam Foamboard 1500<\/title>\n<meta name=\"description\" content=\"\u0130zocam Manto Ta\u015fy\u00fcn\u00fc kullan\u0131m\u0131 d\u0131\u015ftan yal\u0131t\u0131m uygulamalar\u0131nda, \u0131s\u0131 yal\u0131t\u0131m\u0131n\u0131n yan\u0131nda ses yal\u0131t\u0131m\u0131 ve yang\u0131n g\u00fcvenli\u011fi de sa\u011flamaktad\u0131r.\" \/>\n<meta name=\"robots\" content=\"noindex, follow, max-snippet:-1, max-image-preview:large, max-video-preview:-1\" \/>\n<meta property=\"og:locale\" content=\"en_US\" \/>\n<meta property=\"og:type\" content=\"article\" \/>\n<meta property=\"og:title\" content=\"\u0130zocam Foamboard 1500\" \/>\n<meta property=\"og:description\" content=\"\u0130zocam Manto Ta\u015fy\u00fcn\u00fc kullan\u0131m\u0131 d\u0131\u015ftan yal\u0131t\u0131m uygulamalar\u0131nda, \u0131s\u0131 yal\u0131t\u0131m\u0131n\u0131n yan\u0131nda ses yal\u0131t\u0131m\u0131 ve yang\u0131n g\u00fcvenli\u011fi de sa\u011flamaktad\u0131r.\" \/>\n<meta property=\"og:url\" content=\"https:\/\/izo.com.tr\/en\/urun\/izocam-foamboard-1500\/\" \/>\n<meta property=\"og:site_name\" content=\"izo YALITIM\" \/>\n<meta property=\"article:publisher\" content=\"http:\/\/facebook.com\/izoyalitimofficial\" \/>\n<meta property=\"article:modified_time\" content=\"2022-03-13T19:22:33+00:00\" \/>\n<meta property=\"og:image\" content=\"https:\/\/izo.com.tr\/wp-content\/uploads\/2022\/03\/izocam-foamboard-xps-isi-yalitim-levhasi-03.png\" \/>\n\t<meta property=\"og:image:width\" content=\"690\" \/>\n\t<meta property=\"og:image:height\" content=\"405\" \/>\n\t<meta property=\"og:image:type\" content=\"image\/png\" \/>\n<meta name=\"twitter:card\" content=\"summary_large_image\" \/>\n<meta name=\"twitter:site\" content=\"@izoyalitim\" \/>\n<meta name=\"twitter:label1\" content=\"Price\" \/>\n\t<meta name=\"twitter:data1\" content=\"\" \/>\n\t<meta name=\"twitter:label2\" content=\"Availability\" \/>\n\t<meta name=\"twitter:data2\" content=\"On backorder\" \/>\n<script type=\"application\/ld+json\" class=\"yoast-schema-graph\">{\"@context\":\"https:\/\/schema.org\",\"@graph\":[{\"@type\":[\"WebPage\",\"ItemPage\"],\"@id\":\"https:\/\/izo.com.tr\/en\/urun\/izocam-foamboard-1500\/\",\"url\":\"https:\/\/izo.com.tr\/en\/urun\/izocam-foamboard-1500\/\",\"name\":\"\u0130zocam Foamboard 1500\",\"isPartOf\":{\"@id\":\"https:\/\/izo.com.tr\/en\/#website\"},\"primaryImageOfPage\":{\"@id\":\"https:\/\/izo.com.tr\/en\/urun\/izocam-foamboard-1500\/#primaryimage\"},\"image\":{\"@id\":\"https:\/\/izo.com.tr\/en\/urun\/izocam-foamboard-1500\/#primaryimage\"},\"thumbnailUrl\":\"https:\/\/izo.com.tr\/wp-content\/uploads\/2022\/03\/izocam-foamboard-xps-isi-yalitim-levhasi-03.png\",\"datePublished\":\"2022-03-13T18:41:23+00:00\",\"dateModified\":\"2022-03-13T19:22:33+00:00\",\"description\":\"\u0130zocam Manto Ta\u015fy\u00fcn\u00fc kullan\u0131m\u0131 d\u0131\u015ftan yal\u0131t\u0131m uygulamalar\u0131nda, \u0131s\u0131 yal\u0131t\u0131m\u0131n\u0131n yan\u0131nda ses yal\u0131t\u0131m\u0131 ve yang\u0131n g\u00fcvenli\u011fi de sa\u011flamaktad\u0131r.\",\"breadcrumb\":{\"@id\":\"https:\/\/izo.com.tr\/en\/urun\/izocam-foamboard-1500\/#breadcrumb\"},\"inLanguage\":\"en-US\",\"potentialAction\":[{\"@type\":\"ReadAction\",\"target\":[\"https:\/\/izo.com.tr\/en\/urun\/izocam-foamboard-1500\/\"]}]},{\"@type\":\"ImageObject\",\"inLanguage\":\"en-US\",\"@id\":\"https:\/\/izo.com.tr\/en\/urun\/izocam-foamboard-1500\/#primaryimage\",\"url\":\"https:\/\/izo.com.tr\/wp-content\/uploads\/2022\/03\/izocam-foamboard-xps-isi-yalitim-levhasi-03.png\",\"contentUrl\":\"https:\/\/izo.com.tr\/wp-content\/uploads\/2022\/03\/izocam-foamboard-xps-isi-yalitim-levhasi-03.png\",\"width\":690,\"height\":405,\"caption\":\"izocam-ekstr\u00fcde-polistren-xps-foamboard\"},{\"@type\":\"BreadcrumbList\",\"@id\":\"https:\/\/izo.com.tr\/en\/urun\/izocam-foamboard-1500\/#breadcrumb\",\"itemListElement\":[{\"@type\":\"ListItem\",\"position\":1,\"name\":\"Anasayfa\",\"item\":\"https:\/\/izo.com.tr\/en\/?page_id=4112\"},{\"@type\":\"ListItem\",\"position\":2,\"name\":\"Ma\u011faza\",\"item\":\"https:\/\/izo.com.tr\/magaza\/\"},{\"@type\":\"ListItem\",\"position\":3,\"name\":\"\u0130zocam Foamboard 1500\"}]},{\"@type\":\"WebSite\",\"@id\":\"https:\/\/izo.com.tr\/en\/#website\",\"url\":\"https:\/\/izo.com.tr\/en\/\",\"name\":\"izo YALITIM\",\"description\":\"Yenilik\u00e7i \u00c7\u00f6z\u00fcmler Sunar\",\"publisher\":{\"@id\":\"https:\/\/izo.com.tr\/en\/#organization\"},\"potentialAction\":[{\"@type\":\"SearchAction\",\"target\":{\"@type\":\"EntryPoint\",\"urlTemplate\":\"https:\/\/izo.com.tr\/en\/?s={search_term_string}\"},\"query-input\":{\"@type\":\"PropertyValueSpecification\",\"valueRequired\":true,\"valueName\":\"search_term_string\"}}],\"inLanguage\":\"en-US\"},{\"@type\":[\"Organization\",\"Place\",\"Corporation\"],\"@id\":\"https:\/\/izo.com.tr\/en\/#organization\",\"name\":\"\u0130ZO YALITIM \u0130N\u015e. TAAH. SAN. VE T\u0130C. LTD. \u015eT\u0130.\",\"url\":\"https:\/\/izo.com.tr\/en\/\",\"logo\":{\"@id\":\"https:\/\/izo.com.tr\/en\/urun\/izocam-foamboard-1500\/#local-main-organization-logo\"},\"image\":{\"@id\":\"https:\/\/izo.com.tr\/en\/urun\/izocam-foamboard-1500\/#local-main-organization-logo\"},\"sameAs\":[\"http:\/\/facebook.com\/izoyalitimofficial\",\"https:\/\/x.com\/izoyalitim\"],\"address\":{\"@id\":\"https:\/\/izo.com.tr\/en\/urun\/izocam-foamboard-1500\/#local-main-place-address\"},\"telephone\":[\"+90 216 612 8666\",\"+90 216 612 8667\"],\"openingHoursSpecification\":[{\"@type\":\"OpeningHoursSpecification\",\"dayOfWeek\":[\"Monday\",\"Tuesday\",\"Wednesday\",\"Thursday\",\"Friday\",\"Saturday\"],\"opens\":\"09:00\",\"closes\":\"19:00\"},{\"@type\":\"OpeningHoursSpecification\",\"dayOfWeek\":[\"Sunday\"],\"opens\":\"00:00\",\"closes\":\"00:00\"}],\"email\":\"izo@izo.com.tr\",\"faxNumber\":\"+90 216 612 8665\",\"taxID\":\"4840550543\"},{\"@type\":\"PostalAddress\",\"@id\":\"https:\/\/izo.com.tr\/en\/urun\/izocam-foamboard-1500\/#local-main-place-address\",\"streetAddress\":\"Cemil Meri\u00e7 Mah. \u00c7ay\u0131r\u00f6n\u00fc Cad. No:5\/A, \u00dcmraniye\",\"addressLocality\":\"\u0130STANBUL\",\"postalCode\":\"34771\",\"addressRegion\":\"-\",\"addressCountry\":\"TR\"},{\"@type\":\"ImageObject\",\"inLanguage\":\"en-US\",\"@id\":\"https:\/\/izo.com.tr\/en\/urun\/izocam-foamboard-1500\/#local-main-organization-logo\",\"url\":\"https:\/\/izo.com.tr\/wp-content\/uploads\/2021\/11\/izo-YALITIM-180105-1_w300px.png\",\"contentUrl\":\"https:\/\/izo.com.tr\/wp-content\/uploads\/2021\/11\/izo-YALITIM-180105-1_w300px.png\",\"width\":280,\"height\":60,\"caption\":\"\u0130ZO YALITIM \u0130N\u015e. TAAH. SAN. VE T\u0130C. LTD. \u015eT\u0130.\"}]}<\/script>\n<meta property=\"product:brand\" content=\"\u0130zocam\" \/>\n<meta property=\"product:price:amount\" content=\"0.00\" \/>\n<meta property=\"product:price:currency\" content=\"TRY\" \/>\n<meta property=\"og:availability\" content=\"backorder\" \/>\n<meta property=\"product:availability\" content=\"available for order\" \/>\n<meta property=\"product:condition\" content=\"new\" \/>\n<meta name=\"geo.placename\" content=\"\u0130STANBUL\" \/>\n<meta name=\"geo.region\" content=\"Turkey\" \/>\n<!-- \/ Yoast SEO Premium plugin. -->","yoast_head_json":{"title":"\u0130zocam Foamboard 1500","description":"\u0130zocam Manto Ta\u015fy\u00fcn\u00fc kullan\u0131m\u0131 d\u0131\u015ftan yal\u0131t\u0131m uygulamalar\u0131nda, \u0131s\u0131 yal\u0131t\u0131m\u0131n\u0131n yan\u0131nda ses yal\u0131t\u0131m\u0131 ve yang\u0131n g\u00fcvenli\u011fi de sa\u011flamaktad\u0131r.","robots":{"index":"noindex","follow":"follow","max-snippet":"max-snippet:-1","max-image-preview":"max-image-preview:large","max-video-preview":"max-video-preview:-1"},"og_locale":"en_US","og_type":"article","og_title":"\u0130zocam Foamboard 1500","og_description":"\u0130zocam Manto Ta\u015fy\u00fcn\u00fc kullan\u0131m\u0131 d\u0131\u015ftan yal\u0131t\u0131m uygulamalar\u0131nda, \u0131s\u0131 yal\u0131t\u0131m\u0131n\u0131n yan\u0131nda ses yal\u0131t\u0131m\u0131 ve yang\u0131n g\u00fcvenli\u011fi de sa\u011flamaktad\u0131r.","og_url":"https:\/\/izo.com.tr\/en\/urun\/izocam-foamboard-1500\/","og_site_name":"izo YALITIM","article_publisher":"http:\/\/facebook.com\/izoyalitimofficial","article_modified_time":"2022-03-13T19:22:33+00:00","og_image":[{"width":690,"height":405,"url":"https:\/\/izo.com.tr\/wp-content\/uploads\/2022\/03\/izocam-foamboard-xps-isi-yalitim-levhasi-03.png","type":"image\/png"}],"twitter_card":"summary_large_image","twitter_site":"@izoyalitim","twitter_misc":{"Price":"","Availability":"On backorder"},"schema":{"@context":"https:\/\/schema.org","@graph":[{"@type":["WebPage","ItemPage"],"@id":"https:\/\/izo.com.tr\/en\/urun\/izocam-foamboard-1500\/","url":"https:\/\/izo.com.tr\/en\/urun\/izocam-foamboard-1500\/","name":"\u0130zocam Foamboard 1500","isPartOf":{"@id":"https:\/\/izo.com.tr\/en\/#website"},"primaryImageOfPage":{"@id":"https:\/\/izo.com.tr\/en\/urun\/izocam-foamboard-1500\/#primaryimage"},"image":{"@id":"https:\/\/izo.com.tr\/en\/urun\/izocam-foamboard-1500\/#primaryimage"},"thumbnailUrl":"https:\/\/izo.com.tr\/wp-content\/uploads\/2022\/03\/izocam-foamboard-xps-isi-yalitim-levhasi-03.png","datePublished":"2022-03-13T18:41:23+00:00","dateModified":"2022-03-13T19:22:33+00:00","description":"\u0130zocam Manto Ta\u015fy\u00fcn\u00fc kullan\u0131m\u0131 d\u0131\u015ftan yal\u0131t\u0131m uygulamalar\u0131nda, \u0131s\u0131 yal\u0131t\u0131m\u0131n\u0131n yan\u0131nda ses yal\u0131t\u0131m\u0131 ve yang\u0131n g\u00fcvenli\u011fi de sa\u011flamaktad\u0131r.","breadcrumb":{"@id":"https:\/\/izo.com.tr\/en\/urun\/izocam-foamboard-1500\/#breadcrumb"},"inLanguage":"en-US","potentialAction":[{"@type":"ReadAction","target":["https:\/\/izo.com.tr\/en\/urun\/izocam-foamboard-1500\/"]}]},{"@type":"ImageObject","inLanguage":"en-US","@id":"https:\/\/izo.com.tr\/en\/urun\/izocam-foamboard-1500\/#primaryimage","url":"https:\/\/izo.com.tr\/wp-content\/uploads\/2022\/03\/izocam-foamboard-xps-isi-yalitim-levhasi-03.png","contentUrl":"https:\/\/izo.com.tr\/wp-content\/uploads\/2022\/03\/izocam-foamboard-xps-isi-yalitim-levhasi-03.png","width":690,"height":405,"caption":"izocam-ekstr\u00fcde-polistren-xps-foamboard"},{"@type":"BreadcrumbList","@id":"https:\/\/izo.com.tr\/en\/urun\/izocam-foamboard-1500\/#breadcrumb","itemListElement":[{"@type":"ListItem","position":1,"name":"Anasayfa","item":"https:\/\/izo.com.tr\/en\/?page_id=4112"},{"@type":"ListItem","position":2,"name":"Ma\u011faza","item":"https:\/\/izo.com.tr\/magaza\/"},{"@type":"ListItem","position":3,"name":"\u0130zocam Foamboard 1500"}]},{"@type":"WebSite","@id":"https:\/\/izo.com.tr\/en\/#website","url":"https:\/\/izo.com.tr\/en\/","name":"izo YALITIM","description":"Yenilik\u00e7i \u00c7\u00f6z\u00fcmler Sunar","publisher":{"@id":"https:\/\/izo.com.tr\/en\/#organization"},"potentialAction":[{"@type":"SearchAction","target":{"@type":"EntryPoint","urlTemplate":"https:\/\/izo.com.tr\/en\/?s={search_term_string}"},"query-input":{"@type":"PropertyValueSpecification","valueRequired":true,"valueName":"search_term_string"}}],"inLanguage":"en-US"},{"@type":["Organization","Place","Corporation"],"@id":"https:\/\/izo.com.tr\/en\/#organization","name":"\u0130ZO YALITIM \u0130N\u015e. TAAH. SAN. VE T\u0130C. LTD. \u015eT\u0130.","url":"https:\/\/izo.com.tr\/en\/","logo":{"@id":"https:\/\/izo.com.tr\/en\/urun\/izocam-foamboard-1500\/#local-main-organization-logo"},"image":{"@id":"https:\/\/izo.com.tr\/en\/urun\/izocam-foamboard-1500\/#local-main-organization-logo"},"sameAs":["http:\/\/facebook.com\/izoyalitimofficial","https:\/\/x.com\/izoyalitim"],"address":{"@id":"https:\/\/izo.com.tr\/en\/urun\/izocam-foamboard-1500\/#local-main-place-address"},"telephone":["+90 216 612 8666","+90 216 612 8667"],"openingHoursSpecification":[{"@type":"OpeningHoursSpecification","dayOfWeek":["Monday","Tuesday","Wednesday","Thursday","Friday","Saturday"],"opens":"09:00","closes":"19:00"},{"@type":"OpeningHoursSpecification","dayOfWeek":["Sunday"],"opens":"00:00","closes":"00:00"}],"email":"izo@izo.com.tr","faxNumber":"+90 216 612 8665","taxID":"4840550543"},{"@type":"PostalAddress","@id":"https:\/\/izo.com.tr\/en\/urun\/izocam-foamboard-1500\/#local-main-place-address","streetAddress":"Cemil Meri\u00e7 Mah. \u00c7ay\u0131r\u00f6n\u00fc Cad. No:5\/A, \u00dcmraniye","addressLocality":"\u0130STANBUL","postalCode":"34771","addressRegion":"-","addressCountry":"TR"},{"@type":"ImageObject","inLanguage":"en-US","@id":"https:\/\/izo.com.tr\/en\/urun\/izocam-foamboard-1500\/#local-main-organization-logo","url":"https:\/\/izo.com.tr\/wp-content\/uploads\/2021\/11\/izo-YALITIM-180105-1_w300px.png","contentUrl":"https:\/\/izo.com.tr\/wp-content\/uploads\/2021\/11\/izo-YALITIM-180105-1_w300px.png","width":280,"height":60,"caption":"\u0130ZO YALITIM \u0130N\u015e. TAAH. SAN. VE T\u0130C. LTD. \u015eT\u0130."}]},"product_brand":"\u0130zocam","product_price_amount":"0.00","product_price_currency":"TRY","og_availability":"backorder","product_availability":"available for order","product_condition":"new","geo.placename":"\u0130STANBUL","geo.region":"Turkey"},"_links":{"self":[{"href":"https:\/\/izo.com.tr\/en\/wp-json\/wp\/v2\/product\/1791","targetHints":{"allow":["GET"]}}],"collection":[{"href":"https:\/\/izo.com.tr\/en\/wp-json\/wp\/v2\/product"}],"about":[{"href":"https:\/\/izo.com.tr\/en\/wp-json\/wp\/v2\/types\/product"}],"version-history":[{"count":1,"href":"https:\/\/izo.com.tr\/en\/wp-json\/wp\/v2\/product\/1791\/revisions"}],"predecessor-version":[{"id":1796,"href":"https:\/\/izo.com.tr\/en\/wp-json\/wp\/v2\/product\/1791\/revisions\/1796"}],"wp:featuredmedia":[{"embeddable":true,"href":"https:\/\/izo.com.tr\/en\/wp-json\/wp\/v2\/media\/1785"}],"wp:attachment":[{"href":"https:\/\/izo.com.tr\/en\/wp-json\/wp\/v2\/media?parent=1791"}],"wp:term":[{"taxonomy":"product_brand","embeddable":true,"href":"https:\/\/izo.com.tr\/en\/wp-json\/wp\/v2\/product_brand?post=1791"},{"taxonomy":"product_cat","embeddable":true,"href":"https:\/\/izo.com.tr\/en\/wp-json\/wp\/v2\/product_cat?post=1791"},{"taxonomy":"product_tag","embeddable":true,"href":"https:\/\/izo.com.tr\/en\/wp-json\/wp\/v2\/product_tag?post=1791"}],"curies":[{"name":"wp","href":"https:\/\/api.w.org\/{rel}","templated":true}]}}