{"id":2007,"date":"2022-04-16T13:40:24","date_gmt":"2022-04-16T13:40:24","guid":{"rendered":"https:\/\/izo.com.tr\/?post_type=product&#038;p=2007"},"modified":"2022-04-16T14:13:41","modified_gmt":"2022-04-16T14:13:41","slug":"izocamflex-elastomerik-kaucuk-levha","status":"publish","type":"product","link":"https:\/\/izo.com.tr\/en\/urun\/izocamflex-elastomerik-kaucuk-levha\/","title":{"rendered":"\u0130zocamflex Elastomerik Kau\u00e7uk Levha"},"content":{"rendered":"<h3>\u0130zocamflex Elastomerik Kau\u00e7uk Levha<\/h3>\n<h3><\/h3>\n<h3>Uygulama Alanlar\u0131<\/h3>\n<ul>\n<li>Is\u0131tma, so\u011futma, havaland\u0131rma ve iklimlendirme sistemlerinde kanal ve b\u00fcy\u00fck \u00e7apl\u0131 boru hatlar\u0131n\u0131n d\u0131\u015f y\u00fczeylerinde \u0131s\u0131 yal\u0131t\u0131m\u0131 ve yo\u011fu\u015fma kontrol\u00fc amac\u0131yla uygulan\u0131r.<\/li>\n<li>\u0130zocam\u2019\u0131n tavsiye etti\u011fi \u00f6zel yap\u0131\u015ft\u0131r\u0131c\u0131 kullan\u0131larak, levhalar uygulama yap\u0131lacak kanal y\u00fczeyine yap\u0131\u015ft\u0131r\u0131l\u0131r.<\/li>\n<li>Ek yerleri s\u0131zd\u0131rmazl\u0131\u011f\u0131 sa\u011flayacak \u015fekilde yap\u0131\u015ft\u0131r\u0131lmal\u0131, gerekirse yap\u0131\u015ft\u0131rmay\u0131 m\u00fcteakip izolasyon bant\u0131 ile kapat\u0131lmal\u0131d\u0131r.<\/li>\n<li>Bantlama kal\u0131nl\u0131k kayb\u0131na sebebiyet verecek s\u0131k\u0131l\u0131kta olmamal\u0131d\u0131r.<\/li>\n<li>Uygulama delinmeye ve y\u0131rt\u0131lmaya kar\u015f\u0131 korunmal\u0131d\u0131r. G\u00fcne\u015f \u0131\u015f\u0131\u011f\u0131na maruz uygulamalarda, UV etkisine kar\u015f\u0131 mutlaka koruyucu ceket veya koruyucu boya kullan\u0131lmal\u0131d\u0131r.<\/li>\n<li>\u0130zocam\u2019\u0131n tavsiye etti\u011fi \u00f6zel yap\u0131\u015ft\u0131r\u0131c\u0131 kullan\u0131larak, levhalar uygulama yap\u0131lacak kanal y\u00fczeyine yap\u0131\u015ft\u0131r\u0131l\u0131r.<\/li>\n<li>A\u00e7\u0131k hava uygulamalar\u0131n\u0131n 5 g\u00fcn i\u00e7erisinde kaplanmas\u0131 gerekmektedir.<\/li>\n<\/ul>\n<h3>Uygulama<\/h3>\n<p>Is\u0131tma, so\u011futma, havaland\u0131rma ve iklimlendirme sistemlerinde kanal ve b\u00fcy\u00fck \u00e7apl\u0131 boru hatlar\u0131n\u0131n d\u0131\u015f y\u00fczeylerinde \u0131s\u0131 yal\u0131t\u0131m\u0131 ve yo\u011fu\u015fma kontrol\u00fc amac\u0131yla uygulan\u0131r.<\/p>\n<p>\u0130zocam\u2019\u0131n tavsiye etti\u011fi \u00f6zel yap\u0131\u015ft\u0131r\u0131c\u0131 kullan\u0131larak, levhalar uygulama yap\u0131lacak kanal y\u00fczeyine yap\u0131\u015ft\u0131r\u0131l\u0131r.<\/p>\n<p>Ek yerleri s\u0131zd\u0131rmazl\u0131\u011f\u0131 sa\u011flayacak \u015fekilde yap\u0131\u015ft\u0131r\u0131lmal\u0131, gerekirse yap\u0131\u015ft\u0131rmay\u0131 m\u00fcteakip izolasyon bant\u0131 ile kapat\u0131lmal\u0131d\u0131r.<\/p>\n<p>Bantlama kal\u0131nl\u0131k kayb\u0131na sebebiyet verecek s\u0131k\u0131l\u0131kta olmamal\u0131d\u0131r.<\/p>\n<p>Kendinden yap\u0131\u015fkanl\u0131 levhalarda ayr\u0131ca yap\u0131\u015ft\u0131r\u0131c\u0131 kullan\u0131m\u0131na gerek duyulmaz. Uygulama delinmeye ve y\u0131rt\u0131lmaya kar\u015f\u0131 korunmal\u0131d\u0131r.<\/p>\n<p>G\u00fcne\u015f \u0131\u015f\u0131\u011f\u0131na maruz uygulamalarda, UV etkisine kar\u015f\u0131 mutlaka koruyucu ceket veya koruyucu boya kullan\u0131lmal\u0131d\u0131r.<\/p>\n<p>A\u00e7\u0131k hava uygulamalar\u0131n\u0131n 5 g\u00fcn i\u00e7erisinde kaplanmas\u0131 gerekmektedir.<\/p>\n<h3>Y\u00fckleme, Tahliye, Nakliye ve Depolama ile ilgili hat\u0131rlatmalar;<\/h3>\n<p>\u2022 Ya\u011f\u0131\u015fl\u0131 havalarda y\u00fckleme kapal\u0131 alanda yap\u0131lmal\u0131.<br \/>\n\u2022 Y\u00fckleme ve bo\u015faltma iki ki\u015fi taraf\u0131ndan yap\u0131lmal\u0131.<br \/>\n\u2022 Sevkiyat esnas\u0131nda kesinlikle branda \u00f6rt\u00fclmeli.<br \/>\n\u2022 Kutu tutamak yerlerinden tutularak ta\u015f\u0131nmal\u0131.<br \/>\n\u2022 Kamyon kasas\u0131na dizilen kutular halat ile kasaya<br \/>\nba\u011flan\u0131rken, k\u00f6\u015felerde halat\u0131n mamul\u00fc ezmemesi i\u00e7in sert<br \/>\n(a\u011fa\u00e7, karton vs.) takviyeler kullan\u0131lmal\u0131.<br \/>\n\u2022 Kutular k\u00f6\u015feleri \u00fcst \u00fcste gelecek \u015fekilde istif yap\u0131lmal\u0131.<br \/>\n\u2022 Sadece arka kapak a\u00e7\u0131larak bo\u015faltma yap\u0131lmal\u0131.<br \/>\n\u2022 D\u00fcz zeminde ve kapal\u0131 alanda depolama yap\u0131lmal\u0131.<br \/>\n\u2022 Kutular \u00fcst \u00fcste en \u00e7ok 5 s\u0131ra konulmal\u0131.<br \/>\n\u2022 Kutular dikey konumda konulmamal\u0131.<br \/>\n\u2022 Kutular\u0131n \u00fcst\u00fcne bas\u0131lmamal\u0131, basamak yap\u0131lmamal\u0131.<br \/>\n\u2022 Kamyon \u00fczerinden iterek ya da yere atarak bo\u015faltma<br \/>\nyap\u0131lmamal\u0131.<br \/>\n\u2022 \u00dcst\u00fcne branda \u00f6rt\u00fclmemi\u015f ve halat \u00e7ekilmemi\u015f kamyon<br \/>\nhareket ettirilmemeli.<br \/>\n\u2022 \u00dcr\u00fcnler g\u00fcne\u015f \u0131\u015f\u0131nlar\u0131na maruz b\u0131rak\u0131lmamal\u0131.<br \/>\n\u2022 Depolama alan\u0131 \u0131slak olmamal\u0131.<\/p>\n","protected":false},"excerpt":{"rendered":"<p><strong>\u0130zocamflex Elastomerik Kau\u00e7uk Levha<\/strong><\/p>\n<p>\u0130klimlendirme, \u0131s\u0131tma ve so\u011futma sistemlerinde kullan\u0131lmak \u00fczere \u00fcretilen, elastomerik kau\u00e7uk esasl\u0131, kapal\u0131 g\u00f6zenekli d\u00fczg\u00fcn h\u00fccre yap\u0131s\u0131na sahip levha \u015feklinde yal\u0131t\u0131m malzemesidir.<\/p>\n","protected":false},"featured_media":1991,"template":"","meta":{"site-sidebar-layout":"default","site-content-layout":"","ast-site-content-layout":"","site-content-style":"default","site-sidebar-style":"default","ast-global-header-display":"","ast-banner-title-visibility":"","ast-main-header-display":"","ast-hfb-above-header-display":"","ast-hfb-below-header-display":"","ast-hfb-mobile-header-display":"","site-post-title":"","ast-breadcrumbs-content":"","ast-featured-img":"","footer-sml-layout":"","theme-transparent-header-meta":"","adv-header-id-meta":"","stick-header-meta":"","header-above-stick-meta":"","header-main-stick-meta":"","header-below-stick-meta":"","astra-migrate-meta-layouts":"default","ast-page-background-enabled":"default","ast-page-background-meta":{"desktop":{"background-color":"","background-image":"","background-repeat":"repeat","background-position":"center center","background-size":"auto","background-attachment":"scroll","background-type":"","background-media":"","overlay-type":"","overlay-color":"","overlay-opacity":"","overlay-gradient":""},"tablet":{"background-color":"","background-image":"","background-repeat":"repeat","background-position":"center center","background-size":"auto","background-attachment":"scroll","background-type":"","background-media":"","overlay-type":"","overlay-color":"","overlay-opacity":"","overlay-gradient":""},"mobile":{"background-color":"","background-image":"","background-repeat":"repeat","background-position":"center center","background-size":"auto","background-attachment":"scroll","background-type":"","background-media":"","overlay-type":"","overlay-color":"","overlay-opacity":"","overlay-gradient":""}},"ast-content-background-meta":{"desktop":{"background-color":"var(--ast-global-color-5)","background-image":"","background-repeat":"repeat","background-position":"center center","background-size":"auto","background-attachment":"scroll","background-type":"","background-media":"","overlay-type":"","overlay-color":"","overlay-opacity":"","overlay-gradient":""},"tablet":{"background-color":"var(--ast-global-color-5)","background-image":"","background-repeat":"repeat","background-position":"center center","background-size":"auto","background-attachment":"scroll","background-type":"","background-media":"","overlay-type":"","overlay-color":"","overlay-opacity":"","overlay-gradient":""},"mobile":{"background-color":"var(--ast-global-color-5)","background-image":"","background-repeat":"repeat","background-position":"center center","background-size":"auto","background-attachment":"scroll","background-type":"","background-media":"","overlay-type":"","overlay-color":"","overlay-opacity":"","overlay-gradient":""}}},"product_brand":[],"product_cat":[150,139,19,134,18],"product_tag":[],"class_list":{"0":"post-2007","1":"product","2":"type-product","3":"status-publish","4":"has-post-thumbnail","6":"product_cat-elastomerik-kaucuk","7":"product_cat-endustriyel-yalitim","8":"product_cat-isi-yalitimi","9":"product_cat-mekanik-tesisat","10":"product_cat-yapi-malzemeleri","11":"yith_product_brand-izocam","12":"desktop-align-left","13":"tablet-align-left","14":"mobile-align-left","15":"ast-product-gallery-layout-horizontal-slider","16":"ast-product-tabs-layout-horizontal","18":"first","19":"onbackorder","20":"shipping-taxable","21":"product-type-simple"},"yoast_head":"<!-- This site is optimized with the Yoast SEO Premium plugin v26.0 (Yoast SEO v26.0) - https:\/\/yoast.com\/wordpress\/plugins\/seo\/ -->\n<title>\u0130zocamflex Elastomerik Kau\u00e7uk Levha<\/title>\n<meta name=\"description\" content=\"\u0130zocam Manto Ta\u015fy\u00fcn\u00fc kullan\u0131m\u0131 d\u0131\u015ftan yal\u0131t\u0131m uygulamalar\u0131nda, \u0131s\u0131 yal\u0131t\u0131m\u0131n\u0131n yan\u0131nda ses yal\u0131t\u0131m\u0131 ve yang\u0131n g\u00fcvenli\u011fi de sa\u011flamaktad\u0131r.\" \/>\n<meta name=\"robots\" content=\"noindex, follow, max-snippet:-1, max-image-preview:large, max-video-preview:-1\" \/>\n<meta property=\"og:locale\" content=\"en_US\" \/>\n<meta property=\"og:type\" content=\"article\" \/>\n<meta property=\"og:title\" content=\"\u0130zocamflex Elastomerik Kau\u00e7uk Levha\" \/>\n<meta property=\"og:description\" content=\"\u0130zocam Manto Ta\u015fy\u00fcn\u00fc kullan\u0131m\u0131 d\u0131\u015ftan yal\u0131t\u0131m uygulamalar\u0131nda, \u0131s\u0131 yal\u0131t\u0131m\u0131n\u0131n yan\u0131nda ses yal\u0131t\u0131m\u0131 ve yang\u0131n g\u00fcvenli\u011fi de sa\u011flamaktad\u0131r.\" \/>\n<meta property=\"og:url\" content=\"https:\/\/izo.com.tr\/en\/urun\/izocamflex-elastomerik-kaucuk-levha\/\" \/>\n<meta property=\"og:site_name\" content=\"izo YALITIM\" \/>\n<meta property=\"article:publisher\" content=\"http:\/\/facebook.com\/izoyalitimofficial\" \/>\n<meta property=\"article:modified_time\" content=\"2022-04-16T14:13:41+00:00\" \/>\n<meta property=\"og:image\" content=\"https:\/\/izo.com.tr\/wp-content\/uploads\/2022\/04\/izocam-optiflex-levha.png\" \/>\n\t<meta property=\"og:image:width\" content=\"690\" \/>\n\t<meta property=\"og:image:height\" content=\"405\" \/>\n\t<meta property=\"og:image:type\" content=\"image\/png\" \/>\n<meta name=\"twitter:card\" content=\"summary_large_image\" \/>\n<meta name=\"twitter:site\" content=\"@izoyalitim\" \/>\n<meta name=\"twitter:label1\" content=\"Price\" \/>\n\t<meta name=\"twitter:data1\" content=\"\" \/>\n\t<meta name=\"twitter:label2\" content=\"Availability\" \/>\n\t<meta name=\"twitter:data2\" content=\"On backorder\" \/>\n<script type=\"application\/ld+json\" class=\"yoast-schema-graph\">{\"@context\":\"https:\/\/schema.org\",\"@graph\":[{\"@type\":[\"WebPage\",\"ItemPage\"],\"@id\":\"https:\/\/izo.com.tr\/en\/urun\/izocamflex-elastomerik-kaucuk-levha\/\",\"url\":\"https:\/\/izo.com.tr\/en\/urun\/izocamflex-elastomerik-kaucuk-levha\/\",\"name\":\"\u0130zocamflex Elastomerik Kau\u00e7uk Levha\",\"isPartOf\":{\"@id\":\"https:\/\/izo.com.tr\/en\/#website\"},\"primaryImageOfPage\":{\"@id\":\"https:\/\/izo.com.tr\/en\/urun\/izocamflex-elastomerik-kaucuk-levha\/#primaryimage\"},\"image\":{\"@id\":\"https:\/\/izo.com.tr\/en\/urun\/izocamflex-elastomerik-kaucuk-levha\/#primaryimage\"},\"thumbnailUrl\":\"https:\/\/izo.com.tr\/wp-content\/uploads\/2022\/04\/izocam-optiflex-levha.png\",\"datePublished\":\"2022-04-16T13:40:24+00:00\",\"dateModified\":\"2022-04-16T14:13:41+00:00\",\"description\":\"\u0130zocam Manto Ta\u015fy\u00fcn\u00fc kullan\u0131m\u0131 d\u0131\u015ftan yal\u0131t\u0131m uygulamalar\u0131nda, \u0131s\u0131 yal\u0131t\u0131m\u0131n\u0131n yan\u0131nda ses yal\u0131t\u0131m\u0131 ve yang\u0131n g\u00fcvenli\u011fi de sa\u011flamaktad\u0131r.\",\"breadcrumb\":{\"@id\":\"https:\/\/izo.com.tr\/en\/urun\/izocamflex-elastomerik-kaucuk-levha\/#breadcrumb\"},\"inLanguage\":\"en-US\",\"potentialAction\":[{\"@type\":\"ReadAction\",\"target\":[\"https:\/\/izo.com.tr\/en\/urun\/izocamflex-elastomerik-kaucuk-levha\/\"]}]},{\"@type\":\"ImageObject\",\"inLanguage\":\"en-US\",\"@id\":\"https:\/\/izo.com.tr\/en\/urun\/izocamflex-elastomerik-kaucuk-levha\/#primaryimage\",\"url\":\"https:\/\/izo.com.tr\/wp-content\/uploads\/2022\/04\/izocam-optiflex-levha.png\",\"contentUrl\":\"https:\/\/izo.com.tr\/wp-content\/uploads\/2022\/04\/izocam-optiflex-levha.png\",\"width\":690,\"height\":405,\"caption\":\"\u0130zocam Optifilex Elastomerik Kau\u00e7uk Levha\"},{\"@type\":\"BreadcrumbList\",\"@id\":\"https:\/\/izo.com.tr\/en\/urun\/izocamflex-elastomerik-kaucuk-levha\/#breadcrumb\",\"itemListElement\":[{\"@type\":\"ListItem\",\"position\":1,\"name\":\"Anasayfa\",\"item\":\"https:\/\/izo.com.tr\/en\/?page_id=4112\"},{\"@type\":\"ListItem\",\"position\":2,\"name\":\"Ma\u011faza\",\"item\":\"https:\/\/izo.com.tr\/magaza\/\"},{\"@type\":\"ListItem\",\"position\":3,\"name\":\"\u0130zocamflex Elastomerik Kau\u00e7uk Levha\"}]},{\"@type\":\"WebSite\",\"@id\":\"https:\/\/izo.com.tr\/en\/#website\",\"url\":\"https:\/\/izo.com.tr\/en\/\",\"name\":\"izo YALITIM\",\"description\":\"Yenilik\u00e7i \u00c7\u00f6z\u00fcmler Sunar\",\"publisher\":{\"@id\":\"https:\/\/izo.com.tr\/en\/#organization\"},\"potentialAction\":[{\"@type\":\"SearchAction\",\"target\":{\"@type\":\"EntryPoint\",\"urlTemplate\":\"https:\/\/izo.com.tr\/en\/?s={search_term_string}\"},\"query-input\":{\"@type\":\"PropertyValueSpecification\",\"valueRequired\":true,\"valueName\":\"search_term_string\"}}],\"inLanguage\":\"en-US\"},{\"@type\":[\"Organization\",\"Place\",\"Corporation\"],\"@id\":\"https:\/\/izo.com.tr\/en\/#organization\",\"name\":\"\u0130ZO YALITIM \u0130N\u015e. TAAH. SAN. VE T\u0130C. LTD. \u015eT\u0130.\",\"url\":\"https:\/\/izo.com.tr\/en\/\",\"logo\":{\"@id\":\"https:\/\/izo.com.tr\/en\/urun\/izocamflex-elastomerik-kaucuk-levha\/#local-main-organization-logo\"},\"image\":{\"@id\":\"https:\/\/izo.com.tr\/en\/urun\/izocamflex-elastomerik-kaucuk-levha\/#local-main-organization-logo\"},\"sameAs\":[\"http:\/\/facebook.com\/izoyalitimofficial\",\"https:\/\/x.com\/izoyalitim\"],\"address\":{\"@id\":\"https:\/\/izo.com.tr\/en\/urun\/izocamflex-elastomerik-kaucuk-levha\/#local-main-place-address\"},\"telephone\":[\"+90 216 612 8666\",\"+90 216 612 8667\"],\"openingHoursSpecification\":[{\"@type\":\"OpeningHoursSpecification\",\"dayOfWeek\":[\"Monday\",\"Tuesday\",\"Wednesday\",\"Thursday\",\"Friday\",\"Saturday\"],\"opens\":\"09:00\",\"closes\":\"19:00\"},{\"@type\":\"OpeningHoursSpecification\",\"dayOfWeek\":[\"Sunday\"],\"opens\":\"00:00\",\"closes\":\"00:00\"}],\"email\":\"izo@izo.com.tr\",\"faxNumber\":\"+90 216 612 8665\",\"taxID\":\"4840550543\"},{\"@type\":\"PostalAddress\",\"@id\":\"https:\/\/izo.com.tr\/en\/urun\/izocamflex-elastomerik-kaucuk-levha\/#local-main-place-address\",\"streetAddress\":\"Cemil Meri\u00e7 Mah. \u00c7ay\u0131r\u00f6n\u00fc Cad. No:5\/A, \u00dcmraniye\",\"addressLocality\":\"\u0130STANBUL\",\"postalCode\":\"34771\",\"addressRegion\":\"-\",\"addressCountry\":\"TR\"},{\"@type\":\"ImageObject\",\"inLanguage\":\"en-US\",\"@id\":\"https:\/\/izo.com.tr\/en\/urun\/izocamflex-elastomerik-kaucuk-levha\/#local-main-organization-logo\",\"url\":\"https:\/\/izo.com.tr\/wp-content\/uploads\/2021\/11\/izo-YALITIM-180105-1_w300px.png\",\"contentUrl\":\"https:\/\/izo.com.tr\/wp-content\/uploads\/2021\/11\/izo-YALITIM-180105-1_w300px.png\",\"width\":280,\"height\":60,\"caption\":\"\u0130ZO YALITIM \u0130N\u015e. TAAH. SAN. VE T\u0130C. LTD. \u015eT\u0130.\"}]}<\/script>\n<meta property=\"product:brand\" content=\"\u0130zocam\" \/>\n<meta property=\"product:price:amount\" content=\"0.00\" \/>\n<meta property=\"product:price:currency\" content=\"TRY\" \/>\n<meta property=\"og:availability\" content=\"backorder\" \/>\n<meta property=\"product:availability\" content=\"available for order\" \/>\n<meta property=\"product:condition\" content=\"new\" \/>\n<meta name=\"geo.placename\" content=\"\u0130STANBUL\" \/>\n<meta name=\"geo.region\" content=\"Turkey\" \/>\n<!-- \/ Yoast SEO Premium plugin. -->","yoast_head_json":{"title":"\u0130zocamflex Elastomerik Kau\u00e7uk Levha","description":"\u0130zocam Manto Ta\u015fy\u00fcn\u00fc kullan\u0131m\u0131 d\u0131\u015ftan yal\u0131t\u0131m uygulamalar\u0131nda, \u0131s\u0131 yal\u0131t\u0131m\u0131n\u0131n yan\u0131nda ses yal\u0131t\u0131m\u0131 ve yang\u0131n g\u00fcvenli\u011fi de sa\u011flamaktad\u0131r.","robots":{"index":"noindex","follow":"follow","max-snippet":"max-snippet:-1","max-image-preview":"max-image-preview:large","max-video-preview":"max-video-preview:-1"},"og_locale":"en_US","og_type":"article","og_title":"\u0130zocamflex Elastomerik Kau\u00e7uk Levha","og_description":"\u0130zocam Manto Ta\u015fy\u00fcn\u00fc kullan\u0131m\u0131 d\u0131\u015ftan yal\u0131t\u0131m uygulamalar\u0131nda, \u0131s\u0131 yal\u0131t\u0131m\u0131n\u0131n yan\u0131nda ses yal\u0131t\u0131m\u0131 ve yang\u0131n g\u00fcvenli\u011fi de sa\u011flamaktad\u0131r.","og_url":"https:\/\/izo.com.tr\/en\/urun\/izocamflex-elastomerik-kaucuk-levha\/","og_site_name":"izo YALITIM","article_publisher":"http:\/\/facebook.com\/izoyalitimofficial","article_modified_time":"2022-04-16T14:13:41+00:00","og_image":[{"width":690,"height":405,"url":"https:\/\/izo.com.tr\/wp-content\/uploads\/2022\/04\/izocam-optiflex-levha.png","type":"image\/png"}],"twitter_card":"summary_large_image","twitter_site":"@izoyalitim","twitter_misc":{"Price":"","Availability":"On backorder"},"schema":{"@context":"https:\/\/schema.org","@graph":[{"@type":["WebPage","ItemPage"],"@id":"https:\/\/izo.com.tr\/en\/urun\/izocamflex-elastomerik-kaucuk-levha\/","url":"https:\/\/izo.com.tr\/en\/urun\/izocamflex-elastomerik-kaucuk-levha\/","name":"\u0130zocamflex Elastomerik Kau\u00e7uk Levha","isPartOf":{"@id":"https:\/\/izo.com.tr\/en\/#website"},"primaryImageOfPage":{"@id":"https:\/\/izo.com.tr\/en\/urun\/izocamflex-elastomerik-kaucuk-levha\/#primaryimage"},"image":{"@id":"https:\/\/izo.com.tr\/en\/urun\/izocamflex-elastomerik-kaucuk-levha\/#primaryimage"},"thumbnailUrl":"https:\/\/izo.com.tr\/wp-content\/uploads\/2022\/04\/izocam-optiflex-levha.png","datePublished":"2022-04-16T13:40:24+00:00","dateModified":"2022-04-16T14:13:41+00:00","description":"\u0130zocam Manto Ta\u015fy\u00fcn\u00fc kullan\u0131m\u0131 d\u0131\u015ftan yal\u0131t\u0131m uygulamalar\u0131nda, \u0131s\u0131 yal\u0131t\u0131m\u0131n\u0131n yan\u0131nda ses yal\u0131t\u0131m\u0131 ve yang\u0131n g\u00fcvenli\u011fi de sa\u011flamaktad\u0131r.","breadcrumb":{"@id":"https:\/\/izo.com.tr\/en\/urun\/izocamflex-elastomerik-kaucuk-levha\/#breadcrumb"},"inLanguage":"en-US","potentialAction":[{"@type":"ReadAction","target":["https:\/\/izo.com.tr\/en\/urun\/izocamflex-elastomerik-kaucuk-levha\/"]}]},{"@type":"ImageObject","inLanguage":"en-US","@id":"https:\/\/izo.com.tr\/en\/urun\/izocamflex-elastomerik-kaucuk-levha\/#primaryimage","url":"https:\/\/izo.com.tr\/wp-content\/uploads\/2022\/04\/izocam-optiflex-levha.png","contentUrl":"https:\/\/izo.com.tr\/wp-content\/uploads\/2022\/04\/izocam-optiflex-levha.png","width":690,"height":405,"caption":"\u0130zocam Optifilex Elastomerik Kau\u00e7uk Levha"},{"@type":"BreadcrumbList","@id":"https:\/\/izo.com.tr\/en\/urun\/izocamflex-elastomerik-kaucuk-levha\/#breadcrumb","itemListElement":[{"@type":"ListItem","position":1,"name":"Anasayfa","item":"https:\/\/izo.com.tr\/en\/?page_id=4112"},{"@type":"ListItem","position":2,"name":"Ma\u011faza","item":"https:\/\/izo.com.tr\/magaza\/"},{"@type":"ListItem","position":3,"name":"\u0130zocamflex Elastomerik Kau\u00e7uk Levha"}]},{"@type":"WebSite","@id":"https:\/\/izo.com.tr\/en\/#website","url":"https:\/\/izo.com.tr\/en\/","name":"izo YALITIM","description":"Yenilik\u00e7i \u00c7\u00f6z\u00fcmler Sunar","publisher":{"@id":"https:\/\/izo.com.tr\/en\/#organization"},"potentialAction":[{"@type":"SearchAction","target":{"@type":"EntryPoint","urlTemplate":"https:\/\/izo.com.tr\/en\/?s={search_term_string}"},"query-input":{"@type":"PropertyValueSpecification","valueRequired":true,"valueName":"search_term_string"}}],"inLanguage":"en-US"},{"@type":["Organization","Place","Corporation"],"@id":"https:\/\/izo.com.tr\/en\/#organization","name":"\u0130ZO YALITIM \u0130N\u015e. TAAH. SAN. VE T\u0130C. LTD. \u015eT\u0130.","url":"https:\/\/izo.com.tr\/en\/","logo":{"@id":"https:\/\/izo.com.tr\/en\/urun\/izocamflex-elastomerik-kaucuk-levha\/#local-main-organization-logo"},"image":{"@id":"https:\/\/izo.com.tr\/en\/urun\/izocamflex-elastomerik-kaucuk-levha\/#local-main-organization-logo"},"sameAs":["http:\/\/facebook.com\/izoyalitimofficial","https:\/\/x.com\/izoyalitim"],"address":{"@id":"https:\/\/izo.com.tr\/en\/urun\/izocamflex-elastomerik-kaucuk-levha\/#local-main-place-address"},"telephone":["+90 216 612 8666","+90 216 612 8667"],"openingHoursSpecification":[{"@type":"OpeningHoursSpecification","dayOfWeek":["Monday","Tuesday","Wednesday","Thursday","Friday","Saturday"],"opens":"09:00","closes":"19:00"},{"@type":"OpeningHoursSpecification","dayOfWeek":["Sunday"],"opens":"00:00","closes":"00:00"}],"email":"izo@izo.com.tr","faxNumber":"+90 216 612 8665","taxID":"4840550543"},{"@type":"PostalAddress","@id":"https:\/\/izo.com.tr\/en\/urun\/izocamflex-elastomerik-kaucuk-levha\/#local-main-place-address","streetAddress":"Cemil Meri\u00e7 Mah. \u00c7ay\u0131r\u00f6n\u00fc Cad. No:5\/A, \u00dcmraniye","addressLocality":"\u0130STANBUL","postalCode":"34771","addressRegion":"-","addressCountry":"TR"},{"@type":"ImageObject","inLanguage":"en-US","@id":"https:\/\/izo.com.tr\/en\/urun\/izocamflex-elastomerik-kaucuk-levha\/#local-main-organization-logo","url":"https:\/\/izo.com.tr\/wp-content\/uploads\/2021\/11\/izo-YALITIM-180105-1_w300px.png","contentUrl":"https:\/\/izo.com.tr\/wp-content\/uploads\/2021\/11\/izo-YALITIM-180105-1_w300px.png","width":280,"height":60,"caption":"\u0130ZO YALITIM \u0130N\u015e. TAAH. SAN. VE T\u0130C. LTD. \u015eT\u0130."}]},"product_brand":"\u0130zocam","product_price_amount":"0.00","product_price_currency":"TRY","og_availability":"backorder","product_availability":"available for order","product_condition":"new","geo.placename":"\u0130STANBUL","geo.region":"Turkey"},"_links":{"self":[{"href":"https:\/\/izo.com.tr\/en\/wp-json\/wp\/v2\/product\/2007","targetHints":{"allow":["GET"]}}],"collection":[{"href":"https:\/\/izo.com.tr\/en\/wp-json\/wp\/v2\/product"}],"about":[{"href":"https:\/\/izo.com.tr\/en\/wp-json\/wp\/v2\/types\/product"}],"version-history":[{"count":0,"href":"https:\/\/izo.com.tr\/en\/wp-json\/wp\/v2\/product\/2007\/revisions"}],"wp:featuredmedia":[{"embeddable":true,"href":"https:\/\/izo.com.tr\/en\/wp-json\/wp\/v2\/media\/1991"}],"wp:attachment":[{"href":"https:\/\/izo.com.tr\/en\/wp-json\/wp\/v2\/media?parent=2007"}],"wp:term":[{"taxonomy":"product_brand","embeddable":true,"href":"https:\/\/izo.com.tr\/en\/wp-json\/wp\/v2\/product_brand?post=2007"},{"taxonomy":"product_cat","embeddable":true,"href":"https:\/\/izo.com.tr\/en\/wp-json\/wp\/v2\/product_cat?post=2007"},{"taxonomy":"product_tag","embeddable":true,"href":"https:\/\/izo.com.tr\/en\/wp-json\/wp\/v2\/product_tag?post=2007"}],"curies":[{"name":"wp","href":"https:\/\/api.w.org\/{rel}","templated":true}]}}