{"id":2038,"date":"2022-05-07T10:56:38","date_gmt":"2022-05-07T10:56:38","guid":{"rendered":"https:\/\/izo.com.tr\/?post_type=product&#038;p=2038"},"modified":"2022-06-28T11:38:50","modified_gmt":"2022-06-28T11:38:50","slug":"tunex-darbe-sesi-yalitim-siltesi","status":"publish","type":"product","link":"https:\/\/izo.com.tr\/en\/urun\/tunex-darbe-sesi-yalitim-siltesi\/","title":{"rendered":"Tunex &#8211; Darbe Sesi Yal\u0131t\u0131m \u015eiltesi"},"content":{"rendered":"<h3>Tunex Darbe Sesi Yal\u0131t\u0131m \u015eiltesi<\/h3>\n<p>Tunex, NBR kau\u00e7uk at\u0131klar\u0131n\u0131n geri d\u00f6n\u00fc\u015f\u00fcm\u00fc ile elde edilir. Darbe sesi yal\u0131t\u0131m\u0131 amac\u0131yla d\u00f6\u015feme kaplamas\u0131 alt\u0131nda kullan\u0131lan, \u00e7evreci ve yanmaz \u015filtedir. Hedeflenen akustik performansa g\u00f6re 5mm \u2013 25mm kal\u0131nl\u0131klar\u0131 aras\u0131nda d\u00fcz, 8\/4mm, 17\/8mm viyol se\u00e7enekleri ile farkl\u0131 kal\u0131nl\u0131klarda ve y\u00fczey formlar\u0131nda tercih edilerek kullan\u0131labilir. Tunex ile d\u00f6\u015femelerde, darbe sesi d\u00fczeyi (\u0394Lw) 21 dB ile 29 dB aras\u0131nda azalt\u0131labilir, hava do\u011fu\u015flu ses yal\u0131t\u0131m d\u00fczeyi ise (\u0394Rw) 2 dB ile 10 dB aras\u0131nda iyile\u015ftirilir.<\/p>\n","protected":false},"excerpt":{"rendered":"<p>Tunex Darbe Sesi Yal\u0131t\u0131m \u015eiltesi, NBR (Nitril Butadien Rubber &#8211; Nitril Kau\u00e7uk) kau\u00e7uk at\u0131klar\u0131n\u0131n geri d\u00f6n\u00fc\u015f\u00fcm\u00fc ile elde edilir. Darbe sesi yal\u0131t\u0131m\u0131 amac\u0131yla d\u00f6\u015feme kaplamas\u0131 alt\u0131nda kullan\u0131lan, \u00e7evreci ve yanmaz \u015filtedir.<\/p>\n","protected":false},"featured_media":2082,"template":"","meta":{"site-sidebar-layout":"default","site-content-layout":"","ast-site-content-layout":"","site-content-style":"default","site-sidebar-style":"default","ast-global-header-display":"","ast-banner-title-visibility":"","ast-main-header-display":"","ast-hfb-above-header-display":"","ast-hfb-below-header-display":"","ast-hfb-mobile-header-display":"","site-post-title":"","ast-breadcrumbs-content":"","ast-featured-img":"","footer-sml-layout":"","theme-transparent-header-meta":"","adv-header-id-meta":"","stick-header-meta":"","header-above-stick-meta":"","header-main-stick-meta":"","header-below-stick-meta":"","astra-migrate-meta-layouts":"default","ast-page-background-enabled":"default","ast-page-background-meta":{"desktop":{"background-color":"","background-image":"","background-repeat":"repeat","background-position":"center center","background-size":"auto","background-attachment":"scroll","background-type":"","background-media":"","overlay-type":"","overlay-color":"","overlay-opacity":"","overlay-gradient":""},"tablet":{"background-color":"","background-image":"","background-repeat":"repeat","background-position":"center center","background-size":"auto","background-attachment":"scroll","background-type":"","background-media":"","overlay-type":"","overlay-color":"","overlay-opacity":"","overlay-gradient":""},"mobile":{"background-color":"","background-image":"","background-repeat":"repeat","background-position":"center center","background-size":"auto","background-attachment":"scroll","background-type":"","background-media":"","overlay-type":"","overlay-color":"","overlay-opacity":"","overlay-gradient":""}},"ast-content-background-meta":{"desktop":{"background-color":"var(--ast-global-color-5)","background-image":"","background-repeat":"repeat","background-position":"center center","background-size":"auto","background-attachment":"scroll","background-type":"","background-media":"","overlay-type":"","overlay-color":"","overlay-opacity":"","overlay-gradient":""},"tablet":{"background-color":"var(--ast-global-color-5)","background-image":"","background-repeat":"repeat","background-position":"center center","background-size":"auto","background-attachment":"scroll","background-type":"","background-media":"","overlay-type":"","overlay-color":"","overlay-opacity":"","overlay-gradient":""},"mobile":{"background-color":"var(--ast-global-color-5)","background-image":"","background-repeat":"repeat","background-position":"center center","background-size":"auto","background-attachment":"scroll","background-type":"","background-media":"","overlay-type":"","overlay-color":"","overlay-opacity":"","overlay-gradient":""}}},"product_brand":[],"product_cat":[141,132,159],"product_tag":[],"class_list":{"0":"post-2038","1":"product","2":"type-product","3":"status-publish","4":"has-post-thumbnail","6":"product_cat-akustik-malzemeler","7":"product_cat-ses-yalitimi","8":"product_cat-yuzer-doseme","9":"yith_product_brand-dkm","10":"desktop-align-left","11":"tablet-align-left","12":"mobile-align-left","13":"ast-product-gallery-layout-horizontal-slider","14":"ast-product-tabs-layout-horizontal","16":"first","17":"onbackorder","18":"shipping-taxable","19":"product-type-simple"},"yoast_head":"<!-- This site is optimized with the Yoast SEO Premium plugin v26.0 (Yoast SEO v26.0) - https:\/\/yoast.com\/wordpress\/plugins\/seo\/ -->\n<title>Tunex - Darbe Sesi Yal\u0131t\u0131m \u015eiltesi<\/title>\n<meta name=\"description\" content=\"Tunex, NBR kau\u00e7uk at\u0131klar\u0131n\u0131n geri d\u00f6n\u00fc\u015f\u00fcm\u00fc ile elde edilir. Darbe sesi yal\u0131t\u0131m\u0131 i\u00e7in d\u00f6\u015feme kaplamas\u0131 alt\u0131nda kullan\u0131l\u0131r.\" \/>\n<meta name=\"robots\" content=\"noindex, follow, max-snippet:-1, max-image-preview:large, max-video-preview:-1\" \/>\n<meta property=\"og:locale\" content=\"en_US\" \/>\n<meta property=\"og:type\" content=\"article\" \/>\n<meta property=\"og:title\" content=\"Tunex - Darbe Sesi Yal\u0131t\u0131m \u015eiltesi\" \/>\n<meta property=\"og:description\" content=\"Tunex, NBR kau\u00e7uk at\u0131klar\u0131n\u0131n geri d\u00f6n\u00fc\u015f\u00fcm\u00fc ile elde edilir. Darbe sesi yal\u0131t\u0131m\u0131 i\u00e7in d\u00f6\u015feme kaplamas\u0131 alt\u0131nda kullan\u0131l\u0131r.\" \/>\n<meta property=\"og:url\" content=\"https:\/\/izo.com.tr\/en\/urun\/tunex-darbe-sesi-yalitim-siltesi\/\" \/>\n<meta property=\"og:site_name\" content=\"izo YALITIM\" \/>\n<meta property=\"article:publisher\" content=\"http:\/\/facebook.com\/izoyalitimofficial\" \/>\n<meta property=\"article:modified_time\" content=\"2022-06-28T11:38:50+00:00\" \/>\n<meta property=\"og:image\" content=\"https:\/\/izo.com.tr\/wp-content\/uploads\/2022\/05\/Tunex-darbe-sesi-yalitim-siltesi-rulo.jpeg\" \/>\n\t<meta property=\"og:image:width\" content=\"1000\" \/>\n\t<meta property=\"og:image:height\" content=\"1000\" \/>\n\t<meta property=\"og:image:type\" content=\"image\/jpeg\" \/>\n<meta name=\"twitter:card\" content=\"summary_large_image\" \/>\n<meta name=\"twitter:site\" content=\"@izoyalitim\" \/>\n<meta name=\"twitter:label1\" content=\"Price\" \/>\n\t<meta name=\"twitter:data1\" content=\"\" \/>\n\t<meta name=\"twitter:label2\" content=\"Availability\" \/>\n\t<meta name=\"twitter:data2\" content=\"On backorder\" \/>\n<script type=\"application\/ld+json\" class=\"yoast-schema-graph\">{\"@context\":\"https:\/\/schema.org\",\"@graph\":[{\"@type\":[\"WebPage\",\"ItemPage\"],\"@id\":\"https:\/\/izo.com.tr\/en\/urun\/tunex-darbe-sesi-yalitim-siltesi\/\",\"url\":\"https:\/\/izo.com.tr\/en\/urun\/tunex-darbe-sesi-yalitim-siltesi\/\",\"name\":\"Tunex - Darbe Sesi Yal\u0131t\u0131m \u015eiltesi\",\"isPartOf\":{\"@id\":\"https:\/\/izo.com.tr\/en\/#website\"},\"primaryImageOfPage\":{\"@id\":\"https:\/\/izo.com.tr\/en\/urun\/tunex-darbe-sesi-yalitim-siltesi\/#primaryimage\"},\"image\":{\"@id\":\"https:\/\/izo.com.tr\/en\/urun\/tunex-darbe-sesi-yalitim-siltesi\/#primaryimage\"},\"thumbnailUrl\":\"https:\/\/izo.com.tr\/wp-content\/uploads\/2022\/05\/Tunex-darbe-sesi-yalitim-siltesi-rulo.jpeg\",\"datePublished\":\"2022-05-07T10:56:38+00:00\",\"dateModified\":\"2022-06-28T11:38:50+00:00\",\"description\":\"Tunex, NBR kau\u00e7uk at\u0131klar\u0131n\u0131n geri d\u00f6n\u00fc\u015f\u00fcm\u00fc ile elde edilir. Darbe sesi yal\u0131t\u0131m\u0131 i\u00e7in d\u00f6\u015feme kaplamas\u0131 alt\u0131nda kullan\u0131l\u0131r.\",\"breadcrumb\":{\"@id\":\"https:\/\/izo.com.tr\/en\/urun\/tunex-darbe-sesi-yalitim-siltesi\/#breadcrumb\"},\"inLanguage\":\"en-US\",\"potentialAction\":[{\"@type\":\"ReadAction\",\"target\":[\"https:\/\/izo.com.tr\/en\/urun\/tunex-darbe-sesi-yalitim-siltesi\/\"]}]},{\"@type\":\"ImageObject\",\"inLanguage\":\"en-US\",\"@id\":\"https:\/\/izo.com.tr\/en\/urun\/tunex-darbe-sesi-yalitim-siltesi\/#primaryimage\",\"url\":\"https:\/\/izo.com.tr\/wp-content\/uploads\/2022\/05\/Tunex-darbe-sesi-yalitim-siltesi-rulo.jpeg\",\"contentUrl\":\"https:\/\/izo.com.tr\/wp-content\/uploads\/2022\/05\/Tunex-darbe-sesi-yalitim-siltesi-rulo.jpeg\",\"width\":1000,\"height\":1000,\"caption\":\"Tunex Darbe Sesi Yal\u0131t\u0131m \u015eiltesi\"},{\"@type\":\"BreadcrumbList\",\"@id\":\"https:\/\/izo.com.tr\/en\/urun\/tunex-darbe-sesi-yalitim-siltesi\/#breadcrumb\",\"itemListElement\":[{\"@type\":\"ListItem\",\"position\":1,\"name\":\"Anasayfa\",\"item\":\"https:\/\/izo.com.tr\/en\/?page_id=4112\"},{\"@type\":\"ListItem\",\"position\":2,\"name\":\"Ma\u011faza\",\"item\":\"https:\/\/izo.com.tr\/magaza\/\"},{\"@type\":\"ListItem\",\"position\":3,\"name\":\"Tunex &#8211; Darbe Sesi Yal\u0131t\u0131m \u015eiltesi\"}]},{\"@type\":\"WebSite\",\"@id\":\"https:\/\/izo.com.tr\/en\/#website\",\"url\":\"https:\/\/izo.com.tr\/en\/\",\"name\":\"izo YALITIM\",\"description\":\"Yenilik\u00e7i \u00c7\u00f6z\u00fcmler Sunar\",\"publisher\":{\"@id\":\"https:\/\/izo.com.tr\/en\/#organization\"},\"potentialAction\":[{\"@type\":\"SearchAction\",\"target\":{\"@type\":\"EntryPoint\",\"urlTemplate\":\"https:\/\/izo.com.tr\/en\/?s={search_term_string}\"},\"query-input\":{\"@type\":\"PropertyValueSpecification\",\"valueRequired\":true,\"valueName\":\"search_term_string\"}}],\"inLanguage\":\"en-US\"},{\"@type\":[\"Organization\",\"Place\",\"Corporation\"],\"@id\":\"https:\/\/izo.com.tr\/en\/#organization\",\"name\":\"\u0130ZO YALITIM \u0130N\u015e. TAAH. SAN. VE T\u0130C. LTD. \u015eT\u0130.\",\"url\":\"https:\/\/izo.com.tr\/en\/\",\"logo\":{\"@id\":\"https:\/\/izo.com.tr\/en\/urun\/tunex-darbe-sesi-yalitim-siltesi\/#local-main-organization-logo\"},\"image\":{\"@id\":\"https:\/\/izo.com.tr\/en\/urun\/tunex-darbe-sesi-yalitim-siltesi\/#local-main-organization-logo\"},\"sameAs\":[\"http:\/\/facebook.com\/izoyalitimofficial\",\"https:\/\/x.com\/izoyalitim\"],\"address\":{\"@id\":\"https:\/\/izo.com.tr\/en\/urun\/tunex-darbe-sesi-yalitim-siltesi\/#local-main-place-address\"},\"telephone\":[\"+90 216 612 8666\",\"+90 216 612 8667\"],\"openingHoursSpecification\":[{\"@type\":\"OpeningHoursSpecification\",\"dayOfWeek\":[\"Monday\",\"Tuesday\",\"Wednesday\",\"Thursday\",\"Friday\",\"Saturday\"],\"opens\":\"09:00\",\"closes\":\"19:00\"},{\"@type\":\"OpeningHoursSpecification\",\"dayOfWeek\":[\"Sunday\"],\"opens\":\"00:00\",\"closes\":\"00:00\"}],\"email\":\"izo@izo.com.tr\",\"faxNumber\":\"+90 216 612 8665\",\"taxID\":\"4840550543\"},{\"@type\":\"PostalAddress\",\"@id\":\"https:\/\/izo.com.tr\/en\/urun\/tunex-darbe-sesi-yalitim-siltesi\/#local-main-place-address\",\"streetAddress\":\"Cemil Meri\u00e7 Mah. \u00c7ay\u0131r\u00f6n\u00fc Cad. No:5\/A, \u00dcmraniye\",\"addressLocality\":\"\u0130STANBUL\",\"postalCode\":\"34771\",\"addressRegion\":\"-\",\"addressCountry\":\"TR\"},{\"@type\":\"ImageObject\",\"inLanguage\":\"en-US\",\"@id\":\"https:\/\/izo.com.tr\/en\/urun\/tunex-darbe-sesi-yalitim-siltesi\/#local-main-organization-logo\",\"url\":\"https:\/\/izo.com.tr\/wp-content\/uploads\/2021\/11\/izo-YALITIM-180105-1_w300px.png\",\"contentUrl\":\"https:\/\/izo.com.tr\/wp-content\/uploads\/2021\/11\/izo-YALITIM-180105-1_w300px.png\",\"width\":280,\"height\":60,\"caption\":\"\u0130ZO YALITIM \u0130N\u015e. TAAH. SAN. VE T\u0130C. LTD. \u015eT\u0130.\"}]}<\/script>\n<meta property=\"product:brand\" content=\"DKM\" \/>\n<meta property=\"product:price:amount\" content=\"0.00\" \/>\n<meta property=\"product:price:currency\" content=\"TRY\" \/>\n<meta property=\"og:availability\" content=\"backorder\" \/>\n<meta property=\"product:availability\" content=\"available for order\" \/>\n<meta property=\"product:condition\" content=\"new\" \/>\n<meta name=\"geo.placename\" content=\"\u0130STANBUL\" \/>\n<meta name=\"geo.region\" content=\"Turkey\" \/>\n<!-- \/ Yoast SEO Premium plugin. -->","yoast_head_json":{"title":"Tunex - Darbe Sesi Yal\u0131t\u0131m \u015eiltesi","description":"Tunex, NBR kau\u00e7uk at\u0131klar\u0131n\u0131n geri d\u00f6n\u00fc\u015f\u00fcm\u00fc ile elde edilir. Darbe sesi yal\u0131t\u0131m\u0131 i\u00e7in d\u00f6\u015feme kaplamas\u0131 alt\u0131nda kullan\u0131l\u0131r.","robots":{"index":"noindex","follow":"follow","max-snippet":"max-snippet:-1","max-image-preview":"max-image-preview:large","max-video-preview":"max-video-preview:-1"},"og_locale":"en_US","og_type":"article","og_title":"Tunex - Darbe Sesi Yal\u0131t\u0131m \u015eiltesi","og_description":"Tunex, NBR kau\u00e7uk at\u0131klar\u0131n\u0131n geri d\u00f6n\u00fc\u015f\u00fcm\u00fc ile elde edilir. Darbe sesi yal\u0131t\u0131m\u0131 i\u00e7in d\u00f6\u015feme kaplamas\u0131 alt\u0131nda kullan\u0131l\u0131r.","og_url":"https:\/\/izo.com.tr\/en\/urun\/tunex-darbe-sesi-yalitim-siltesi\/","og_site_name":"izo YALITIM","article_publisher":"http:\/\/facebook.com\/izoyalitimofficial","article_modified_time":"2022-06-28T11:38:50+00:00","og_image":[{"width":1000,"height":1000,"url":"https:\/\/izo.com.tr\/wp-content\/uploads\/2022\/05\/Tunex-darbe-sesi-yalitim-siltesi-rulo.jpeg","type":"image\/jpeg"}],"twitter_card":"summary_large_image","twitter_site":"@izoyalitim","twitter_misc":{"Price":"","Availability":"On backorder"},"schema":{"@context":"https:\/\/schema.org","@graph":[{"@type":["WebPage","ItemPage"],"@id":"https:\/\/izo.com.tr\/en\/urun\/tunex-darbe-sesi-yalitim-siltesi\/","url":"https:\/\/izo.com.tr\/en\/urun\/tunex-darbe-sesi-yalitim-siltesi\/","name":"Tunex - Darbe Sesi Yal\u0131t\u0131m \u015eiltesi","isPartOf":{"@id":"https:\/\/izo.com.tr\/en\/#website"},"primaryImageOfPage":{"@id":"https:\/\/izo.com.tr\/en\/urun\/tunex-darbe-sesi-yalitim-siltesi\/#primaryimage"},"image":{"@id":"https:\/\/izo.com.tr\/en\/urun\/tunex-darbe-sesi-yalitim-siltesi\/#primaryimage"},"thumbnailUrl":"https:\/\/izo.com.tr\/wp-content\/uploads\/2022\/05\/Tunex-darbe-sesi-yalitim-siltesi-rulo.jpeg","datePublished":"2022-05-07T10:56:38+00:00","dateModified":"2022-06-28T11:38:50+00:00","description":"Tunex, NBR kau\u00e7uk at\u0131klar\u0131n\u0131n geri d\u00f6n\u00fc\u015f\u00fcm\u00fc ile elde edilir. Darbe sesi yal\u0131t\u0131m\u0131 i\u00e7in d\u00f6\u015feme kaplamas\u0131 alt\u0131nda kullan\u0131l\u0131r.","breadcrumb":{"@id":"https:\/\/izo.com.tr\/en\/urun\/tunex-darbe-sesi-yalitim-siltesi\/#breadcrumb"},"inLanguage":"en-US","potentialAction":[{"@type":"ReadAction","target":["https:\/\/izo.com.tr\/en\/urun\/tunex-darbe-sesi-yalitim-siltesi\/"]}]},{"@type":"ImageObject","inLanguage":"en-US","@id":"https:\/\/izo.com.tr\/en\/urun\/tunex-darbe-sesi-yalitim-siltesi\/#primaryimage","url":"https:\/\/izo.com.tr\/wp-content\/uploads\/2022\/05\/Tunex-darbe-sesi-yalitim-siltesi-rulo.jpeg","contentUrl":"https:\/\/izo.com.tr\/wp-content\/uploads\/2022\/05\/Tunex-darbe-sesi-yalitim-siltesi-rulo.jpeg","width":1000,"height":1000,"caption":"Tunex Darbe Sesi Yal\u0131t\u0131m \u015eiltesi"},{"@type":"BreadcrumbList","@id":"https:\/\/izo.com.tr\/en\/urun\/tunex-darbe-sesi-yalitim-siltesi\/#breadcrumb","itemListElement":[{"@type":"ListItem","position":1,"name":"Anasayfa","item":"https:\/\/izo.com.tr\/en\/?page_id=4112"},{"@type":"ListItem","position":2,"name":"Ma\u011faza","item":"https:\/\/izo.com.tr\/magaza\/"},{"@type":"ListItem","position":3,"name":"Tunex &#8211; Darbe Sesi Yal\u0131t\u0131m \u015eiltesi"}]},{"@type":"WebSite","@id":"https:\/\/izo.com.tr\/en\/#website","url":"https:\/\/izo.com.tr\/en\/","name":"izo YALITIM","description":"Yenilik\u00e7i \u00c7\u00f6z\u00fcmler Sunar","publisher":{"@id":"https:\/\/izo.com.tr\/en\/#organization"},"potentialAction":[{"@type":"SearchAction","target":{"@type":"EntryPoint","urlTemplate":"https:\/\/izo.com.tr\/en\/?s={search_term_string}"},"query-input":{"@type":"PropertyValueSpecification","valueRequired":true,"valueName":"search_term_string"}}],"inLanguage":"en-US"},{"@type":["Organization","Place","Corporation"],"@id":"https:\/\/izo.com.tr\/en\/#organization","name":"\u0130ZO YALITIM \u0130N\u015e. TAAH. SAN. VE T\u0130C. LTD. \u015eT\u0130.","url":"https:\/\/izo.com.tr\/en\/","logo":{"@id":"https:\/\/izo.com.tr\/en\/urun\/tunex-darbe-sesi-yalitim-siltesi\/#local-main-organization-logo"},"image":{"@id":"https:\/\/izo.com.tr\/en\/urun\/tunex-darbe-sesi-yalitim-siltesi\/#local-main-organization-logo"},"sameAs":["http:\/\/facebook.com\/izoyalitimofficial","https:\/\/x.com\/izoyalitim"],"address":{"@id":"https:\/\/izo.com.tr\/en\/urun\/tunex-darbe-sesi-yalitim-siltesi\/#local-main-place-address"},"telephone":["+90 216 612 8666","+90 216 612 8667"],"openingHoursSpecification":[{"@type":"OpeningHoursSpecification","dayOfWeek":["Monday","Tuesday","Wednesday","Thursday","Friday","Saturday"],"opens":"09:00","closes":"19:00"},{"@type":"OpeningHoursSpecification","dayOfWeek":["Sunday"],"opens":"00:00","closes":"00:00"}],"email":"izo@izo.com.tr","faxNumber":"+90 216 612 8665","taxID":"4840550543"},{"@type":"PostalAddress","@id":"https:\/\/izo.com.tr\/en\/urun\/tunex-darbe-sesi-yalitim-siltesi\/#local-main-place-address","streetAddress":"Cemil Meri\u00e7 Mah. \u00c7ay\u0131r\u00f6n\u00fc Cad. No:5\/A, \u00dcmraniye","addressLocality":"\u0130STANBUL","postalCode":"34771","addressRegion":"-","addressCountry":"TR"},{"@type":"ImageObject","inLanguage":"en-US","@id":"https:\/\/izo.com.tr\/en\/urun\/tunex-darbe-sesi-yalitim-siltesi\/#local-main-organization-logo","url":"https:\/\/izo.com.tr\/wp-content\/uploads\/2021\/11\/izo-YALITIM-180105-1_w300px.png","contentUrl":"https:\/\/izo.com.tr\/wp-content\/uploads\/2021\/11\/izo-YALITIM-180105-1_w300px.png","width":280,"height":60,"caption":"\u0130ZO YALITIM \u0130N\u015e. TAAH. SAN. VE T\u0130C. LTD. \u015eT\u0130."}]},"product_brand":"DKM","product_price_amount":"0.00","product_price_currency":"TRY","og_availability":"backorder","product_availability":"available for order","product_condition":"new","geo.placename":"\u0130STANBUL","geo.region":"Turkey"},"_links":{"self":[{"href":"https:\/\/izo.com.tr\/en\/wp-json\/wp\/v2\/product\/2038","targetHints":{"allow":["GET"]}}],"collection":[{"href":"https:\/\/izo.com.tr\/en\/wp-json\/wp\/v2\/product"}],"about":[{"href":"https:\/\/izo.com.tr\/en\/wp-json\/wp\/v2\/types\/product"}],"version-history":[{"count":1,"href":"https:\/\/izo.com.tr\/en\/wp-json\/wp\/v2\/product\/2038\/revisions"}],"predecessor-version":[{"id":2051,"href":"https:\/\/izo.com.tr\/en\/wp-json\/wp\/v2\/product\/2038\/revisions\/2051"}],"wp:featuredmedia":[{"embeddable":true,"href":"https:\/\/izo.com.tr\/en\/wp-json\/wp\/v2\/media\/2082"}],"wp:attachment":[{"href":"https:\/\/izo.com.tr\/en\/wp-json\/wp\/v2\/media?parent=2038"}],"wp:term":[{"taxonomy":"product_brand","embeddable":true,"href":"https:\/\/izo.com.tr\/en\/wp-json\/wp\/v2\/product_brand?post=2038"},{"taxonomy":"product_cat","embeddable":true,"href":"https:\/\/izo.com.tr\/en\/wp-json\/wp\/v2\/product_cat?post=2038"},{"taxonomy":"product_tag","embeddable":true,"href":"https:\/\/izo.com.tr\/en\/wp-json\/wp\/v2\/product_tag?post=2038"}],"curies":[{"name":"wp","href":"https:\/\/api.w.org\/{rel}","templated":true}]}}