{"id":2083,"date":"2022-06-28T11:40:30","date_gmt":"2022-06-28T11:40:30","guid":{"rendered":"https:\/\/izo.com.tr\/?post_type=product&#038;p=2083"},"modified":"2022-06-28T11:56:56","modified_gmt":"2022-06-28T11:56:56","slug":"tunex-hq-darbe-sesi-yalitim-siltesi-2","status":"publish","type":"product","link":"https:\/\/izo.com.tr\/en\/urun\/tunex-hq-darbe-sesi-yalitim-siltesi-2\/","title":{"rendered":"Tunex HQ &#8211; Darbe Sesi Yal\u0131t\u0131m \u015eiltesi"},"content":{"rendered":"<h3>Tunex HQ &#8211; Darbe Sesi Yal\u0131t\u0131m \u015eiltesi<\/h3>\n<p>Tunex HQ, \u00f6mr\u00fcn\u00fc tamamlam\u0131\u015f lastiklerin (\u00d6TL) geri d\u00f6n\u00fc\u015f\u00fcm\u00fc ile elde edilir. Darbe sesi yal\u0131t\u0131m\u0131 amac\u0131yla d\u00f6\u015feme kaplamas\u0131 alt\u0131nda kullan\u0131lan \u015filtedir. Hedeflenen akustik performansa g\u00f6re 3mm, 4,5mm, 5mm d\u00fcz, 8\/4mm, 15\/10mm viyol se\u00e7enekleri ile farkl\u0131 kal\u0131nl\u0131klarda ve y\u00fczey formlar\u0131nda tercih edilerek kullan\u0131labilir. Tunex HQ ile d\u00f6\u015femelerde, darbe sesi d\u00fczeyi (\u0394Lw) 19 dB ile 34 dB aras\u0131nda azalt\u0131labilir, hava do\u011fu\u015flu ses yal\u0131t\u0131m d\u00fczeyi ise (\u0394Rw) 2 dB ile 10 dB aras\u0131nda iyile\u015ftirilir.<\/p>\n","protected":false},"excerpt":{"rendered":"<div class=\"elementor-column elementor-col-50 elementor-top-column elementor-element elementor-element-aac2dd7\" data-id=\"aac2dd7\" data-element_type=\"column\">\n<div class=\"elementor-column-wrap elementor-element-populated\">\n<div class=\"elementor-widget-wrap\">\n<div class=\"elementor-element-custom_color elementor-element elementor-element-b4d3db4 elementor-widget elementor-widget-text-editor\" data-id=\"b4d3db4\" data-element_type=\"widget\" data-widget_type=\"text-editor.default\">\n<div class=\"elementor-widget-container\">\n<div class=\"elementor-text-editor elementor-clearfix\">\n<p>Tunex HQ, \u00f6mr\u00fcn\u00fc tamamlam\u0131\u015f lastiklerin (\u00d6TL) geri d\u00f6n\u00fc\u015f\u00fcm\u00fc ile elde edilir. Darbe sesi yal\u0131t\u0131m\u0131 amac\u0131yla d\u00f6\u015feme kaplamas\u0131 alt\u0131nda kullan\u0131lan \u015filtedir.<\/p>\n<\/div>\n<\/div>\n<\/div>\n<\/div>\n<\/div>\n<\/div>\n<div class=\"elementor-column elementor-col-50 elementor-top-column elementor-element elementor-element-dcccd11\" data-id=\"dcccd11\" data-element_type=\"column\">\n<div class=\"elementor-column-wrap elementor-element-populated\">\n<div class=\"elementor-widget-wrap\">\n<div class=\"elementor-element elementor-element-1f42b43 elementor-widget elementor-widget-image\" data-id=\"1f42b43\" data-element_type=\"widget\" data-widget_type=\"image.default\">\n<div class=\"elementor-widget-container\"><\/div>\n<\/div>\n<\/div>\n<\/div>\n<\/div>\n","protected":false},"featured_media":2057,"template":"","meta":{"site-sidebar-layout":"default","site-content-layout":"","ast-site-content-layout":"","site-content-style":"default","site-sidebar-style":"default","ast-global-header-display":"","ast-banner-title-visibility":"","ast-main-header-display":"","ast-hfb-above-header-display":"","ast-hfb-below-header-display":"","ast-hfb-mobile-header-display":"","site-post-title":"","ast-breadcrumbs-content":"","ast-featured-img":"","footer-sml-layout":"","theme-transparent-header-meta":"","adv-header-id-meta":"","stick-header-meta":"","header-above-stick-meta":"","header-main-stick-meta":"","header-below-stick-meta":"","astra-migrate-meta-layouts":"default","ast-page-background-enabled":"default","ast-page-background-meta":{"desktop":{"background-color":"","background-image":"","background-repeat":"repeat","background-position":"center center","background-size":"auto","background-attachment":"scroll","background-type":"","background-media":"","overlay-type":"","overlay-color":"","overlay-opacity":"","overlay-gradient":""},"tablet":{"background-color":"","background-image":"","background-repeat":"repeat","background-position":"center center","background-size":"auto","background-attachment":"scroll","background-type":"","background-media":"","overlay-type":"","overlay-color":"","overlay-opacity":"","overlay-gradient":""},"mobile":{"background-color":"","background-image":"","background-repeat":"repeat","background-position":"center center","background-size":"auto","background-attachment":"scroll","background-type":"","background-media":"","overlay-type":"","overlay-color":"","overlay-opacity":"","overlay-gradient":""}},"ast-content-background-meta":{"desktop":{"background-color":"var(--ast-global-color-5)","background-image":"","background-repeat":"repeat","background-position":"center center","background-size":"auto","background-attachment":"scroll","background-type":"","background-media":"","overlay-type":"","overlay-color":"","overlay-opacity":"","overlay-gradient":""},"tablet":{"background-color":"var(--ast-global-color-5)","background-image":"","background-repeat":"repeat","background-position":"center center","background-size":"auto","background-attachment":"scroll","background-type":"","background-media":"","overlay-type":"","overlay-color":"","overlay-opacity":"","overlay-gradient":""},"mobile":{"background-color":"var(--ast-global-color-5)","background-image":"","background-repeat":"repeat","background-position":"center center","background-size":"auto","background-attachment":"scroll","background-type":"","background-media":"","overlay-type":"","overlay-color":"","overlay-opacity":"","overlay-gradient":""}}},"product_brand":[],"product_cat":[141,132,159],"product_tag":[],"class_list":{"0":"post-2083","1":"product","2":"type-product","3":"status-publish","4":"has-post-thumbnail","6":"product_cat-akustik-malzemeler","7":"product_cat-ses-yalitimi","8":"product_cat-yuzer-doseme","9":"yith_product_brand-dkm","10":"desktop-align-left","11":"tablet-align-left","12":"mobile-align-left","13":"ast-product-gallery-layout-horizontal-slider","14":"ast-product-tabs-layout-horizontal","16":"first","17":"onbackorder","18":"shipping-taxable","19":"product-type-simple"},"yoast_head":"<!-- This site is optimized with the Yoast SEO Premium plugin v26.0 (Yoast SEO v26.0) - https:\/\/yoast.com\/wordpress\/plugins\/seo\/ -->\n<title>Tunex HQ - Darbe Sesi Yal\u0131t\u0131m \u015eiltesi<\/title>\n<meta name=\"description\" content=\"Tunex, NBR kau\u00e7uk at\u0131klar\u0131n\u0131n geri d\u00f6n\u00fc\u015f\u00fcm\u00fc ile elde edilir. Darbe sesi yal\u0131t\u0131m\u0131 i\u00e7in d\u00f6\u015feme kaplamas\u0131 alt\u0131nda kullan\u0131l\u0131r.\" \/>\n<meta name=\"robots\" content=\"noindex, follow, max-snippet:-1, max-image-preview:large, max-video-preview:-1\" \/>\n<meta property=\"og:locale\" content=\"en_US\" \/>\n<meta property=\"og:type\" content=\"article\" \/>\n<meta property=\"og:title\" content=\"Tunex HQ - Darbe Sesi Yal\u0131t\u0131m \u015eiltesi\" \/>\n<meta property=\"og:description\" content=\"Tunex, NBR kau\u00e7uk at\u0131klar\u0131n\u0131n geri d\u00f6n\u00fc\u015f\u00fcm\u00fc ile elde edilir. Darbe sesi yal\u0131t\u0131m\u0131 i\u00e7in d\u00f6\u015feme kaplamas\u0131 alt\u0131nda kullan\u0131l\u0131r.\" \/>\n<meta property=\"og:url\" content=\"https:\/\/izo.com.tr\/en\/urun\/tunex-hq-darbe-sesi-yalitim-siltesi-2\/\" \/>\n<meta property=\"og:site_name\" content=\"izo YALITIM\" \/>\n<meta property=\"article:publisher\" content=\"http:\/\/facebook.com\/izoyalitimofficial\" \/>\n<meta property=\"article:modified_time\" content=\"2022-06-28T11:56:56+00:00\" \/>\n<meta property=\"og:image\" content=\"https:\/\/izo.com.tr\/wp-content\/uploads\/2022\/05\/Tunex-HQ.png\" \/>\n\t<meta property=\"og:image:width\" content=\"500\" \/>\n\t<meta property=\"og:image:height\" content=\"500\" \/>\n\t<meta property=\"og:image:type\" content=\"image\/png\" \/>\n<meta name=\"twitter:card\" content=\"summary_large_image\" \/>\n<meta name=\"twitter:site\" content=\"@izoyalitim\" \/>\n<meta name=\"twitter:label1\" content=\"Price\" \/>\n\t<meta name=\"twitter:data1\" content=\"\" \/>\n\t<meta name=\"twitter:label2\" content=\"Availability\" \/>\n\t<meta name=\"twitter:data2\" content=\"On backorder\" \/>\n<script type=\"application\/ld+json\" class=\"yoast-schema-graph\">{\"@context\":\"https:\/\/schema.org\",\"@graph\":[{\"@type\":[\"WebPage\",\"ItemPage\"],\"@id\":\"https:\/\/izo.com.tr\/en\/urun\/tunex-hq-darbe-sesi-yalitim-siltesi-2\/\",\"url\":\"https:\/\/izo.com.tr\/en\/urun\/tunex-hq-darbe-sesi-yalitim-siltesi-2\/\",\"name\":\"Tunex HQ - Darbe Sesi Yal\u0131t\u0131m \u015eiltesi\",\"isPartOf\":{\"@id\":\"https:\/\/izo.com.tr\/en\/#website\"},\"primaryImageOfPage\":{\"@id\":\"https:\/\/izo.com.tr\/en\/urun\/tunex-hq-darbe-sesi-yalitim-siltesi-2\/#primaryimage\"},\"image\":{\"@id\":\"https:\/\/izo.com.tr\/en\/urun\/tunex-hq-darbe-sesi-yalitim-siltesi-2\/#primaryimage\"},\"thumbnailUrl\":\"https:\/\/izo.com.tr\/wp-content\/uploads\/2022\/05\/Tunex-HQ.png\",\"datePublished\":\"2022-06-28T11:40:30+00:00\",\"dateModified\":\"2022-06-28T11:56:56+00:00\",\"description\":\"Tunex, NBR kau\u00e7uk at\u0131klar\u0131n\u0131n geri d\u00f6n\u00fc\u015f\u00fcm\u00fc ile elde edilir. Darbe sesi yal\u0131t\u0131m\u0131 i\u00e7in d\u00f6\u015feme kaplamas\u0131 alt\u0131nda kullan\u0131l\u0131r.\",\"breadcrumb\":{\"@id\":\"https:\/\/izo.com.tr\/en\/urun\/tunex-hq-darbe-sesi-yalitim-siltesi-2\/#breadcrumb\"},\"inLanguage\":\"en-US\",\"potentialAction\":[{\"@type\":\"ReadAction\",\"target\":[\"https:\/\/izo.com.tr\/en\/urun\/tunex-hq-darbe-sesi-yalitim-siltesi-2\/\"]}]},{\"@type\":\"ImageObject\",\"inLanguage\":\"en-US\",\"@id\":\"https:\/\/izo.com.tr\/en\/urun\/tunex-hq-darbe-sesi-yalitim-siltesi-2\/#primaryimage\",\"url\":\"https:\/\/izo.com.tr\/wp-content\/uploads\/2022\/05\/Tunex-HQ.png\",\"contentUrl\":\"https:\/\/izo.com.tr\/wp-content\/uploads\/2022\/05\/Tunex-HQ.png\",\"width\":500,\"height\":500,\"caption\":\"Tunex HQ\"},{\"@type\":\"BreadcrumbList\",\"@id\":\"https:\/\/izo.com.tr\/en\/urun\/tunex-hq-darbe-sesi-yalitim-siltesi-2\/#breadcrumb\",\"itemListElement\":[{\"@type\":\"ListItem\",\"position\":1,\"name\":\"Anasayfa\",\"item\":\"https:\/\/izo.com.tr\/en\/?page_id=4112\"},{\"@type\":\"ListItem\",\"position\":2,\"name\":\"Ma\u011faza\",\"item\":\"https:\/\/izo.com.tr\/magaza\/\"},{\"@type\":\"ListItem\",\"position\":3,\"name\":\"Tunex HQ &#8211; Darbe Sesi Yal\u0131t\u0131m \u015eiltesi\"}]},{\"@type\":\"WebSite\",\"@id\":\"https:\/\/izo.com.tr\/en\/#website\",\"url\":\"https:\/\/izo.com.tr\/en\/\",\"name\":\"izo YALITIM\",\"description\":\"Yenilik\u00e7i \u00c7\u00f6z\u00fcmler Sunar\",\"publisher\":{\"@id\":\"https:\/\/izo.com.tr\/en\/#organization\"},\"potentialAction\":[{\"@type\":\"SearchAction\",\"target\":{\"@type\":\"EntryPoint\",\"urlTemplate\":\"https:\/\/izo.com.tr\/en\/?s={search_term_string}\"},\"query-input\":{\"@type\":\"PropertyValueSpecification\",\"valueRequired\":true,\"valueName\":\"search_term_string\"}}],\"inLanguage\":\"en-US\"},{\"@type\":[\"Organization\",\"Place\",\"Corporation\"],\"@id\":\"https:\/\/izo.com.tr\/en\/#organization\",\"name\":\"\u0130ZO YALITIM \u0130N\u015e. TAAH. SAN. VE T\u0130C. LTD. \u015eT\u0130.\",\"url\":\"https:\/\/izo.com.tr\/en\/\",\"logo\":{\"@id\":\"https:\/\/izo.com.tr\/en\/urun\/tunex-hq-darbe-sesi-yalitim-siltesi-2\/#local-main-organization-logo\"},\"image\":{\"@id\":\"https:\/\/izo.com.tr\/en\/urun\/tunex-hq-darbe-sesi-yalitim-siltesi-2\/#local-main-organization-logo\"},\"sameAs\":[\"http:\/\/facebook.com\/izoyalitimofficial\",\"https:\/\/x.com\/izoyalitim\"],\"address\":{\"@id\":\"https:\/\/izo.com.tr\/en\/urun\/tunex-hq-darbe-sesi-yalitim-siltesi-2\/#local-main-place-address\"},\"telephone\":[\"+90 216 612 8666\",\"+90 216 612 8667\"],\"openingHoursSpecification\":[{\"@type\":\"OpeningHoursSpecification\",\"dayOfWeek\":[\"Monday\",\"Tuesday\",\"Wednesday\",\"Thursday\",\"Friday\",\"Saturday\"],\"opens\":\"09:00\",\"closes\":\"19:00\"},{\"@type\":\"OpeningHoursSpecification\",\"dayOfWeek\":[\"Sunday\"],\"opens\":\"00:00\",\"closes\":\"00:00\"}],\"email\":\"izo@izo.com.tr\",\"faxNumber\":\"+90 216 612 8665\",\"taxID\":\"4840550543\"},{\"@type\":\"PostalAddress\",\"@id\":\"https:\/\/izo.com.tr\/en\/urun\/tunex-hq-darbe-sesi-yalitim-siltesi-2\/#local-main-place-address\",\"streetAddress\":\"Cemil Meri\u00e7 Mah. \u00c7ay\u0131r\u00f6n\u00fc Cad. No:5\/A, \u00dcmraniye\",\"addressLocality\":\"\u0130STANBUL\",\"postalCode\":\"34771\",\"addressRegion\":\"-\",\"addressCountry\":\"TR\"},{\"@type\":\"ImageObject\",\"inLanguage\":\"en-US\",\"@id\":\"https:\/\/izo.com.tr\/en\/urun\/tunex-hq-darbe-sesi-yalitim-siltesi-2\/#local-main-organization-logo\",\"url\":\"https:\/\/izo.com.tr\/wp-content\/uploads\/2021\/11\/izo-YALITIM-180105-1_w300px.png\",\"contentUrl\":\"https:\/\/izo.com.tr\/wp-content\/uploads\/2021\/11\/izo-YALITIM-180105-1_w300px.png\",\"width\":280,\"height\":60,\"caption\":\"\u0130ZO YALITIM \u0130N\u015e. TAAH. SAN. VE T\u0130C. LTD. \u015eT\u0130.\"}]}<\/script>\n<meta property=\"product:brand\" content=\"DKM\" \/>\n<meta property=\"product:price:amount\" content=\"0.00\" \/>\n<meta property=\"product:price:currency\" content=\"TRY\" \/>\n<meta property=\"og:availability\" content=\"backorder\" \/>\n<meta property=\"product:availability\" content=\"available for order\" \/>\n<meta property=\"product:condition\" content=\"new\" \/>\n<meta name=\"geo.placename\" content=\"\u0130STANBUL\" \/>\n<meta name=\"geo.region\" content=\"Turkey\" \/>\n<!-- \/ Yoast SEO Premium plugin. -->","yoast_head_json":{"title":"Tunex HQ - Darbe Sesi Yal\u0131t\u0131m \u015eiltesi","description":"Tunex, NBR kau\u00e7uk at\u0131klar\u0131n\u0131n geri d\u00f6n\u00fc\u015f\u00fcm\u00fc ile elde edilir. Darbe sesi yal\u0131t\u0131m\u0131 i\u00e7in d\u00f6\u015feme kaplamas\u0131 alt\u0131nda kullan\u0131l\u0131r.","robots":{"index":"noindex","follow":"follow","max-snippet":"max-snippet:-1","max-image-preview":"max-image-preview:large","max-video-preview":"max-video-preview:-1"},"og_locale":"en_US","og_type":"article","og_title":"Tunex HQ - Darbe Sesi Yal\u0131t\u0131m \u015eiltesi","og_description":"Tunex, NBR kau\u00e7uk at\u0131klar\u0131n\u0131n geri d\u00f6n\u00fc\u015f\u00fcm\u00fc ile elde edilir. Darbe sesi yal\u0131t\u0131m\u0131 i\u00e7in d\u00f6\u015feme kaplamas\u0131 alt\u0131nda kullan\u0131l\u0131r.","og_url":"https:\/\/izo.com.tr\/en\/urun\/tunex-hq-darbe-sesi-yalitim-siltesi-2\/","og_site_name":"izo YALITIM","article_publisher":"http:\/\/facebook.com\/izoyalitimofficial","article_modified_time":"2022-06-28T11:56:56+00:00","og_image":[{"width":500,"height":500,"url":"https:\/\/izo.com.tr\/wp-content\/uploads\/2022\/05\/Tunex-HQ.png","type":"image\/png"}],"twitter_card":"summary_large_image","twitter_site":"@izoyalitim","twitter_misc":{"Price":"","Availability":"On backorder"},"schema":{"@context":"https:\/\/schema.org","@graph":[{"@type":["WebPage","ItemPage"],"@id":"https:\/\/izo.com.tr\/en\/urun\/tunex-hq-darbe-sesi-yalitim-siltesi-2\/","url":"https:\/\/izo.com.tr\/en\/urun\/tunex-hq-darbe-sesi-yalitim-siltesi-2\/","name":"Tunex HQ - Darbe Sesi Yal\u0131t\u0131m \u015eiltesi","isPartOf":{"@id":"https:\/\/izo.com.tr\/en\/#website"},"primaryImageOfPage":{"@id":"https:\/\/izo.com.tr\/en\/urun\/tunex-hq-darbe-sesi-yalitim-siltesi-2\/#primaryimage"},"image":{"@id":"https:\/\/izo.com.tr\/en\/urun\/tunex-hq-darbe-sesi-yalitim-siltesi-2\/#primaryimage"},"thumbnailUrl":"https:\/\/izo.com.tr\/wp-content\/uploads\/2022\/05\/Tunex-HQ.png","datePublished":"2022-06-28T11:40:30+00:00","dateModified":"2022-06-28T11:56:56+00:00","description":"Tunex, NBR kau\u00e7uk at\u0131klar\u0131n\u0131n geri d\u00f6n\u00fc\u015f\u00fcm\u00fc ile elde edilir. Darbe sesi yal\u0131t\u0131m\u0131 i\u00e7in d\u00f6\u015feme kaplamas\u0131 alt\u0131nda kullan\u0131l\u0131r.","breadcrumb":{"@id":"https:\/\/izo.com.tr\/en\/urun\/tunex-hq-darbe-sesi-yalitim-siltesi-2\/#breadcrumb"},"inLanguage":"en-US","potentialAction":[{"@type":"ReadAction","target":["https:\/\/izo.com.tr\/en\/urun\/tunex-hq-darbe-sesi-yalitim-siltesi-2\/"]}]},{"@type":"ImageObject","inLanguage":"en-US","@id":"https:\/\/izo.com.tr\/en\/urun\/tunex-hq-darbe-sesi-yalitim-siltesi-2\/#primaryimage","url":"https:\/\/izo.com.tr\/wp-content\/uploads\/2022\/05\/Tunex-HQ.png","contentUrl":"https:\/\/izo.com.tr\/wp-content\/uploads\/2022\/05\/Tunex-HQ.png","width":500,"height":500,"caption":"Tunex HQ"},{"@type":"BreadcrumbList","@id":"https:\/\/izo.com.tr\/en\/urun\/tunex-hq-darbe-sesi-yalitim-siltesi-2\/#breadcrumb","itemListElement":[{"@type":"ListItem","position":1,"name":"Anasayfa","item":"https:\/\/izo.com.tr\/en\/?page_id=4112"},{"@type":"ListItem","position":2,"name":"Ma\u011faza","item":"https:\/\/izo.com.tr\/magaza\/"},{"@type":"ListItem","position":3,"name":"Tunex HQ &#8211; Darbe Sesi Yal\u0131t\u0131m \u015eiltesi"}]},{"@type":"WebSite","@id":"https:\/\/izo.com.tr\/en\/#website","url":"https:\/\/izo.com.tr\/en\/","name":"izo YALITIM","description":"Yenilik\u00e7i \u00c7\u00f6z\u00fcmler Sunar","publisher":{"@id":"https:\/\/izo.com.tr\/en\/#organization"},"potentialAction":[{"@type":"SearchAction","target":{"@type":"EntryPoint","urlTemplate":"https:\/\/izo.com.tr\/en\/?s={search_term_string}"},"query-input":{"@type":"PropertyValueSpecification","valueRequired":true,"valueName":"search_term_string"}}],"inLanguage":"en-US"},{"@type":["Organization","Place","Corporation"],"@id":"https:\/\/izo.com.tr\/en\/#organization","name":"\u0130ZO YALITIM \u0130N\u015e. TAAH. SAN. VE T\u0130C. LTD. \u015eT\u0130.","url":"https:\/\/izo.com.tr\/en\/","logo":{"@id":"https:\/\/izo.com.tr\/en\/urun\/tunex-hq-darbe-sesi-yalitim-siltesi-2\/#local-main-organization-logo"},"image":{"@id":"https:\/\/izo.com.tr\/en\/urun\/tunex-hq-darbe-sesi-yalitim-siltesi-2\/#local-main-organization-logo"},"sameAs":["http:\/\/facebook.com\/izoyalitimofficial","https:\/\/x.com\/izoyalitim"],"address":{"@id":"https:\/\/izo.com.tr\/en\/urun\/tunex-hq-darbe-sesi-yalitim-siltesi-2\/#local-main-place-address"},"telephone":["+90 216 612 8666","+90 216 612 8667"],"openingHoursSpecification":[{"@type":"OpeningHoursSpecification","dayOfWeek":["Monday","Tuesday","Wednesday","Thursday","Friday","Saturday"],"opens":"09:00","closes":"19:00"},{"@type":"OpeningHoursSpecification","dayOfWeek":["Sunday"],"opens":"00:00","closes":"00:00"}],"email":"izo@izo.com.tr","faxNumber":"+90 216 612 8665","taxID":"4840550543"},{"@type":"PostalAddress","@id":"https:\/\/izo.com.tr\/en\/urun\/tunex-hq-darbe-sesi-yalitim-siltesi-2\/#local-main-place-address","streetAddress":"Cemil Meri\u00e7 Mah. \u00c7ay\u0131r\u00f6n\u00fc Cad. No:5\/A, \u00dcmraniye","addressLocality":"\u0130STANBUL","postalCode":"34771","addressRegion":"-","addressCountry":"TR"},{"@type":"ImageObject","inLanguage":"en-US","@id":"https:\/\/izo.com.tr\/en\/urun\/tunex-hq-darbe-sesi-yalitim-siltesi-2\/#local-main-organization-logo","url":"https:\/\/izo.com.tr\/wp-content\/uploads\/2021\/11\/izo-YALITIM-180105-1_w300px.png","contentUrl":"https:\/\/izo.com.tr\/wp-content\/uploads\/2021\/11\/izo-YALITIM-180105-1_w300px.png","width":280,"height":60,"caption":"\u0130ZO YALITIM \u0130N\u015e. TAAH. SAN. VE T\u0130C. LTD. \u015eT\u0130."}]},"product_brand":"DKM","product_price_amount":"0.00","product_price_currency":"TRY","og_availability":"backorder","product_availability":"available for order","product_condition":"new","geo.placename":"\u0130STANBUL","geo.region":"Turkey"},"_links":{"self":[{"href":"https:\/\/izo.com.tr\/en\/wp-json\/wp\/v2\/product\/2083","targetHints":{"allow":["GET"]}}],"collection":[{"href":"https:\/\/izo.com.tr\/en\/wp-json\/wp\/v2\/product"}],"about":[{"href":"https:\/\/izo.com.tr\/en\/wp-json\/wp\/v2\/types\/product"}],"version-history":[{"count":0,"href":"https:\/\/izo.com.tr\/en\/wp-json\/wp\/v2\/product\/2083\/revisions"}],"wp:featuredmedia":[{"embeddable":true,"href":"https:\/\/izo.com.tr\/en\/wp-json\/wp\/v2\/media\/2057"}],"wp:attachment":[{"href":"https:\/\/izo.com.tr\/en\/wp-json\/wp\/v2\/media?parent=2083"}],"wp:term":[{"taxonomy":"product_brand","embeddable":true,"href":"https:\/\/izo.com.tr\/en\/wp-json\/wp\/v2\/product_brand?post=2083"},{"taxonomy":"product_cat","embeddable":true,"href":"https:\/\/izo.com.tr\/en\/wp-json\/wp\/v2\/product_cat?post=2083"},{"taxonomy":"product_tag","embeddable":true,"href":"https:\/\/izo.com.tr\/en\/wp-json\/wp\/v2\/product_tag?post=2083"}],"curies":[{"name":"wp","href":"https:\/\/api.w.org\/{rel}","templated":true}]}}