{"id":237,"date":"2021-11-27T22:06:31","date_gmt":"2021-11-27T22:06:31","guid":{"rendered":"https:\/\/izo.com.tr\/?post_type=product&#038;p=237"},"modified":"2022-07-07T16:09:20","modified_gmt":"2022-07-07T16:09:20","slug":"izocam-camyunu-cati-siltesi-folyolu","status":"publish","type":"product","link":"https:\/\/izo.com.tr\/en\/urun\/izocam-camyunu-cati-siltesi-folyolu\/","title":{"rendered":"\u0130zocam Camy\u00fcn\u00fc \u00c7at\u0131 \u015eiltesi (Folyolu)"},"content":{"rendered":"<h3>\u0130zocam Camy\u00fcn\u00fc \u00c7at\u0131 \u015eiltesi<\/h3>\n<h3>Uygulama Alanlar\u0131<\/h3>\n<ul>\n<li>Uygulama sonras\u0131 malzeme \u00fczerine y\u00fck konulmamal\u0131, \u00fczerinde y\u00fcr\u00fcnmemelidir.<\/li>\n<li>Trapez metal \u00e7at\u0131 \u00fczerine yap\u0131lacak uygulamalarda \u00f6ncelikle buhar kesici olarak bir kat naylon \u00f6rt\u00fc serilerek ek yerleri 10 cm bindirilir ve yap\u0131\u015ft\u0131r\u0131l\u0131r.<\/li>\n<li>Buhar kesici katman\u0131n \u00fczerine End\u00fcstriyel Bina Levhas\u0131 yerle\u015ftirilir. Uygulama metal kaplama ile tamamlan\u0131r<\/li>\n<\/ul>\n<h3>Uygulama<\/h3>\n<p>\u015eilteler, kullan\u0131lmayan \u00e7at\u0131 aras\u0131 \u0131s\u0131 yal\u0131t\u0131m\u0131nda, d\u00f6\u015femeye serilmek sureti ile uygulan\u0131r. Camy\u00fcn\u00fc \u00e7at\u0131 \u015filtesi hafif<br \/>\noldu\u011fundan, \u00e7at\u0131ya \u00e7\u0131kart\u0131lmas\u0131 ve kesilerek uygulanmas\u0131 \u00e7ok kolayd\u0131r. Camy\u00fcn\u00fcn\u00fcn \u00f6zelliklerinden dolay\u0131; uygulama<br \/>\ns\u0131ras\u0131nda y\u0131rt\u0131lmaz, fire vermez. Her t\u00fcrl\u00fc \u00e7at\u0131ya kolayl\u0131kla uyum sa\u011flar. K\u0131\u015f\u0131n yo\u011fu\u015fma riskinin ortadan kald\u0131r\u0131lmas\u0131, yaz\u0131n<br \/>\nda g\u00fcne\u015f taraf\u0131ndan \u00e7at\u0131 aras\u0131nda a\u015f\u0131r\u0131 \u0131s\u0131nan havan\u0131n tahliyesi bak\u0131m\u0131ndan yal\u0131t\u0131m\u0131n \u00fcst k\u0131sm\u0131n\u0131n havaland\u0131r\u0131lmas\u0131na<br \/>\n\u00f6zen g\u00f6sterilmelidir. \u015eiltelerin \u00fczeri naylon veya benzeri \u00f6rt\u00fclerle kaplanmamal\u0131d\u0131r. Al\u00fcminyum folyo kapl\u0131 \u015filteler, folyolu<br \/>\ny\u00fcz daima s\u0131cak tarafta kalacak \u015fekilde serilmelidir. Uygulama sonras\u0131 malzeme \u00fczerine y\u00fck konulmamal\u0131, \u00fczerinde<br \/>\ny\u00fcr\u00fcnmemelidir.<\/p>\n<p>&nbsp;<\/p>\n<h3>Y\u00fckleme, Tahliye, Nakliye ve Depolama ile ilgili hat\u0131rlatmalar;<\/h3>\n<p>\u2022 Ya\u011f\u0131\u015fl\u0131 havada kapal\u0131 alanda yap\u0131lmal\u0131.<br \/>\n\u2022 \u0130ki ki\u015fi taraf\u0131ndan y\u00fcklenmeli ve bo\u015falt\u0131lmal\u0131.<br \/>\n\u2022 Birbiri \u00fczerine yava\u015f\u00e7a konulmal\u0131.<br \/>\n\u2022 Sadece arka kapak a\u00e7\u0131larak tahliye edilmeli.<br \/>\n\u2022 Tahliye s\u0131ra ile yap\u0131lmal\u0131.<br \/>\n\u2022 Yak\u0131n mesafelere sevk edilirken bile mutlaka branda<br \/>\n\u00f6rt\u00fclmeli.<br \/>\n\u2022 Nakliye ve depolama s\u0131ras\u0131nda dikine konulmamal\u0131.<br \/>\n\u2022 Depolama palet \u00fczerinde yap\u0131lmal\u0131 ancak paletle \u00fcst \u00fcste<br \/>\nistifleme yap\u0131lmamal\u0131.<br \/>\n\u2022 Ambalaj\u0131ndan \u00e7ekilerek tutulmamal\u0131.<br \/>\n\u2022 Mal\u0131n \u00fcst\u00fcne bas\u0131lmamal\u0131, basamak yap\u0131lmamal\u0131.<br \/>\n\u2022 \u015eilte torbalar\u0131 \u00f6zellikle k\u00f6\u015feleri yere \u00f6nce \u00e7arpacak<\/p>\n<p>&nbsp;<\/p>\n<p>Bu \u00fcr\u00fcn\u00fc <a href=\"https:\/\/www.izoyapimarket.com\/urun\/izocam-10-cm-camyunu-folyolu-cati-siltesi-t-400-rulo\">izoyapimarke<\/a>t sitesinden online sat\u0131n alabilirsiniz<\/p>\n","protected":false},"excerpt":{"rendered":"<p><strong>Al\u00fcminyum Folyolu<\/strong><\/p>\n<p>\u0130zocam Camy\u00fcn\u00fc \u00c7at\u0131 \u015eiltesi Tip 300, 350 ve 400 olmak \u00fczere \u00fc\u00e7 ayr\u0131 \u00f6zellikte \u00fcretilen camy\u00fcn\u00fc \u00e7at\u0131 \u015filtesi, kullan\u0131lmayan \u00e7at\u0131 aralar\u0131nda d\u00f6\u015feme \u00fczerinde, kullan\u0131lan \u00e7at\u0131 aralar\u0131nda mertek aralar\u0131nda, \u00fczerine y\u00fck gelmeyen yatay uygulamalarda, metal ve sandvi\u00e7 \u00e7at\u0131larda kullan\u0131l\u0131r.<\/p>\n<p style=\"text-align: center;\"><strong><a href=\"https:\/\/www.izoyapimarket.com\/urun\/izocam-10-cm-camyunu-folyolu-cati-siltesi-t-400-rulo\" target=\"_blank\" rel=\"noopener\">izoyapimarket.com sitesinden sat\u0131n al<\/a><\/strong><\/p>\n","protected":false},"featured_media":240,"template":"","meta":{"site-sidebar-layout":"default","site-content-layout":"default","ast-site-content-layout":"","site-content-style":"default","site-sidebar-style":"default","ast-global-header-display":"","ast-banner-title-visibility":"","ast-main-header-display":"","ast-hfb-above-header-display":"","ast-hfb-below-header-display":"","ast-hfb-mobile-header-display":"","site-post-title":"","ast-breadcrumbs-content":"","ast-featured-img":"","footer-sml-layout":"","theme-transparent-header-meta":"default","adv-header-id-meta":"","stick-header-meta":"default","header-above-stick-meta":"","header-main-stick-meta":"","header-below-stick-meta":"","astra-migrate-meta-layouts":"default","ast-page-background-enabled":"default","ast-page-background-meta":{"desktop":{"background-color":"","background-image":"","background-repeat":"repeat","background-position":"center center","background-size":"auto","background-attachment":"scroll","background-type":"","background-media":"","overlay-type":"","overlay-color":"","overlay-opacity":"","overlay-gradient":""},"tablet":{"background-color":"","background-image":"","background-repeat":"repeat","background-position":"center center","background-size":"auto","background-attachment":"scroll","background-type":"","background-media":"","overlay-type":"","overlay-color":"","overlay-opacity":"","overlay-gradient":""},"mobile":{"background-color":"","background-image":"","background-repeat":"repeat","background-position":"center center","background-size":"auto","background-attachment":"scroll","background-type":"","background-media":"","overlay-type":"","overlay-color":"","overlay-opacity":"","overlay-gradient":""}},"ast-content-background-meta":{"desktop":{"background-color":"var(--ast-global-color-5)","background-image":"","background-repeat":"repeat","background-position":"center center","background-size":"auto","background-attachment":"scroll","background-type":"","background-media":"","overlay-type":"","overlay-color":"","overlay-opacity":"","overlay-gradient":""},"tablet":{"background-color":"var(--ast-global-color-5)","background-image":"","background-repeat":"repeat","background-position":"center center","background-size":"auto","background-attachment":"scroll","background-type":"","background-media":"","overlay-type":"","overlay-color":"","overlay-opacity":"","overlay-gradient":""},"mobile":{"background-color":"var(--ast-global-color-5)","background-image":"","background-repeat":"repeat","background-position":"center center","background-size":"auto","background-attachment":"scroll","background-type":"","background-media":"","overlay-type":"","overlay-color":"","overlay-opacity":"","overlay-gradient":""}}},"product_brand":[],"product_cat":[147,137,19,18],"product_tag":[],"class_list":{"0":"post-237","1":"product","2":"type-product","3":"status-publish","4":"has-post-thumbnail","6":"product_cat-camyunu","7":"product_cat-cati-malzemeleri","8":"product_cat-isi-yalitimi","9":"product_cat-yapi-malzemeleri","10":"yith_product_brand-izocam","11":"desktop-align-left","12":"tablet-align-left","13":"mobile-align-left","14":"ast-product-gallery-layout-horizontal-slider","15":"ast-product-tabs-layout-horizontal","17":"first","18":"onbackorder","19":"shipping-taxable","20":"product-type-simple"},"yoast_head":"<!-- This site is optimized with the Yoast SEO Premium plugin v26.0 (Yoast SEO v26.0) - https:\/\/yoast.com\/wordpress\/plugins\/seo\/ -->\n<title>\u0130zocam Camy\u00fcn\u00fc \u00c7at\u0131 \u015eiltesi (Folyolu)<\/title>\n<meta name=\"description\" content=\"\u0130zocam Camy\u00fcn\u00fc \u00c7at\u0131 \u015eiltesi, \u00e7at\u0131 aralar\u0131nda d\u00f6\u015feme \u00fczerinde, mertek aralar\u0131nda, \u00fczerine y\u00fck gelmeyen yatay uygulamalarda kullan\u0131l\u0131r\" \/>\n<meta name=\"robots\" content=\"noindex, follow, max-snippet:-1, max-image-preview:large, max-video-preview:-1\" \/>\n<meta property=\"og:locale\" content=\"en_US\" \/>\n<meta property=\"og:type\" content=\"article\" \/>\n<meta property=\"og:title\" content=\"\u0130zocam Camy\u00fcn\u00fc \u00c7at\u0131 \u015eiltesi (Folyolu)\" \/>\n<meta property=\"og:description\" content=\"\u0130zocam Camy\u00fcn\u00fc \u00c7at\u0131 \u015eiltesi, \u00e7at\u0131 aralar\u0131nda d\u00f6\u015feme \u00fczerinde, mertek aralar\u0131nda, \u00fczerine y\u00fck gelmeyen yatay uygulamalarda kullan\u0131l\u0131r\" \/>\n<meta property=\"og:url\" content=\"https:\/\/izo.com.tr\/en\/urun\/izocam-camyunu-cati-siltesi-folyolu\/\" \/>\n<meta property=\"og:site_name\" content=\"izo YALITIM\" \/>\n<meta property=\"article:publisher\" content=\"http:\/\/facebook.com\/izoyalitimofficial\" \/>\n<meta property=\"article:modified_time\" content=\"2022-07-07T16:09:20+00:00\" \/>\n<meta property=\"og:image\" content=\"https:\/\/izo.com.tr\/wp-content\/uploads\/2021\/11\/izocam-aluminyum-folyolu-silte-01.jpg\" \/>\n\t<meta property=\"og:image:width\" content=\"1500\" \/>\n\t<meta property=\"og:image:height\" content=\"1500\" \/>\n\t<meta property=\"og:image:type\" content=\"image\/jpeg\" \/>\n<meta name=\"twitter:card\" content=\"summary_large_image\" \/>\n<meta name=\"twitter:site\" content=\"@izoyalitim\" \/>\n<meta name=\"twitter:label1\" content=\"Price\" \/>\n\t<meta name=\"twitter:data1\" content=\"\" \/>\n\t<meta name=\"twitter:label2\" content=\"Availability\" \/>\n\t<meta name=\"twitter:data2\" content=\"On backorder\" \/>\n<script type=\"application\/ld+json\" class=\"yoast-schema-graph\">{\"@context\":\"https:\/\/schema.org\",\"@graph\":[{\"@type\":[\"WebPage\",\"ItemPage\"],\"@id\":\"https:\/\/izo.com.tr\/en\/urun\/izocam-camyunu-cati-siltesi-folyolu\/\",\"url\":\"https:\/\/izo.com.tr\/en\/urun\/izocam-camyunu-cati-siltesi-folyolu\/\",\"name\":\"\u0130zocam Camy\u00fcn\u00fc \u00c7at\u0131 \u015eiltesi (Folyolu)\",\"isPartOf\":{\"@id\":\"https:\/\/izo.com.tr\/en\/#website\"},\"primaryImageOfPage\":{\"@id\":\"https:\/\/izo.com.tr\/en\/urun\/izocam-camyunu-cati-siltesi-folyolu\/#primaryimage\"},\"image\":{\"@id\":\"https:\/\/izo.com.tr\/en\/urun\/izocam-camyunu-cati-siltesi-folyolu\/#primaryimage\"},\"thumbnailUrl\":\"https:\/\/izo.com.tr\/wp-content\/uploads\/2021\/11\/izocam-aluminyum-folyolu-silte-01.jpg\",\"datePublished\":\"2021-11-27T22:06:31+00:00\",\"dateModified\":\"2022-07-07T16:09:20+00:00\",\"description\":\"\u0130zocam Camy\u00fcn\u00fc \u00c7at\u0131 \u015eiltesi, \u00e7at\u0131 aralar\u0131nda d\u00f6\u015feme \u00fczerinde, mertek aralar\u0131nda, \u00fczerine y\u00fck gelmeyen yatay uygulamalarda kullan\u0131l\u0131r\",\"breadcrumb\":{\"@id\":\"https:\/\/izo.com.tr\/en\/urun\/izocam-camyunu-cati-siltesi-folyolu\/#breadcrumb\"},\"inLanguage\":\"en-US\",\"potentialAction\":[{\"@type\":\"ReadAction\",\"target\":[\"https:\/\/izo.com.tr\/en\/urun\/izocam-camyunu-cati-siltesi-folyolu\/\"]}]},{\"@type\":\"ImageObject\",\"inLanguage\":\"en-US\",\"@id\":\"https:\/\/izo.com.tr\/en\/urun\/izocam-camyunu-cati-siltesi-folyolu\/#primaryimage\",\"url\":\"https:\/\/izo.com.tr\/wp-content\/uploads\/2021\/11\/izocam-aluminyum-folyolu-silte-01.jpg\",\"contentUrl\":\"https:\/\/izo.com.tr\/wp-content\/uploads\/2021\/11\/izocam-aluminyum-folyolu-silte-01.jpg\",\"width\":1500,\"height\":1500},{\"@type\":\"BreadcrumbList\",\"@id\":\"https:\/\/izo.com.tr\/en\/urun\/izocam-camyunu-cati-siltesi-folyolu\/#breadcrumb\",\"itemListElement\":[{\"@type\":\"ListItem\",\"position\":1,\"name\":\"Anasayfa\",\"item\":\"https:\/\/izo.com.tr\/en\/?page_id=4112\"},{\"@type\":\"ListItem\",\"position\":2,\"name\":\"Ma\u011faza\",\"item\":\"https:\/\/izo.com.tr\/magaza\/\"},{\"@type\":\"ListItem\",\"position\":3,\"name\":\"\u0130zocam Camy\u00fcn\u00fc \u00c7at\u0131 \u015eiltesi (Folyolu)\"}]},{\"@type\":\"WebSite\",\"@id\":\"https:\/\/izo.com.tr\/en\/#website\",\"url\":\"https:\/\/izo.com.tr\/en\/\",\"name\":\"izo YALITIM\",\"description\":\"Yenilik\u00e7i \u00c7\u00f6z\u00fcmler Sunar\",\"publisher\":{\"@id\":\"https:\/\/izo.com.tr\/en\/#organization\"},\"potentialAction\":[{\"@type\":\"SearchAction\",\"target\":{\"@type\":\"EntryPoint\",\"urlTemplate\":\"https:\/\/izo.com.tr\/en\/?s={search_term_string}\"},\"query-input\":{\"@type\":\"PropertyValueSpecification\",\"valueRequired\":true,\"valueName\":\"search_term_string\"}}],\"inLanguage\":\"en-US\"},{\"@type\":[\"Organization\",\"Place\",\"Corporation\"],\"@id\":\"https:\/\/izo.com.tr\/en\/#organization\",\"name\":\"\u0130ZO YALITIM \u0130N\u015e. TAAH. SAN. VE T\u0130C. LTD. \u015eT\u0130.\",\"url\":\"https:\/\/izo.com.tr\/en\/\",\"logo\":{\"@id\":\"https:\/\/izo.com.tr\/en\/urun\/izocam-camyunu-cati-siltesi-folyolu\/#local-main-organization-logo\"},\"image\":{\"@id\":\"https:\/\/izo.com.tr\/en\/urun\/izocam-camyunu-cati-siltesi-folyolu\/#local-main-organization-logo\"},\"sameAs\":[\"http:\/\/facebook.com\/izoyalitimofficial\",\"https:\/\/x.com\/izoyalitim\"],\"address\":{\"@id\":\"https:\/\/izo.com.tr\/en\/urun\/izocam-camyunu-cati-siltesi-folyolu\/#local-main-place-address\"},\"telephone\":[\"+90 216 612 8666\",\"+90 216 612 8667\"],\"openingHoursSpecification\":[{\"@type\":\"OpeningHoursSpecification\",\"dayOfWeek\":[\"Monday\",\"Tuesday\",\"Wednesday\",\"Thursday\",\"Friday\",\"Saturday\"],\"opens\":\"09:00\",\"closes\":\"19:00\"},{\"@type\":\"OpeningHoursSpecification\",\"dayOfWeek\":[\"Sunday\"],\"opens\":\"00:00\",\"closes\":\"00:00\"}],\"email\":\"izo@izo.com.tr\",\"faxNumber\":\"+90 216 612 8665\",\"taxID\":\"4840550543\"},{\"@type\":\"PostalAddress\",\"@id\":\"https:\/\/izo.com.tr\/en\/urun\/izocam-camyunu-cati-siltesi-folyolu\/#local-main-place-address\",\"streetAddress\":\"Cemil Meri\u00e7 Mah. \u00c7ay\u0131r\u00f6n\u00fc Cad. No:5\/A, \u00dcmraniye\",\"addressLocality\":\"\u0130STANBUL\",\"postalCode\":\"34771\",\"addressRegion\":\"-\",\"addressCountry\":\"TR\"},{\"@type\":\"ImageObject\",\"inLanguage\":\"en-US\",\"@id\":\"https:\/\/izo.com.tr\/en\/urun\/izocam-camyunu-cati-siltesi-folyolu\/#local-main-organization-logo\",\"url\":\"https:\/\/izo.com.tr\/wp-content\/uploads\/2021\/11\/izo-YALITIM-180105-1_w300px.png\",\"contentUrl\":\"https:\/\/izo.com.tr\/wp-content\/uploads\/2021\/11\/izo-YALITIM-180105-1_w300px.png\",\"width\":280,\"height\":60,\"caption\":\"\u0130ZO YALITIM \u0130N\u015e. TAAH. SAN. VE T\u0130C. LTD. \u015eT\u0130.\"}]}<\/script>\n<meta property=\"product:brand\" content=\"\u0130zocam\" \/>\n<meta property=\"product:price:amount\" content=\"0.00\" \/>\n<meta property=\"product:price:currency\" content=\"TRY\" \/>\n<meta property=\"og:availability\" content=\"backorder\" \/>\n<meta property=\"product:availability\" content=\"available for order\" \/>\n<meta property=\"product:condition\" content=\"new\" \/>\n<meta name=\"geo.placename\" content=\"\u0130STANBUL\" \/>\n<meta name=\"geo.region\" content=\"Turkey\" \/>\n<!-- \/ Yoast SEO Premium plugin. -->","yoast_head_json":{"title":"\u0130zocam Camy\u00fcn\u00fc \u00c7at\u0131 \u015eiltesi (Folyolu)","description":"\u0130zocam Camy\u00fcn\u00fc \u00c7at\u0131 \u015eiltesi, \u00e7at\u0131 aralar\u0131nda d\u00f6\u015feme \u00fczerinde, mertek aralar\u0131nda, \u00fczerine y\u00fck gelmeyen yatay uygulamalarda kullan\u0131l\u0131r","robots":{"index":"noindex","follow":"follow","max-snippet":"max-snippet:-1","max-image-preview":"max-image-preview:large","max-video-preview":"max-video-preview:-1"},"og_locale":"en_US","og_type":"article","og_title":"\u0130zocam Camy\u00fcn\u00fc \u00c7at\u0131 \u015eiltesi (Folyolu)","og_description":"\u0130zocam Camy\u00fcn\u00fc \u00c7at\u0131 \u015eiltesi, \u00e7at\u0131 aralar\u0131nda d\u00f6\u015feme \u00fczerinde, mertek aralar\u0131nda, \u00fczerine y\u00fck gelmeyen yatay uygulamalarda kullan\u0131l\u0131r","og_url":"https:\/\/izo.com.tr\/en\/urun\/izocam-camyunu-cati-siltesi-folyolu\/","og_site_name":"izo YALITIM","article_publisher":"http:\/\/facebook.com\/izoyalitimofficial","article_modified_time":"2022-07-07T16:09:20+00:00","og_image":[{"width":1500,"height":1500,"url":"https:\/\/izo.com.tr\/wp-content\/uploads\/2021\/11\/izocam-aluminyum-folyolu-silte-01.jpg","type":"image\/jpeg"}],"twitter_card":"summary_large_image","twitter_site":"@izoyalitim","twitter_misc":{"Price":"","Availability":"On backorder"},"schema":{"@context":"https:\/\/schema.org","@graph":[{"@type":["WebPage","ItemPage"],"@id":"https:\/\/izo.com.tr\/en\/urun\/izocam-camyunu-cati-siltesi-folyolu\/","url":"https:\/\/izo.com.tr\/en\/urun\/izocam-camyunu-cati-siltesi-folyolu\/","name":"\u0130zocam Camy\u00fcn\u00fc \u00c7at\u0131 \u015eiltesi (Folyolu)","isPartOf":{"@id":"https:\/\/izo.com.tr\/en\/#website"},"primaryImageOfPage":{"@id":"https:\/\/izo.com.tr\/en\/urun\/izocam-camyunu-cati-siltesi-folyolu\/#primaryimage"},"image":{"@id":"https:\/\/izo.com.tr\/en\/urun\/izocam-camyunu-cati-siltesi-folyolu\/#primaryimage"},"thumbnailUrl":"https:\/\/izo.com.tr\/wp-content\/uploads\/2021\/11\/izocam-aluminyum-folyolu-silte-01.jpg","datePublished":"2021-11-27T22:06:31+00:00","dateModified":"2022-07-07T16:09:20+00:00","description":"\u0130zocam Camy\u00fcn\u00fc \u00c7at\u0131 \u015eiltesi, \u00e7at\u0131 aralar\u0131nda d\u00f6\u015feme \u00fczerinde, mertek aralar\u0131nda, \u00fczerine y\u00fck gelmeyen yatay uygulamalarda kullan\u0131l\u0131r","breadcrumb":{"@id":"https:\/\/izo.com.tr\/en\/urun\/izocam-camyunu-cati-siltesi-folyolu\/#breadcrumb"},"inLanguage":"en-US","potentialAction":[{"@type":"ReadAction","target":["https:\/\/izo.com.tr\/en\/urun\/izocam-camyunu-cati-siltesi-folyolu\/"]}]},{"@type":"ImageObject","inLanguage":"en-US","@id":"https:\/\/izo.com.tr\/en\/urun\/izocam-camyunu-cati-siltesi-folyolu\/#primaryimage","url":"https:\/\/izo.com.tr\/wp-content\/uploads\/2021\/11\/izocam-aluminyum-folyolu-silte-01.jpg","contentUrl":"https:\/\/izo.com.tr\/wp-content\/uploads\/2021\/11\/izocam-aluminyum-folyolu-silte-01.jpg","width":1500,"height":1500},{"@type":"BreadcrumbList","@id":"https:\/\/izo.com.tr\/en\/urun\/izocam-camyunu-cati-siltesi-folyolu\/#breadcrumb","itemListElement":[{"@type":"ListItem","position":1,"name":"Anasayfa","item":"https:\/\/izo.com.tr\/en\/?page_id=4112"},{"@type":"ListItem","position":2,"name":"Ma\u011faza","item":"https:\/\/izo.com.tr\/magaza\/"},{"@type":"ListItem","position":3,"name":"\u0130zocam Camy\u00fcn\u00fc \u00c7at\u0131 \u015eiltesi (Folyolu)"}]},{"@type":"WebSite","@id":"https:\/\/izo.com.tr\/en\/#website","url":"https:\/\/izo.com.tr\/en\/","name":"izo YALITIM","description":"Yenilik\u00e7i \u00c7\u00f6z\u00fcmler Sunar","publisher":{"@id":"https:\/\/izo.com.tr\/en\/#organization"},"potentialAction":[{"@type":"SearchAction","target":{"@type":"EntryPoint","urlTemplate":"https:\/\/izo.com.tr\/en\/?s={search_term_string}"},"query-input":{"@type":"PropertyValueSpecification","valueRequired":true,"valueName":"search_term_string"}}],"inLanguage":"en-US"},{"@type":["Organization","Place","Corporation"],"@id":"https:\/\/izo.com.tr\/en\/#organization","name":"\u0130ZO YALITIM \u0130N\u015e. TAAH. SAN. VE T\u0130C. LTD. \u015eT\u0130.","url":"https:\/\/izo.com.tr\/en\/","logo":{"@id":"https:\/\/izo.com.tr\/en\/urun\/izocam-camyunu-cati-siltesi-folyolu\/#local-main-organization-logo"},"image":{"@id":"https:\/\/izo.com.tr\/en\/urun\/izocam-camyunu-cati-siltesi-folyolu\/#local-main-organization-logo"},"sameAs":["http:\/\/facebook.com\/izoyalitimofficial","https:\/\/x.com\/izoyalitim"],"address":{"@id":"https:\/\/izo.com.tr\/en\/urun\/izocam-camyunu-cati-siltesi-folyolu\/#local-main-place-address"},"telephone":["+90 216 612 8666","+90 216 612 8667"],"openingHoursSpecification":[{"@type":"OpeningHoursSpecification","dayOfWeek":["Monday","Tuesday","Wednesday","Thursday","Friday","Saturday"],"opens":"09:00","closes":"19:00"},{"@type":"OpeningHoursSpecification","dayOfWeek":["Sunday"],"opens":"00:00","closes":"00:00"}],"email":"izo@izo.com.tr","faxNumber":"+90 216 612 8665","taxID":"4840550543"},{"@type":"PostalAddress","@id":"https:\/\/izo.com.tr\/en\/urun\/izocam-camyunu-cati-siltesi-folyolu\/#local-main-place-address","streetAddress":"Cemil Meri\u00e7 Mah. \u00c7ay\u0131r\u00f6n\u00fc Cad. No:5\/A, \u00dcmraniye","addressLocality":"\u0130STANBUL","postalCode":"34771","addressRegion":"-","addressCountry":"TR"},{"@type":"ImageObject","inLanguage":"en-US","@id":"https:\/\/izo.com.tr\/en\/urun\/izocam-camyunu-cati-siltesi-folyolu\/#local-main-organization-logo","url":"https:\/\/izo.com.tr\/wp-content\/uploads\/2021\/11\/izo-YALITIM-180105-1_w300px.png","contentUrl":"https:\/\/izo.com.tr\/wp-content\/uploads\/2021\/11\/izo-YALITIM-180105-1_w300px.png","width":280,"height":60,"caption":"\u0130ZO YALITIM \u0130N\u015e. TAAH. SAN. VE T\u0130C. LTD. \u015eT\u0130."}]},"product_brand":"\u0130zocam","product_price_amount":"0.00","product_price_currency":"TRY","og_availability":"backorder","product_availability":"available for order","product_condition":"new","geo.placename":"\u0130STANBUL","geo.region":"Turkey"},"_links":{"self":[{"href":"https:\/\/izo.com.tr\/en\/wp-json\/wp\/v2\/product\/237","targetHints":{"allow":["GET"]}}],"collection":[{"href":"https:\/\/izo.com.tr\/en\/wp-json\/wp\/v2\/product"}],"about":[{"href":"https:\/\/izo.com.tr\/en\/wp-json\/wp\/v2\/types\/product"}],"version-history":[{"count":1,"href":"https:\/\/izo.com.tr\/en\/wp-json\/wp\/v2\/product\/237\/revisions"}],"predecessor-version":[{"id":2194,"href":"https:\/\/izo.com.tr\/en\/wp-json\/wp\/v2\/product\/237\/revisions\/2194"}],"wp:featuredmedia":[{"embeddable":true,"href":"https:\/\/izo.com.tr\/en\/wp-json\/wp\/v2\/media\/240"}],"wp:attachment":[{"href":"https:\/\/izo.com.tr\/en\/wp-json\/wp\/v2\/media?parent=237"}],"wp:term":[{"taxonomy":"product_brand","embeddable":true,"href":"https:\/\/izo.com.tr\/en\/wp-json\/wp\/v2\/product_brand?post=237"},{"taxonomy":"product_cat","embeddable":true,"href":"https:\/\/izo.com.tr\/en\/wp-json\/wp\/v2\/product_cat?post=237"},{"taxonomy":"product_tag","embeddable":true,"href":"https:\/\/izo.com.tr\/en\/wp-json\/wp\/v2\/product_tag?post=237"}],"curies":[{"name":"wp","href":"https:\/\/api.w.org\/{rel}","templated":true}]}}