{"id":411,"date":"2021-12-08T11:00:37","date_gmt":"2021-12-08T11:00:37","guid":{"rendered":"https:\/\/izo.com.tr\/?post_type=product&#038;p=411"},"modified":"2021-12-14T15:34:20","modified_gmt":"2021-12-14T15:34:20","slug":"isonem-sb-super-bilesen-su-yalitim-malzemesi","status":"publish","type":"product","link":"https:\/\/izo.com.tr\/en\/urun\/isonem-sb-super-bilesen-su-yalitim-malzemesi\/","title":{"rendered":"\u0130sonem SB S\u00fcper Bile\u015fen Su Yal\u0131t\u0131m Malzemesi"},"content":{"rendered":"<p><strong>SB S\u00fcper Bile\u015fen<\/strong><\/p>\n<p>SB S\u00dcPER B\u0130LE\u015eEN, \u00d6zel mineral dolgu ve polymer bile\u015fenlerinden olu\u015fan, g\u00fc\u00e7l\u00fc aderans kabiliyetine sahip, m\u00fckemmel su direnci ve UV direnci olan son derece dayan\u0131kl\u0131 bir yal\u0131t\u0131m kaplamas\u0131d\u0131r. ISONEM SB S\u00dcPER B\u0130LE\u015eEN yap\u0131s\u0131 gere\u011fi di\u011fer yal\u0131t\u0131m malzemelerinin aksine a\u015f\u0131nmaz. Bu y\u00fczden \u00fczerinde gezilen beton \u00e7at\u0131larda, teraslarda, y\u00fcr\u00fcme yollar\u0131nda, asfalt kaplamalarda kullan\u0131m\u0131na son derece uygundur. G\u00fcne\u015ften, kardan, ya\u011fmurdan, sudan etkilenmez.\u0130stenildi\u011fi takdirde \u00fczerine her t\u00fcrl\u00fc seramik mermer vb. kaplama yap\u0131labilir. Ekonomik ve uzun \u00f6m\u00fcrl\u00fcd\u00fcr. \u0130nsan sa\u011fl\u0131\u011f\u0131na zarar\u0131 yoktur.<\/p>\n<p><strong>TEKN\u0130K \u00d6ZELL\u0130KLER<\/strong><br \/>\n\u00b7 Yo\u011funluk (25\u00b0C, g\/mL) : 1,40 \u00b1 0,10<br \/>\n\u00b7 pH (25\u00b0C) : 7.0 \u2013 9.0<br \/>\n\u00b7 Viskozite (25\u00b0C, mPa.s) : 9000 &#8211; 12000<br \/>\n\u00b7 Kat\u0131 Madde Oran\u0131 (A\u011f\u0131rl\u0131k\u00e7a %) : 74 \u00b1 2<br \/>\n\u00b7 Su aktar\u0131m h\u0131z\u0131 (kg\/ m\u00b2. h<sup>0,5<\/sup> ): &lt; 0,1 SINIF W<sub>3<\/sub><br \/>\n\u00b7 \u00c7ekip koparma deneyi yoluyla yap\u0131\u015fma dayan\u0131m\u0131 (N\/mm\u00b2): \u00c7atlak kapatma veya esnek sistemler trafik y\u00fck\u00fc olmadan \u2265 0,8, trafik y\u00fck\u00fc ile birlikte 1.5 N\/mm\u00b2<br \/>\n\u00b7 Su Buhar\u0131 Ge\u00e7irgenli\u011fi : 5 \u2264 SD \u2264 50 SINIF II<br \/>\n\u00b7 \u00c7\u00f6z\u00fcc\u00fc :Su<\/p>\n<p>Bu \u00fcr\u00fcn\u00fc <a href=\"https:\/\/www.izoyapimarket.com\/urun\/isonem-sb-super-bilesen-18-kg-beyaz\">izoyapimarket<\/a> sitesinden online sat\u0131n alabilirsiniz<\/p>\n","protected":false},"excerpt":{"rendered":"<p>SB S\u00dcPER B\u0130LE\u015eEN, \u00d6zel mineral dolgu ve polymer bile\u015fenlerinden olu\u015fan, g\u00fc\u00e7l\u00fc aderans kabiliyetine sahip, m\u00fckemmel su direnci ve UV direnci olan son derece dayan\u0131kl\u0131 bir yal\u0131t\u0131m kaplamas\u0131d\u0131r.<\/p>\n<p style=\"text-align: center;\"><a href=\"https:\/\/www.izoyapimarket.com\/urun\/isonem-sb-super-bilesen-18-kg-beyaz\"><strong>izoyapimarket.com sitesinden sat\u0131n al<\/strong><\/a><\/p>\n","protected":false},"featured_media":415,"template":"","meta":{"site-sidebar-layout":"default","site-content-layout":"","ast-site-content-layout":"","site-content-style":"default","site-sidebar-style":"default","ast-global-header-display":"","ast-banner-title-visibility":"","ast-main-header-display":"","ast-hfb-above-header-display":"","ast-hfb-below-header-display":"","ast-hfb-mobile-header-display":"","site-post-title":"","ast-breadcrumbs-content":"","ast-featured-img":"","footer-sml-layout":"","theme-transparent-header-meta":"","adv-header-id-meta":"","stick-header-meta":"","header-above-stick-meta":"","header-main-stick-meta":"","header-below-stick-meta":"","astra-migrate-meta-layouts":"default","ast-page-background-enabled":"default","ast-page-background-meta":{"desktop":{"background-color":"","background-image":"","background-repeat":"repeat","background-position":"center center","background-size":"auto","background-attachment":"scroll","background-type":"","background-media":"","overlay-type":"","overlay-color":"","overlay-opacity":"","overlay-gradient":""},"tablet":{"background-color":"","background-image":"","background-repeat":"repeat","background-position":"center center","background-size":"auto","background-attachment":"scroll","background-type":"","background-media":"","overlay-type":"","overlay-color":"","overlay-opacity":"","overlay-gradient":""},"mobile":{"background-color":"","background-image":"","background-repeat":"repeat","background-position":"center center","background-size":"auto","background-attachment":"scroll","background-type":"","background-media":"","overlay-type":"","overlay-color":"","overlay-opacity":"","overlay-gradient":""}},"ast-content-background-meta":{"desktop":{"background-color":"var(--ast-global-color-5)","background-image":"","background-repeat":"repeat","background-position":"center center","background-size":"auto","background-attachment":"scroll","background-type":"","background-media":"","overlay-type":"","overlay-color":"","overlay-opacity":"","overlay-gradient":""},"tablet":{"background-color":"var(--ast-global-color-5)","background-image":"","background-repeat":"repeat","background-position":"center center","background-size":"auto","background-attachment":"scroll","background-type":"","background-media":"","overlay-type":"","overlay-color":"","overlay-opacity":"","overlay-gradient":""},"mobile":{"background-color":"var(--ast-global-color-5)","background-image":"","background-repeat":"repeat","background-position":"center center","background-size":"auto","background-attachment":"scroll","background-type":"","background-media":"","overlay-type":"","overlay-color":"","overlay-opacity":"","overlay-gradient":""}}},"product_brand":[],"product_cat":[126,18],"product_tag":[],"class_list":{"0":"post-411","1":"product","2":"type-product","3":"status-publish","4":"has-post-thumbnail","6":"product_cat-su-yalitimi","7":"product_cat-yapi-malzemeleri","8":"yith_product_brand-isonem","9":"desktop-align-left","10":"tablet-align-left","11":"mobile-align-left","12":"ast-product-gallery-layout-horizontal-slider","13":"ast-product-tabs-layout-horizontal","15":"first","16":"onbackorder","17":"shipping-taxable","18":"product-type-simple"},"yoast_head":"<!-- This site is optimized with the Yoast SEO Premium plugin v26.0 (Yoast SEO v26.0) - https:\/\/yoast.com\/wordpress\/plugins\/seo\/ -->\n<title>\u0130sonem SB S\u00fcper Bile\u015fen Su Yal\u0131t\u0131m Malzemesi<\/title>\n<meta name=\"robots\" content=\"noindex, follow, max-snippet:-1, max-image-preview:large, max-video-preview:-1\" \/>\n<meta property=\"og:locale\" content=\"en_US\" \/>\n<meta property=\"og:type\" content=\"article\" \/>\n<meta property=\"og:title\" content=\"\u0130sonem SB S\u00fcper Bile\u015fen Su Yal\u0131t\u0131m Malzemesi\" \/>\n<meta property=\"og:description\" content=\"SB S\u00dcPER B\u0130LE\u015eEN, \u00d6zel mineral dolgu ve polymer bile\u015fenlerinden olu\u015fan, g\u00fc\u00e7l\u00fc aderans kabiliyetine sahip, m\u00fckemmel su direnci ve UV direnci olan son derece dayan\u0131kl\u0131 bir yal\u0131t\u0131m kaplamas\u0131d\u0131r. izoyapimarket.com sitesinden sat\u0131n al\" \/>\n<meta property=\"og:url\" content=\"https:\/\/izo.com.tr\/en\/urun\/isonem-sb-super-bilesen-su-yalitim-malzemesi\/\" \/>\n<meta property=\"og:site_name\" content=\"izo YALITIM\" \/>\n<meta property=\"article:publisher\" content=\"http:\/\/facebook.com\/izoyalitimofficial\" \/>\n<meta property=\"article:modified_time\" content=\"2021-12-14T15:34:20+00:00\" \/>\n<meta property=\"og:image\" content=\"https:\/\/izo.com.tr\/wp-content\/uploads\/2021\/12\/isonem-sb-super-bilesen-1.png\" \/>\n\t<meta property=\"og:image:width\" content=\"450\" \/>\n\t<meta property=\"og:image:height\" content=\"435\" \/>\n\t<meta property=\"og:image:type\" content=\"image\/png\" \/>\n<meta name=\"twitter:card\" content=\"summary_large_image\" \/>\n<meta name=\"twitter:site\" content=\"@izoyalitim\" \/>\n<meta name=\"twitter:label1\" content=\"Price\" \/>\n\t<meta name=\"twitter:data1\" content=\"\" \/>\n\t<meta name=\"twitter:label2\" content=\"Availability\" \/>\n\t<meta name=\"twitter:data2\" content=\"On backorder\" \/>\n<script type=\"application\/ld+json\" class=\"yoast-schema-graph\">{\"@context\":\"https:\/\/schema.org\",\"@graph\":[{\"@type\":[\"WebPage\",\"ItemPage\"],\"@id\":\"https:\/\/izo.com.tr\/en\/urun\/isonem-sb-super-bilesen-su-yalitim-malzemesi\/\",\"url\":\"https:\/\/izo.com.tr\/en\/urun\/isonem-sb-super-bilesen-su-yalitim-malzemesi\/\",\"name\":\"\u0130sonem SB S\u00fcper Bile\u015fen Su Yal\u0131t\u0131m Malzemesi\",\"isPartOf\":{\"@id\":\"https:\/\/izo.com.tr\/en\/#website\"},\"primaryImageOfPage\":{\"@id\":\"https:\/\/izo.com.tr\/en\/urun\/isonem-sb-super-bilesen-su-yalitim-malzemesi\/#primaryimage\"},\"image\":{\"@id\":\"https:\/\/izo.com.tr\/en\/urun\/isonem-sb-super-bilesen-su-yalitim-malzemesi\/#primaryimage\"},\"thumbnailUrl\":\"https:\/\/izo.com.tr\/wp-content\/uploads\/2021\/12\/isonem-sb-super-bilesen-1.png\",\"datePublished\":\"2021-12-08T11:00:37+00:00\",\"dateModified\":\"2021-12-14T15:34:20+00:00\",\"breadcrumb\":{\"@id\":\"https:\/\/izo.com.tr\/en\/urun\/isonem-sb-super-bilesen-su-yalitim-malzemesi\/#breadcrumb\"},\"inLanguage\":\"en-US\",\"potentialAction\":[{\"@type\":\"ReadAction\",\"target\":[\"https:\/\/izo.com.tr\/en\/urun\/isonem-sb-super-bilesen-su-yalitim-malzemesi\/\"]}]},{\"@type\":\"ImageObject\",\"inLanguage\":\"en-US\",\"@id\":\"https:\/\/izo.com.tr\/en\/urun\/isonem-sb-super-bilesen-su-yalitim-malzemesi\/#primaryimage\",\"url\":\"https:\/\/izo.com.tr\/wp-content\/uploads\/2021\/12\/isonem-sb-super-bilesen-1.png\",\"contentUrl\":\"https:\/\/izo.com.tr\/wp-content\/uploads\/2021\/12\/isonem-sb-super-bilesen-1.png\",\"width\":450,\"height\":435},{\"@type\":\"BreadcrumbList\",\"@id\":\"https:\/\/izo.com.tr\/en\/urun\/isonem-sb-super-bilesen-su-yalitim-malzemesi\/#breadcrumb\",\"itemListElement\":[{\"@type\":\"ListItem\",\"position\":1,\"name\":\"Anasayfa\",\"item\":\"https:\/\/izo.com.tr\/en\/?page_id=4112\"},{\"@type\":\"ListItem\",\"position\":2,\"name\":\"Ma\u011faza\",\"item\":\"https:\/\/izo.com.tr\/magaza\/\"},{\"@type\":\"ListItem\",\"position\":3,\"name\":\"\u0130sonem SB S\u00fcper Bile\u015fen Su Yal\u0131t\u0131m Malzemesi\"}]},{\"@type\":\"WebSite\",\"@id\":\"https:\/\/izo.com.tr\/en\/#website\",\"url\":\"https:\/\/izo.com.tr\/en\/\",\"name\":\"izo YALITIM\",\"description\":\"Yenilik\u00e7i \u00c7\u00f6z\u00fcmler Sunar\",\"publisher\":{\"@id\":\"https:\/\/izo.com.tr\/en\/#organization\"},\"potentialAction\":[{\"@type\":\"SearchAction\",\"target\":{\"@type\":\"EntryPoint\",\"urlTemplate\":\"https:\/\/izo.com.tr\/en\/?s={search_term_string}\"},\"query-input\":{\"@type\":\"PropertyValueSpecification\",\"valueRequired\":true,\"valueName\":\"search_term_string\"}}],\"inLanguage\":\"en-US\"},{\"@type\":[\"Organization\",\"Place\",\"Corporation\"],\"@id\":\"https:\/\/izo.com.tr\/en\/#organization\",\"name\":\"\u0130ZO YALITIM \u0130N\u015e. TAAH. SAN. VE T\u0130C. LTD. \u015eT\u0130.\",\"url\":\"https:\/\/izo.com.tr\/en\/\",\"logo\":{\"@id\":\"https:\/\/izo.com.tr\/en\/urun\/isonem-sb-super-bilesen-su-yalitim-malzemesi\/#local-main-organization-logo\"},\"image\":{\"@id\":\"https:\/\/izo.com.tr\/en\/urun\/isonem-sb-super-bilesen-su-yalitim-malzemesi\/#local-main-organization-logo\"},\"sameAs\":[\"http:\/\/facebook.com\/izoyalitimofficial\",\"https:\/\/x.com\/izoyalitim\"],\"address\":{\"@id\":\"https:\/\/izo.com.tr\/en\/urun\/isonem-sb-super-bilesen-su-yalitim-malzemesi\/#local-main-place-address\"},\"telephone\":[\"+90 216 612 8666\",\"+90 216 612 8667\"],\"openingHoursSpecification\":[{\"@type\":\"OpeningHoursSpecification\",\"dayOfWeek\":[\"Monday\",\"Tuesday\",\"Wednesday\",\"Thursday\",\"Friday\",\"Saturday\"],\"opens\":\"09:00\",\"closes\":\"19:00\"},{\"@type\":\"OpeningHoursSpecification\",\"dayOfWeek\":[\"Sunday\"],\"opens\":\"00:00\",\"closes\":\"00:00\"}],\"email\":\"izo@izo.com.tr\",\"faxNumber\":\"+90 216 612 8665\",\"taxID\":\"4840550543\"},{\"@type\":\"PostalAddress\",\"@id\":\"https:\/\/izo.com.tr\/en\/urun\/isonem-sb-super-bilesen-su-yalitim-malzemesi\/#local-main-place-address\",\"streetAddress\":\"Cemil Meri\u00e7 Mah. \u00c7ay\u0131r\u00f6n\u00fc Cad. No:5\/A, \u00dcmraniye\",\"addressLocality\":\"\u0130STANBUL\",\"postalCode\":\"34771\",\"addressRegion\":\"-\",\"addressCountry\":\"TR\"},{\"@type\":\"ImageObject\",\"inLanguage\":\"en-US\",\"@id\":\"https:\/\/izo.com.tr\/en\/urun\/isonem-sb-super-bilesen-su-yalitim-malzemesi\/#local-main-organization-logo\",\"url\":\"https:\/\/izo.com.tr\/wp-content\/uploads\/2021\/11\/izo-YALITIM-180105-1_w300px.png\",\"contentUrl\":\"https:\/\/izo.com.tr\/wp-content\/uploads\/2021\/11\/izo-YALITIM-180105-1_w300px.png\",\"width\":280,\"height\":60,\"caption\":\"\u0130ZO YALITIM \u0130N\u015e. TAAH. SAN. VE T\u0130C. LTD. \u015eT\u0130.\"}]}<\/script>\n<meta property=\"product:brand\" content=\"\u0130sonem\" \/>\n<meta property=\"product:price:amount\" content=\"0.00\" \/>\n<meta property=\"product:price:currency\" content=\"TRY\" \/>\n<meta property=\"og:availability\" content=\"backorder\" \/>\n<meta property=\"product:availability\" content=\"available for order\" \/>\n<meta property=\"product:condition\" content=\"new\" \/>\n<meta name=\"geo.placename\" content=\"\u0130STANBUL\" \/>\n<meta name=\"geo.region\" content=\"Turkey\" \/>\n<!-- \/ Yoast SEO Premium plugin. -->","yoast_head_json":{"title":"\u0130sonem SB S\u00fcper Bile\u015fen Su Yal\u0131t\u0131m Malzemesi","robots":{"index":"noindex","follow":"follow","max-snippet":"max-snippet:-1","max-image-preview":"max-image-preview:large","max-video-preview":"max-video-preview:-1"},"og_locale":"en_US","og_type":"article","og_title":"\u0130sonem SB S\u00fcper Bile\u015fen Su Yal\u0131t\u0131m Malzemesi","og_description":"SB S\u00dcPER B\u0130LE\u015eEN, \u00d6zel mineral dolgu ve polymer bile\u015fenlerinden olu\u015fan, g\u00fc\u00e7l\u00fc aderans kabiliyetine sahip, m\u00fckemmel su direnci ve UV direnci olan son derece dayan\u0131kl\u0131 bir yal\u0131t\u0131m kaplamas\u0131d\u0131r. izoyapimarket.com sitesinden sat\u0131n al","og_url":"https:\/\/izo.com.tr\/en\/urun\/isonem-sb-super-bilesen-su-yalitim-malzemesi\/","og_site_name":"izo YALITIM","article_publisher":"http:\/\/facebook.com\/izoyalitimofficial","article_modified_time":"2021-12-14T15:34:20+00:00","og_image":[{"width":450,"height":435,"url":"https:\/\/izo.com.tr\/wp-content\/uploads\/2021\/12\/isonem-sb-super-bilesen-1.png","type":"image\/png"}],"twitter_card":"summary_large_image","twitter_site":"@izoyalitim","twitter_misc":{"Price":"","Availability":"On backorder"},"schema":{"@context":"https:\/\/schema.org","@graph":[{"@type":["WebPage","ItemPage"],"@id":"https:\/\/izo.com.tr\/en\/urun\/isonem-sb-super-bilesen-su-yalitim-malzemesi\/","url":"https:\/\/izo.com.tr\/en\/urun\/isonem-sb-super-bilesen-su-yalitim-malzemesi\/","name":"\u0130sonem SB S\u00fcper Bile\u015fen Su Yal\u0131t\u0131m Malzemesi","isPartOf":{"@id":"https:\/\/izo.com.tr\/en\/#website"},"primaryImageOfPage":{"@id":"https:\/\/izo.com.tr\/en\/urun\/isonem-sb-super-bilesen-su-yalitim-malzemesi\/#primaryimage"},"image":{"@id":"https:\/\/izo.com.tr\/en\/urun\/isonem-sb-super-bilesen-su-yalitim-malzemesi\/#primaryimage"},"thumbnailUrl":"https:\/\/izo.com.tr\/wp-content\/uploads\/2021\/12\/isonem-sb-super-bilesen-1.png","datePublished":"2021-12-08T11:00:37+00:00","dateModified":"2021-12-14T15:34:20+00:00","breadcrumb":{"@id":"https:\/\/izo.com.tr\/en\/urun\/isonem-sb-super-bilesen-su-yalitim-malzemesi\/#breadcrumb"},"inLanguage":"en-US","potentialAction":[{"@type":"ReadAction","target":["https:\/\/izo.com.tr\/en\/urun\/isonem-sb-super-bilesen-su-yalitim-malzemesi\/"]}]},{"@type":"ImageObject","inLanguage":"en-US","@id":"https:\/\/izo.com.tr\/en\/urun\/isonem-sb-super-bilesen-su-yalitim-malzemesi\/#primaryimage","url":"https:\/\/izo.com.tr\/wp-content\/uploads\/2021\/12\/isonem-sb-super-bilesen-1.png","contentUrl":"https:\/\/izo.com.tr\/wp-content\/uploads\/2021\/12\/isonem-sb-super-bilesen-1.png","width":450,"height":435},{"@type":"BreadcrumbList","@id":"https:\/\/izo.com.tr\/en\/urun\/isonem-sb-super-bilesen-su-yalitim-malzemesi\/#breadcrumb","itemListElement":[{"@type":"ListItem","position":1,"name":"Anasayfa","item":"https:\/\/izo.com.tr\/en\/?page_id=4112"},{"@type":"ListItem","position":2,"name":"Ma\u011faza","item":"https:\/\/izo.com.tr\/magaza\/"},{"@type":"ListItem","position":3,"name":"\u0130sonem SB S\u00fcper Bile\u015fen Su Yal\u0131t\u0131m Malzemesi"}]},{"@type":"WebSite","@id":"https:\/\/izo.com.tr\/en\/#website","url":"https:\/\/izo.com.tr\/en\/","name":"izo YALITIM","description":"Yenilik\u00e7i \u00c7\u00f6z\u00fcmler Sunar","publisher":{"@id":"https:\/\/izo.com.tr\/en\/#organization"},"potentialAction":[{"@type":"SearchAction","target":{"@type":"EntryPoint","urlTemplate":"https:\/\/izo.com.tr\/en\/?s={search_term_string}"},"query-input":{"@type":"PropertyValueSpecification","valueRequired":true,"valueName":"search_term_string"}}],"inLanguage":"en-US"},{"@type":["Organization","Place","Corporation"],"@id":"https:\/\/izo.com.tr\/en\/#organization","name":"\u0130ZO YALITIM \u0130N\u015e. TAAH. SAN. VE T\u0130C. LTD. \u015eT\u0130.","url":"https:\/\/izo.com.tr\/en\/","logo":{"@id":"https:\/\/izo.com.tr\/en\/urun\/isonem-sb-super-bilesen-su-yalitim-malzemesi\/#local-main-organization-logo"},"image":{"@id":"https:\/\/izo.com.tr\/en\/urun\/isonem-sb-super-bilesen-su-yalitim-malzemesi\/#local-main-organization-logo"},"sameAs":["http:\/\/facebook.com\/izoyalitimofficial","https:\/\/x.com\/izoyalitim"],"address":{"@id":"https:\/\/izo.com.tr\/en\/urun\/isonem-sb-super-bilesen-su-yalitim-malzemesi\/#local-main-place-address"},"telephone":["+90 216 612 8666","+90 216 612 8667"],"openingHoursSpecification":[{"@type":"OpeningHoursSpecification","dayOfWeek":["Monday","Tuesday","Wednesday","Thursday","Friday","Saturday"],"opens":"09:00","closes":"19:00"},{"@type":"OpeningHoursSpecification","dayOfWeek":["Sunday"],"opens":"00:00","closes":"00:00"}],"email":"izo@izo.com.tr","faxNumber":"+90 216 612 8665","taxID":"4840550543"},{"@type":"PostalAddress","@id":"https:\/\/izo.com.tr\/en\/urun\/isonem-sb-super-bilesen-su-yalitim-malzemesi\/#local-main-place-address","streetAddress":"Cemil Meri\u00e7 Mah. \u00c7ay\u0131r\u00f6n\u00fc Cad. No:5\/A, \u00dcmraniye","addressLocality":"\u0130STANBUL","postalCode":"34771","addressRegion":"-","addressCountry":"TR"},{"@type":"ImageObject","inLanguage":"en-US","@id":"https:\/\/izo.com.tr\/en\/urun\/isonem-sb-super-bilesen-su-yalitim-malzemesi\/#local-main-organization-logo","url":"https:\/\/izo.com.tr\/wp-content\/uploads\/2021\/11\/izo-YALITIM-180105-1_w300px.png","contentUrl":"https:\/\/izo.com.tr\/wp-content\/uploads\/2021\/11\/izo-YALITIM-180105-1_w300px.png","width":280,"height":60,"caption":"\u0130ZO YALITIM \u0130N\u015e. TAAH. SAN. VE T\u0130C. LTD. \u015eT\u0130."}]},"product_brand":"\u0130sonem","product_price_amount":"0.00","product_price_currency":"TRY","og_availability":"backorder","product_availability":"available for order","product_condition":"new","geo.placename":"\u0130STANBUL","geo.region":"Turkey"},"_links":{"self":[{"href":"https:\/\/izo.com.tr\/en\/wp-json\/wp\/v2\/product\/411","targetHints":{"allow":["GET"]}}],"collection":[{"href":"https:\/\/izo.com.tr\/en\/wp-json\/wp\/v2\/product"}],"about":[{"href":"https:\/\/izo.com.tr\/en\/wp-json\/wp\/v2\/types\/product"}],"version-history":[{"count":0,"href":"https:\/\/izo.com.tr\/en\/wp-json\/wp\/v2\/product\/411\/revisions"}],"wp:featuredmedia":[{"embeddable":true,"href":"https:\/\/izo.com.tr\/en\/wp-json\/wp\/v2\/media\/415"}],"wp:attachment":[{"href":"https:\/\/izo.com.tr\/en\/wp-json\/wp\/v2\/media?parent=411"}],"wp:term":[{"taxonomy":"product_brand","embeddable":true,"href":"https:\/\/izo.com.tr\/en\/wp-json\/wp\/v2\/product_brand?post=411"},{"taxonomy":"product_cat","embeddable":true,"href":"https:\/\/izo.com.tr\/en\/wp-json\/wp\/v2\/product_cat?post=411"},{"taxonomy":"product_tag","embeddable":true,"href":"https:\/\/izo.com.tr\/en\/wp-json\/wp\/v2\/product_tag?post=411"}],"curies":[{"name":"wp","href":"https:\/\/api.w.org\/{rel}","templated":true}]}}