{"id":499,"date":"2021-12-09T10:47:36","date_gmt":"2021-12-09T10:47:36","guid":{"rendered":"https:\/\/izo.com.tr\/?post_type=product&#038;p=499"},"modified":"2021-12-14T16:08:05","modified_gmt":"2021-12-14T16:08:05","slug":"isonem-ms-82-nem-ve-rutubet-boyasi","status":"publish","type":"product","link":"https:\/\/izo.com.tr\/en\/urun\/isonem-ms-82-nem-ve-rutubet-boyasi\/","title":{"rendered":"\u0130sonem MS 82 Nem ve Rutubet Boyas\u0131"},"content":{"rendered":"<p>ISONEM MS 82 Nem ve Rutubet Boyas\u0131<\/p>\n<p>NEM BOYASI, Binalar\u0131n i\u00e7 ve d\u0131\u015f duvarlar\u0131nda do\u011fa ko\u015fullar\u0131ndan olu\u015fan nem ve rutubet sorunlar\u0131n\u0131n giderilmesi i\u00e7in \u00f6zel kimyasallar ve polimerlerle modifiye edilerek \u00fcretilmi\u015f \u00e7ok g\u00fc\u00e7l\u00fc sentetik yal\u0131t\u0131m boyas\u0131d\u0131r. Her t\u00fcrl\u00fc nemli ya da kuru duvarlara, boyal\u0131 ve boyas\u0131z y\u00fczeylere uygulanabilir. M\u00fckemmel alkali ve nem dayan\u0131m\u0131 sayesinde duvarlarda rutubet ve nem olu\u015fumunu engeller, varsa yok eder. Her t\u00fcrl\u00fc y\u00fczeye yap\u0131\u015fma mukavemeti son derece g\u00fc\u00e7l\u00fcd\u00fcr, kabarma yapmaz, kimyasallara kar\u015f\u0131 dayan\u0131m\u0131 olduk\u00e7a iyidir. UV ve ya\u011fmurdan, sudan, tuzdan etkilenmez. \u0130\u00e7 ve d\u0131\u015f duvarlarda, binalar\u0131n\u0131n subasmanlar\u0131nda, bodrumlarda, garaj ya da kilerlerde, kuzeye bakan i\u00e7 duvarlarda ve bir \u00e7ok nem ve rutubet g\u00f6r\u00fclen mahal alanlar\u0131nda kullan\u0131l\u0131r.<\/p>\n<p>Kullan\u0131ld\u0131\u011f\u0131 y\u00fczeyde m\u00fckemmel neme dayan\u0131m g\u00f6steren film tabakalar\u0131 olu\u015fturur. Boya ya da duvar nemli bile olsa y\u00fczeye \u00e7ok s\u0131k\u0131 tutunur. Tuzlu sudan ve tuz kusmalar\u0131ndan etkilenmez. Bu \u00f6zelli\u011finden dolay\u0131 binalar\u0131n subasmanlar\u0131ndaki boya kabarmas\u0131 problemini \u00e7\u00f6zmek i\u00e7in de kullan\u0131l\u0131r. ISONEM MS 82 uyguland\u0131\u011f\u0131 duvar\u0131n b\u00fcnyesine i\u015fleyerek i\u00e7erideki nemi \u00f6zel kimyasallar\u0131 sayesinde kurutur. ISONEM MS 82 nem boyas\u0131n\u0131n uygulama yap\u0131lan y\u00fczeye hi\u00e7 bir yan etkisi yoktur.<\/p>\n<p>&nbsp;<\/p>\n<div><strong>Teknik \u00d6zellikler<\/strong><\/div>\n<div>Yo\u011funluk (25\u00b0C, g\/mL) : 1,50 \u00b1 0,10<\/div>\n<div>pH (25\u00b0C) : Uygulanmaz (N\/A)<\/div>\n<div>Viskozite (25\u00b0C, mPa.s) : 2000 &#8211; 4000<\/div>\n<div>Kat\u0131 Madde Oran\u0131 (A\u011f\u0131rl\u0131k\u00e7a %) : 70 \u00b1 2<\/div>\n<div>Su aktar\u0131m h\u0131z\u0131 (kg\/ m2. h0,5) : &lt; 0,1 SINIF W3<\/div>\n<div>\u00c7ekip koparma deneyi yoluyla yap\u0131\u015fma dayan\u0131m\u0131 (N\/mm2) : Rijit sistem trafik y\u00fck\u00fc olmadan \u2265 1.0 N\/mm\u00b2<\/div>\n<div>Su buhar\u0131 ge\u00e7irgenli\u011fi (m) : 5 \u2264 SD \u2264 50 SINIF II<\/div>\n<div>Dokunma kurumas\u0131 : 24 saat<\/div>\n<div>Tam kuruma : 72 saat<\/div>\n<div>Kar\u0131\u015f\u0131m \u00f6mr\u00fc (23\u00b0C) : X<\/div>\n<div>\u00c7\u00f6z\u00fcc\u00fc : Organik \u00e7\u00f6z\u00fcc\u00fc<\/div>\n<div>Yang\u0131n s\u0131n\u0131f\u0131 : B fl S1<\/div>\n<p>Bu \u00fcr\u00fcn\u00fc <a href=\"https:\/\/www.izoyapimarket.com\/urun\/isonem-ms-82-nem-ve-rutubet-boyasi-5-kg\">izoyapimarket<\/a> sitesinden online sat\u0131n alabilirsiniz<\/p>\n","protected":false},"excerpt":{"rendered":"<p>NEM BOYASI, Binalar\u0131n i\u00e7 ve d\u0131\u015f duvarlar\u0131nda do\u011fa ko\u015fullar\u0131ndan olu\u015fan nem ve rutubet sorunlar\u0131n\u0131n giderilmesi i\u00e7in \u00f6zel kimyasallar ve polimerlerle modifiye edilerek \u00fcretilmi\u015f \u00e7ok g\u00fc\u00e7l\u00fc sentetik yal\u0131t\u0131m boyas\u0131d\u0131r.<\/p>\n<p style=\"text-align: center;\"><a href=\"https:\/\/www.izoyapimarket.com\/urun\/isonem-ms-82-nem-ve-rutubet-boyasi-5-kg\"><strong>izoyapimarket.com sitesinden sat\u0131n al<\/strong><\/a><\/p>\n","protected":false},"featured_media":506,"template":"","meta":{"site-sidebar-layout":"default","site-content-layout":"","ast-site-content-layout":"","site-content-style":"default","site-sidebar-style":"default","ast-global-header-display":"","ast-banner-title-visibility":"","ast-main-header-display":"","ast-hfb-above-header-display":"","ast-hfb-below-header-display":"","ast-hfb-mobile-header-display":"","site-post-title":"","ast-breadcrumbs-content":"","ast-featured-img":"","footer-sml-layout":"","theme-transparent-header-meta":"","adv-header-id-meta":"","stick-header-meta":"","header-above-stick-meta":"","header-main-stick-meta":"","header-below-stick-meta":"","astra-migrate-meta-layouts":"default","ast-page-background-enabled":"default","ast-page-background-meta":{"desktop":{"background-color":"","background-image":"","background-repeat":"repeat","background-position":"center center","background-size":"auto","background-attachment":"scroll","background-type":"","background-media":"","overlay-type":"","overlay-color":"","overlay-opacity":"","overlay-gradient":""},"tablet":{"background-color":"","background-image":"","background-repeat":"repeat","background-position":"center center","background-size":"auto","background-attachment":"scroll","background-type":"","background-media":"","overlay-type":"","overlay-color":"","overlay-opacity":"","overlay-gradient":""},"mobile":{"background-color":"","background-image":"","background-repeat":"repeat","background-position":"center center","background-size":"auto","background-attachment":"scroll","background-type":"","background-media":"","overlay-type":"","overlay-color":"","overlay-opacity":"","overlay-gradient":""}},"ast-content-background-meta":{"desktop":{"background-color":"var(--ast-global-color-5)","background-image":"","background-repeat":"repeat","background-position":"center center","background-size":"auto","background-attachment":"scroll","background-type":"","background-media":"","overlay-type":"","overlay-color":"","overlay-opacity":"","overlay-gradient":""},"tablet":{"background-color":"var(--ast-global-color-5)","background-image":"","background-repeat":"repeat","background-position":"center center","background-size":"auto","background-attachment":"scroll","background-type":"","background-media":"","overlay-type":"","overlay-color":"","overlay-opacity":"","overlay-gradient":""},"mobile":{"background-color":"var(--ast-global-color-5)","background-image":"","background-repeat":"repeat","background-position":"center center","background-size":"auto","background-attachment":"scroll","background-type":"","background-media":"","overlay-type":"","overlay-color":"","overlay-opacity":"","overlay-gradient":""}}},"product_brand":[],"product_cat":[126,18],"product_tag":[],"class_list":{"0":"post-499","1":"product","2":"type-product","3":"status-publish","4":"has-post-thumbnail","6":"product_cat-su-yalitimi","7":"product_cat-yapi-malzemeleri","8":"yith_product_brand-isonem","9":"desktop-align-left","10":"tablet-align-left","11":"mobile-align-left","12":"ast-product-gallery-layout-horizontal-slider","13":"ast-product-tabs-layout-horizontal","15":"first","16":"onbackorder","17":"shipping-taxable","18":"product-type-simple"},"yoast_head":"<!-- This site is optimized with the Yoast SEO Premium plugin v26.0 (Yoast SEO v26.0) - https:\/\/yoast.com\/wordpress\/plugins\/seo\/ -->\n<title>\u0130sonem MS 82 Nem ve Rutubet Boyas\u0131<\/title>\n<meta name=\"robots\" content=\"noindex, follow, max-snippet:-1, max-image-preview:large, max-video-preview:-1\" \/>\n<meta property=\"og:locale\" content=\"en_US\" \/>\n<meta property=\"og:type\" content=\"article\" \/>\n<meta property=\"og:title\" content=\"\u0130sonem MS 82 Nem ve Rutubet Boyas\u0131\" \/>\n<meta property=\"og:description\" content=\"NEM BOYASI, Binalar\u0131n i\u00e7 ve d\u0131\u015f duvarlar\u0131nda do\u011fa ko\u015fullar\u0131ndan olu\u015fan nem ve rutubet sorunlar\u0131n\u0131n giderilmesi i\u00e7in \u00f6zel kimyasallar ve polimerlerle modifiye edilerek \u00fcretilmi\u015f \u00e7ok g\u00fc\u00e7l\u00fc sentetik yal\u0131t\u0131m boyas\u0131d\u0131r. izoyapimarket.com sitesinden sat\u0131n al\" \/>\n<meta property=\"og:url\" content=\"https:\/\/izo.com.tr\/en\/urun\/isonem-ms-82-nem-ve-rutubet-boyasi\/\" \/>\n<meta property=\"og:site_name\" content=\"izo YALITIM\" \/>\n<meta property=\"article:publisher\" content=\"http:\/\/facebook.com\/izoyalitimofficial\" \/>\n<meta property=\"article:modified_time\" content=\"2021-12-14T16:08:05+00:00\" \/>\n<meta property=\"og:image\" content=\"https:\/\/izo.com.tr\/wp-content\/uploads\/2021\/12\/isonem-ms-82-450-450.png\" \/>\n\t<meta property=\"og:image:width\" content=\"450\" \/>\n\t<meta property=\"og:image:height\" content=\"450\" \/>\n\t<meta property=\"og:image:type\" content=\"image\/png\" \/>\n<meta name=\"twitter:card\" content=\"summary_large_image\" \/>\n<meta name=\"twitter:site\" content=\"@izoyalitim\" \/>\n<meta name=\"twitter:label1\" content=\"Price\" \/>\n\t<meta name=\"twitter:data1\" content=\"\" \/>\n\t<meta name=\"twitter:label2\" content=\"Availability\" \/>\n\t<meta name=\"twitter:data2\" content=\"On backorder\" \/>\n<script type=\"application\/ld+json\" class=\"yoast-schema-graph\">{\"@context\":\"https:\/\/schema.org\",\"@graph\":[{\"@type\":[\"WebPage\",\"ItemPage\"],\"@id\":\"https:\/\/izo.com.tr\/en\/urun\/isonem-ms-82-nem-ve-rutubet-boyasi\/\",\"url\":\"https:\/\/izo.com.tr\/en\/urun\/isonem-ms-82-nem-ve-rutubet-boyasi\/\",\"name\":\"\u0130sonem MS 82 Nem ve Rutubet Boyas\u0131\",\"isPartOf\":{\"@id\":\"https:\/\/izo.com.tr\/en\/#website\"},\"primaryImageOfPage\":{\"@id\":\"https:\/\/izo.com.tr\/en\/urun\/isonem-ms-82-nem-ve-rutubet-boyasi\/#primaryimage\"},\"image\":{\"@id\":\"https:\/\/izo.com.tr\/en\/urun\/isonem-ms-82-nem-ve-rutubet-boyasi\/#primaryimage\"},\"thumbnailUrl\":\"https:\/\/izo.com.tr\/wp-content\/uploads\/2021\/12\/isonem-ms-82-450-450.png\",\"datePublished\":\"2021-12-09T10:47:36+00:00\",\"dateModified\":\"2021-12-14T16:08:05+00:00\",\"breadcrumb\":{\"@id\":\"https:\/\/izo.com.tr\/en\/urun\/isonem-ms-82-nem-ve-rutubet-boyasi\/#breadcrumb\"},\"inLanguage\":\"en-US\",\"potentialAction\":[{\"@type\":\"ReadAction\",\"target\":[\"https:\/\/izo.com.tr\/en\/urun\/isonem-ms-82-nem-ve-rutubet-boyasi\/\"]}]},{\"@type\":\"ImageObject\",\"inLanguage\":\"en-US\",\"@id\":\"https:\/\/izo.com.tr\/en\/urun\/isonem-ms-82-nem-ve-rutubet-boyasi\/#primaryimage\",\"url\":\"https:\/\/izo.com.tr\/wp-content\/uploads\/2021\/12\/isonem-ms-82-450-450.png\",\"contentUrl\":\"https:\/\/izo.com.tr\/wp-content\/uploads\/2021\/12\/isonem-ms-82-450-450.png\",\"width\":450,\"height\":450},{\"@type\":\"BreadcrumbList\",\"@id\":\"https:\/\/izo.com.tr\/en\/urun\/isonem-ms-82-nem-ve-rutubet-boyasi\/#breadcrumb\",\"itemListElement\":[{\"@type\":\"ListItem\",\"position\":1,\"name\":\"Anasayfa\",\"item\":\"https:\/\/izo.com.tr\/en\/?page_id=4112\"},{\"@type\":\"ListItem\",\"position\":2,\"name\":\"Ma\u011faza\",\"item\":\"https:\/\/izo.com.tr\/magaza\/\"},{\"@type\":\"ListItem\",\"position\":3,\"name\":\"\u0130sonem MS 82 Nem ve Rutubet Boyas\u0131\"}]},{\"@type\":\"WebSite\",\"@id\":\"https:\/\/izo.com.tr\/en\/#website\",\"url\":\"https:\/\/izo.com.tr\/en\/\",\"name\":\"izo YALITIM\",\"description\":\"Yenilik\u00e7i \u00c7\u00f6z\u00fcmler Sunar\",\"publisher\":{\"@id\":\"https:\/\/izo.com.tr\/en\/#organization\"},\"potentialAction\":[{\"@type\":\"SearchAction\",\"target\":{\"@type\":\"EntryPoint\",\"urlTemplate\":\"https:\/\/izo.com.tr\/en\/?s={search_term_string}\"},\"query-input\":{\"@type\":\"PropertyValueSpecification\",\"valueRequired\":true,\"valueName\":\"search_term_string\"}}],\"inLanguage\":\"en-US\"},{\"@type\":[\"Organization\",\"Place\",\"Corporation\"],\"@id\":\"https:\/\/izo.com.tr\/en\/#organization\",\"name\":\"\u0130ZO YALITIM \u0130N\u015e. TAAH. SAN. VE T\u0130C. LTD. \u015eT\u0130.\",\"url\":\"https:\/\/izo.com.tr\/en\/\",\"logo\":{\"@id\":\"https:\/\/izo.com.tr\/en\/urun\/isonem-ms-82-nem-ve-rutubet-boyasi\/#local-main-organization-logo\"},\"image\":{\"@id\":\"https:\/\/izo.com.tr\/en\/urun\/isonem-ms-82-nem-ve-rutubet-boyasi\/#local-main-organization-logo\"},\"sameAs\":[\"http:\/\/facebook.com\/izoyalitimofficial\",\"https:\/\/x.com\/izoyalitim\"],\"address\":{\"@id\":\"https:\/\/izo.com.tr\/en\/urun\/isonem-ms-82-nem-ve-rutubet-boyasi\/#local-main-place-address\"},\"telephone\":[\"+90 216 612 8666\",\"+90 216 612 8667\"],\"openingHoursSpecification\":[{\"@type\":\"OpeningHoursSpecification\",\"dayOfWeek\":[\"Monday\",\"Tuesday\",\"Wednesday\",\"Thursday\",\"Friday\",\"Saturday\"],\"opens\":\"09:00\",\"closes\":\"19:00\"},{\"@type\":\"OpeningHoursSpecification\",\"dayOfWeek\":[\"Sunday\"],\"opens\":\"00:00\",\"closes\":\"00:00\"}],\"email\":\"izo@izo.com.tr\",\"faxNumber\":\"+90 216 612 8665\",\"taxID\":\"4840550543\"},{\"@type\":\"PostalAddress\",\"@id\":\"https:\/\/izo.com.tr\/en\/urun\/isonem-ms-82-nem-ve-rutubet-boyasi\/#local-main-place-address\",\"streetAddress\":\"Cemil Meri\u00e7 Mah. \u00c7ay\u0131r\u00f6n\u00fc Cad. No:5\/A, \u00dcmraniye\",\"addressLocality\":\"\u0130STANBUL\",\"postalCode\":\"34771\",\"addressRegion\":\"-\",\"addressCountry\":\"TR\"},{\"@type\":\"ImageObject\",\"inLanguage\":\"en-US\",\"@id\":\"https:\/\/izo.com.tr\/en\/urun\/isonem-ms-82-nem-ve-rutubet-boyasi\/#local-main-organization-logo\",\"url\":\"https:\/\/izo.com.tr\/wp-content\/uploads\/2021\/11\/izo-YALITIM-180105-1_w300px.png\",\"contentUrl\":\"https:\/\/izo.com.tr\/wp-content\/uploads\/2021\/11\/izo-YALITIM-180105-1_w300px.png\",\"width\":280,\"height\":60,\"caption\":\"\u0130ZO YALITIM \u0130N\u015e. TAAH. SAN. VE T\u0130C. LTD. \u015eT\u0130.\"}]}<\/script>\n<meta property=\"product:brand\" content=\"\u0130sonem\" \/>\n<meta property=\"product:price:amount\" content=\"0.00\" \/>\n<meta property=\"product:price:currency\" content=\"TRY\" \/>\n<meta property=\"og:availability\" content=\"backorder\" \/>\n<meta property=\"product:availability\" content=\"available for order\" \/>\n<meta property=\"product:condition\" content=\"new\" \/>\n<meta name=\"geo.placename\" content=\"\u0130STANBUL\" \/>\n<meta name=\"geo.region\" content=\"Turkey\" \/>\n<!-- \/ Yoast SEO Premium plugin. -->","yoast_head_json":{"title":"\u0130sonem MS 82 Nem ve Rutubet Boyas\u0131","robots":{"index":"noindex","follow":"follow","max-snippet":"max-snippet:-1","max-image-preview":"max-image-preview:large","max-video-preview":"max-video-preview:-1"},"og_locale":"en_US","og_type":"article","og_title":"\u0130sonem MS 82 Nem ve Rutubet Boyas\u0131","og_description":"NEM BOYASI, Binalar\u0131n i\u00e7 ve d\u0131\u015f duvarlar\u0131nda do\u011fa ko\u015fullar\u0131ndan olu\u015fan nem ve rutubet sorunlar\u0131n\u0131n giderilmesi i\u00e7in \u00f6zel kimyasallar ve polimerlerle modifiye edilerek \u00fcretilmi\u015f \u00e7ok g\u00fc\u00e7l\u00fc sentetik yal\u0131t\u0131m boyas\u0131d\u0131r. izoyapimarket.com sitesinden sat\u0131n al","og_url":"https:\/\/izo.com.tr\/en\/urun\/isonem-ms-82-nem-ve-rutubet-boyasi\/","og_site_name":"izo YALITIM","article_publisher":"http:\/\/facebook.com\/izoyalitimofficial","article_modified_time":"2021-12-14T16:08:05+00:00","og_image":[{"width":450,"height":450,"url":"https:\/\/izo.com.tr\/wp-content\/uploads\/2021\/12\/isonem-ms-82-450-450.png","type":"image\/png"}],"twitter_card":"summary_large_image","twitter_site":"@izoyalitim","twitter_misc":{"Price":"","Availability":"On backorder"},"schema":{"@context":"https:\/\/schema.org","@graph":[{"@type":["WebPage","ItemPage"],"@id":"https:\/\/izo.com.tr\/en\/urun\/isonem-ms-82-nem-ve-rutubet-boyasi\/","url":"https:\/\/izo.com.tr\/en\/urun\/isonem-ms-82-nem-ve-rutubet-boyasi\/","name":"\u0130sonem MS 82 Nem ve Rutubet Boyas\u0131","isPartOf":{"@id":"https:\/\/izo.com.tr\/en\/#website"},"primaryImageOfPage":{"@id":"https:\/\/izo.com.tr\/en\/urun\/isonem-ms-82-nem-ve-rutubet-boyasi\/#primaryimage"},"image":{"@id":"https:\/\/izo.com.tr\/en\/urun\/isonem-ms-82-nem-ve-rutubet-boyasi\/#primaryimage"},"thumbnailUrl":"https:\/\/izo.com.tr\/wp-content\/uploads\/2021\/12\/isonem-ms-82-450-450.png","datePublished":"2021-12-09T10:47:36+00:00","dateModified":"2021-12-14T16:08:05+00:00","breadcrumb":{"@id":"https:\/\/izo.com.tr\/en\/urun\/isonem-ms-82-nem-ve-rutubet-boyasi\/#breadcrumb"},"inLanguage":"en-US","potentialAction":[{"@type":"ReadAction","target":["https:\/\/izo.com.tr\/en\/urun\/isonem-ms-82-nem-ve-rutubet-boyasi\/"]}]},{"@type":"ImageObject","inLanguage":"en-US","@id":"https:\/\/izo.com.tr\/en\/urun\/isonem-ms-82-nem-ve-rutubet-boyasi\/#primaryimage","url":"https:\/\/izo.com.tr\/wp-content\/uploads\/2021\/12\/isonem-ms-82-450-450.png","contentUrl":"https:\/\/izo.com.tr\/wp-content\/uploads\/2021\/12\/isonem-ms-82-450-450.png","width":450,"height":450},{"@type":"BreadcrumbList","@id":"https:\/\/izo.com.tr\/en\/urun\/isonem-ms-82-nem-ve-rutubet-boyasi\/#breadcrumb","itemListElement":[{"@type":"ListItem","position":1,"name":"Anasayfa","item":"https:\/\/izo.com.tr\/en\/?page_id=4112"},{"@type":"ListItem","position":2,"name":"Ma\u011faza","item":"https:\/\/izo.com.tr\/magaza\/"},{"@type":"ListItem","position":3,"name":"\u0130sonem MS 82 Nem ve Rutubet Boyas\u0131"}]},{"@type":"WebSite","@id":"https:\/\/izo.com.tr\/en\/#website","url":"https:\/\/izo.com.tr\/en\/","name":"izo YALITIM","description":"Yenilik\u00e7i \u00c7\u00f6z\u00fcmler Sunar","publisher":{"@id":"https:\/\/izo.com.tr\/en\/#organization"},"potentialAction":[{"@type":"SearchAction","target":{"@type":"EntryPoint","urlTemplate":"https:\/\/izo.com.tr\/en\/?s={search_term_string}"},"query-input":{"@type":"PropertyValueSpecification","valueRequired":true,"valueName":"search_term_string"}}],"inLanguage":"en-US"},{"@type":["Organization","Place","Corporation"],"@id":"https:\/\/izo.com.tr\/en\/#organization","name":"\u0130ZO YALITIM \u0130N\u015e. TAAH. SAN. VE T\u0130C. LTD. \u015eT\u0130.","url":"https:\/\/izo.com.tr\/en\/","logo":{"@id":"https:\/\/izo.com.tr\/en\/urun\/isonem-ms-82-nem-ve-rutubet-boyasi\/#local-main-organization-logo"},"image":{"@id":"https:\/\/izo.com.tr\/en\/urun\/isonem-ms-82-nem-ve-rutubet-boyasi\/#local-main-organization-logo"},"sameAs":["http:\/\/facebook.com\/izoyalitimofficial","https:\/\/x.com\/izoyalitim"],"address":{"@id":"https:\/\/izo.com.tr\/en\/urun\/isonem-ms-82-nem-ve-rutubet-boyasi\/#local-main-place-address"},"telephone":["+90 216 612 8666","+90 216 612 8667"],"openingHoursSpecification":[{"@type":"OpeningHoursSpecification","dayOfWeek":["Monday","Tuesday","Wednesday","Thursday","Friday","Saturday"],"opens":"09:00","closes":"19:00"},{"@type":"OpeningHoursSpecification","dayOfWeek":["Sunday"],"opens":"00:00","closes":"00:00"}],"email":"izo@izo.com.tr","faxNumber":"+90 216 612 8665","taxID":"4840550543"},{"@type":"PostalAddress","@id":"https:\/\/izo.com.tr\/en\/urun\/isonem-ms-82-nem-ve-rutubet-boyasi\/#local-main-place-address","streetAddress":"Cemil Meri\u00e7 Mah. \u00c7ay\u0131r\u00f6n\u00fc Cad. No:5\/A, \u00dcmraniye","addressLocality":"\u0130STANBUL","postalCode":"34771","addressRegion":"-","addressCountry":"TR"},{"@type":"ImageObject","inLanguage":"en-US","@id":"https:\/\/izo.com.tr\/en\/urun\/isonem-ms-82-nem-ve-rutubet-boyasi\/#local-main-organization-logo","url":"https:\/\/izo.com.tr\/wp-content\/uploads\/2021\/11\/izo-YALITIM-180105-1_w300px.png","contentUrl":"https:\/\/izo.com.tr\/wp-content\/uploads\/2021\/11\/izo-YALITIM-180105-1_w300px.png","width":280,"height":60,"caption":"\u0130ZO YALITIM \u0130N\u015e. TAAH. SAN. VE T\u0130C. LTD. \u015eT\u0130."}]},"product_brand":"\u0130sonem","product_price_amount":"0.00","product_price_currency":"TRY","og_availability":"backorder","product_availability":"available for order","product_condition":"new","geo.placename":"\u0130STANBUL","geo.region":"Turkey"},"_links":{"self":[{"href":"https:\/\/izo.com.tr\/en\/wp-json\/wp\/v2\/product\/499","targetHints":{"allow":["GET"]}}],"collection":[{"href":"https:\/\/izo.com.tr\/en\/wp-json\/wp\/v2\/product"}],"about":[{"href":"https:\/\/izo.com.tr\/en\/wp-json\/wp\/v2\/types\/product"}],"version-history":[{"count":0,"href":"https:\/\/izo.com.tr\/en\/wp-json\/wp\/v2\/product\/499\/revisions"}],"wp:featuredmedia":[{"embeddable":true,"href":"https:\/\/izo.com.tr\/en\/wp-json\/wp\/v2\/media\/506"}],"wp:attachment":[{"href":"https:\/\/izo.com.tr\/en\/wp-json\/wp\/v2\/media?parent=499"}],"wp:term":[{"taxonomy":"product_brand","embeddable":true,"href":"https:\/\/izo.com.tr\/en\/wp-json\/wp\/v2\/product_brand?post=499"},{"taxonomy":"product_cat","embeddable":true,"href":"https:\/\/izo.com.tr\/en\/wp-json\/wp\/v2\/product_cat?post=499"},{"taxonomy":"product_tag","embeddable":true,"href":"https:\/\/izo.com.tr\/en\/wp-json\/wp\/v2\/product_tag?post=499"}],"curies":[{"name":"wp","href":"https:\/\/api.w.org\/{rel}","templated":true}]}}