{"id":682,"date":"2021-12-15T10:22:52","date_gmt":"2021-12-15T10:22:52","guid":{"rendered":"https:\/\/izo.com.tr\/?post_type=product&#038;p=682"},"modified":"2021-12-15T10:47:05","modified_gmt":"2021-12-15T10:47:05","slug":"isonem-universal-astar","status":"publish","type":"product","link":"https:\/\/izo.com.tr\/en\/urun\/isonem-universal-astar\/","title":{"rendered":"\u0130sonem Universal Astar"},"content":{"rendered":"<div>\n<p><strong>Isonem Universal Astar (Akrilik Em\u00fclsiyon Esasl\u0131 Konsantre Astar)<\/strong><\/p>\n<p>Su bazl\u0131, tek komponentl\u0131, \u015feffaf i\u00e7 ve d\u0131\u015f y\u00fczeylerde kullan\u0131ma uygun universal bir astard\u0131r.<\/p>\n<p><strong>\u00d6ZELL\u0130KLER\u0130:<\/strong><br \/>\nY\u00fczeye \u00e7ok iyi n\u00fcfuz eder. Sa\u011flam bir zemin haz\u0131rlayarak son kat boyay\u0131 y\u00fczeye ba\u011flar, boya sarfiyat\u0131n\u0131 azalt\u0131r, s\u0131valar\u0131n su emicili\u011fini azalt\u0131r. Ayr\u0131ca su bazl\u0131 su yal\u0131t\u0131m malzemeleri ve duvar macunu uygulamalar\u0131nda yap\u0131\u015fma performans\u0131 \u00e7ok y\u00fcksek bir astard\u0131r.<\/p>\n<div><strong>Teknik \u00d6zellikler:<\/strong><\/div>\n<div>Yo\u011funluk (25\u00b0C, g\/mL) : 1,00 \u00b1 0,10<\/div>\n<div>pH (25\u00b0C) : 7.0 \u2013 9.0<\/div>\n<div>Viskozite (25\u00b0C, mPa.s) : 8000 &#8211; 10000<\/div>\n<div>Kat\u0131 Madde Oran\u0131 (A\u011f\u0131rl\u0131k\u00e7a %) : 50 \u00b1 2<\/div>\n<div>Su aktar\u0131m h\u0131z\u0131 (kg\/ m2. h0,5) : &lt; 0,1 SINIF W3<\/div>\n<div>\u00c7ekip koparma deneyi yoluyla yap\u0131\u015fma dayan\u0131m\u0131 (N\/mm2) : \u00c7atlak kapatma veya esnek sistemler trafik y\u00fck\u00fc olmadan \u2265 0.8, trafik y\u00fck\u00fc ile birlikte \u2265\u00a0 1.5 N\/mm\u00b2<\/div>\n<div>Su buhar\u0131 ge\u00e7irgenli\u011fi (m) : 5 \u2264\u00a0 SD \u2264 50 SINIF II<\/div>\n<div>Dokunma kurumas\u0131 : 30 dakika<\/div>\n<div>Tam kuruma : 4 saat<\/div>\n<div>Kar\u0131\u015f\u0131m \u00f6mr\u00fc (23\u00b0C) : X<\/div>\n<div>\u00c7\u00f6z\u00fcc\u00fc : Su<\/div>\n<div>Yang\u0131n s\u0131n\u0131f\u0131 : B S1 d0<\/div>\n<\/div>\n<p>Bu \u00fcr\u00fcn\u00fc <a href=\"https:\/\/www.izoyapimarket.com\/urun\/isonem-universal-astar-5-kg-akrilik-emulsiyon-esasli-konsantre-astar\">izoyapimarket<\/a> sitesinden online sat\u0131n alabilirsiniz<\/p>\n","protected":false},"excerpt":{"rendered":"<p>Isonem Universal Astar sa\u011flam bir zemin haz\u0131rlayarak son kat boyay\u0131 y\u00fczeye ba\u011flar, boya sarfiyat\u0131n\u0131 azalt\u0131r, s\u0131valar\u0131n su emicili\u011fini azalt\u0131r.<\/p>\n<p style=\"text-align: center;\"><a href=\"https:\/\/www.izoyapimarket.com\/urun\/isonem-universal-astar-5-kg-akrilik-emulsiyon-esasli-konsantre-astar\"><strong>izoyapimarket.com sitesinden sat\u0131n al<\/strong><\/a><\/p>\n","protected":false},"featured_media":689,"template":"","meta":{"site-sidebar-layout":"default","site-content-layout":"","ast-site-content-layout":"","site-content-style":"default","site-sidebar-style":"default","ast-global-header-display":"","ast-banner-title-visibility":"","ast-main-header-display":"","ast-hfb-above-header-display":"","ast-hfb-below-header-display":"","ast-hfb-mobile-header-display":"","site-post-title":"","ast-breadcrumbs-content":"","ast-featured-img":"","footer-sml-layout":"","theme-transparent-header-meta":"","adv-header-id-meta":"","stick-header-meta":"","header-above-stick-meta":"","header-main-stick-meta":"","header-below-stick-meta":"","astra-migrate-meta-layouts":"default","ast-page-background-enabled":"default","ast-page-background-meta":{"desktop":{"background-color":"","background-image":"","background-repeat":"repeat","background-position":"center center","background-size":"auto","background-attachment":"scroll","background-type":"","background-media":"","overlay-type":"","overlay-color":"","overlay-opacity":"","overlay-gradient":""},"tablet":{"background-color":"","background-image":"","background-repeat":"repeat","background-position":"center center","background-size":"auto","background-attachment":"scroll","background-type":"","background-media":"","overlay-type":"","overlay-color":"","overlay-opacity":"","overlay-gradient":""},"mobile":{"background-color":"","background-image":"","background-repeat":"repeat","background-position":"center center","background-size":"auto","background-attachment":"scroll","background-type":"","background-media":"","overlay-type":"","overlay-color":"","overlay-opacity":"","overlay-gradient":""}},"ast-content-background-meta":{"desktop":{"background-color":"var(--ast-global-color-5)","background-image":"","background-repeat":"repeat","background-position":"center center","background-size":"auto","background-attachment":"scroll","background-type":"","background-media":"","overlay-type":"","overlay-color":"","overlay-opacity":"","overlay-gradient":""},"tablet":{"background-color":"var(--ast-global-color-5)","background-image":"","background-repeat":"repeat","background-position":"center center","background-size":"auto","background-attachment":"scroll","background-type":"","background-media":"","overlay-type":"","overlay-color":"","overlay-opacity":"","overlay-gradient":""},"mobile":{"background-color":"var(--ast-global-color-5)","background-image":"","background-repeat":"repeat","background-position":"center center","background-size":"auto","background-attachment":"scroll","background-type":"","background-media":"","overlay-type":"","overlay-color":"","overlay-opacity":"","overlay-gradient":""}}},"product_brand":[],"product_cat":[126,18],"product_tag":[],"class_list":{"0":"post-682","1":"product","2":"type-product","3":"status-publish","4":"has-post-thumbnail","6":"product_cat-su-yalitimi","7":"product_cat-yapi-malzemeleri","8":"yith_product_brand-isonem","9":"desktop-align-left","10":"tablet-align-left","11":"mobile-align-left","12":"ast-product-gallery-layout-horizontal-slider","13":"ast-product-tabs-layout-horizontal","15":"first","16":"onbackorder","17":"shipping-taxable","18":"product-type-simple"},"yoast_head":"<!-- This site is optimized with the Yoast SEO Premium plugin v26.0 (Yoast SEO v26.0) - https:\/\/yoast.com\/wordpress\/plugins\/seo\/ -->\n<title>\u0130sonem Universal Astar<\/title>\n<meta name=\"robots\" content=\"noindex, follow, max-snippet:-1, max-image-preview:large, max-video-preview:-1\" \/>\n<meta property=\"og:locale\" content=\"en_US\" \/>\n<meta property=\"og:type\" content=\"article\" \/>\n<meta property=\"og:title\" content=\"\u0130sonem Universal Astar\" \/>\n<meta property=\"og:description\" content=\"Isonem Universal Astar sa\u011flam bir zemin haz\u0131rlayarak son kat boyay\u0131 y\u00fczeye ba\u011flar, boya sarfiyat\u0131n\u0131 azalt\u0131r, s\u0131valar\u0131n su emicili\u011fini azalt\u0131r. izoyapimarket.com sitesinden sat\u0131n al\" \/>\n<meta property=\"og:url\" content=\"https:\/\/izo.com.tr\/en\/urun\/isonem-universal-astar\/\" \/>\n<meta property=\"og:site_name\" content=\"izo YALITIM\" \/>\n<meta property=\"article:publisher\" content=\"http:\/\/facebook.com\/izoyalitimofficial\" \/>\n<meta property=\"article:modified_time\" content=\"2021-12-15T10:47:05+00:00\" \/>\n<meta property=\"og:image\" content=\"https:\/\/izo.com.tr\/wp-content\/uploads\/2021\/12\/isonem-universal-astar.png\" \/>\n\t<meta property=\"og:image:width\" content=\"450\" \/>\n\t<meta property=\"og:image:height\" content=\"423\" \/>\n\t<meta property=\"og:image:type\" content=\"image\/png\" \/>\n<meta name=\"twitter:card\" content=\"summary_large_image\" \/>\n<meta name=\"twitter:site\" content=\"@izoyalitim\" \/>\n<meta name=\"twitter:label1\" content=\"Price\" \/>\n\t<meta name=\"twitter:data1\" content=\"\" \/>\n\t<meta name=\"twitter:label2\" content=\"Availability\" \/>\n\t<meta name=\"twitter:data2\" content=\"On backorder\" \/>\n<script type=\"application\/ld+json\" class=\"yoast-schema-graph\">{\"@context\":\"https:\/\/schema.org\",\"@graph\":[{\"@type\":[\"WebPage\",\"ItemPage\"],\"@id\":\"https:\/\/izo.com.tr\/en\/urun\/isonem-universal-astar\/\",\"url\":\"https:\/\/izo.com.tr\/en\/urun\/isonem-universal-astar\/\",\"name\":\"\u0130sonem Universal Astar\",\"isPartOf\":{\"@id\":\"https:\/\/izo.com.tr\/en\/#website\"},\"primaryImageOfPage\":{\"@id\":\"https:\/\/izo.com.tr\/en\/urun\/isonem-universal-astar\/#primaryimage\"},\"image\":{\"@id\":\"https:\/\/izo.com.tr\/en\/urun\/isonem-universal-astar\/#primaryimage\"},\"thumbnailUrl\":\"https:\/\/izo.com.tr\/wp-content\/uploads\/2021\/12\/isonem-universal-astar.png\",\"datePublished\":\"2021-12-15T10:22:52+00:00\",\"dateModified\":\"2021-12-15T10:47:05+00:00\",\"breadcrumb\":{\"@id\":\"https:\/\/izo.com.tr\/en\/urun\/isonem-universal-astar\/#breadcrumb\"},\"inLanguage\":\"en-US\",\"potentialAction\":[{\"@type\":\"ReadAction\",\"target\":[\"https:\/\/izo.com.tr\/en\/urun\/isonem-universal-astar\/\"]}]},{\"@type\":\"ImageObject\",\"inLanguage\":\"en-US\",\"@id\":\"https:\/\/izo.com.tr\/en\/urun\/isonem-universal-astar\/#primaryimage\",\"url\":\"https:\/\/izo.com.tr\/wp-content\/uploads\/2021\/12\/isonem-universal-astar.png\",\"contentUrl\":\"https:\/\/izo.com.tr\/wp-content\/uploads\/2021\/12\/isonem-universal-astar.png\",\"width\":450,\"height\":423},{\"@type\":\"BreadcrumbList\",\"@id\":\"https:\/\/izo.com.tr\/en\/urun\/isonem-universal-astar\/#breadcrumb\",\"itemListElement\":[{\"@type\":\"ListItem\",\"position\":1,\"name\":\"Anasayfa\",\"item\":\"https:\/\/izo.com.tr\/en\/?page_id=4112\"},{\"@type\":\"ListItem\",\"position\":2,\"name\":\"Ma\u011faza\",\"item\":\"https:\/\/izo.com.tr\/magaza\/\"},{\"@type\":\"ListItem\",\"position\":3,\"name\":\"\u0130sonem Universal Astar\"}]},{\"@type\":\"WebSite\",\"@id\":\"https:\/\/izo.com.tr\/en\/#website\",\"url\":\"https:\/\/izo.com.tr\/en\/\",\"name\":\"izo YALITIM\",\"description\":\"Yenilik\u00e7i \u00c7\u00f6z\u00fcmler Sunar\",\"publisher\":{\"@id\":\"https:\/\/izo.com.tr\/en\/#organization\"},\"potentialAction\":[{\"@type\":\"SearchAction\",\"target\":{\"@type\":\"EntryPoint\",\"urlTemplate\":\"https:\/\/izo.com.tr\/en\/?s={search_term_string}\"},\"query-input\":{\"@type\":\"PropertyValueSpecification\",\"valueRequired\":true,\"valueName\":\"search_term_string\"}}],\"inLanguage\":\"en-US\"},{\"@type\":[\"Organization\",\"Place\",\"Corporation\"],\"@id\":\"https:\/\/izo.com.tr\/en\/#organization\",\"name\":\"\u0130ZO YALITIM \u0130N\u015e. TAAH. SAN. VE T\u0130C. LTD. \u015eT\u0130.\",\"url\":\"https:\/\/izo.com.tr\/en\/\",\"logo\":{\"@id\":\"https:\/\/izo.com.tr\/en\/urun\/isonem-universal-astar\/#local-main-organization-logo\"},\"image\":{\"@id\":\"https:\/\/izo.com.tr\/en\/urun\/isonem-universal-astar\/#local-main-organization-logo\"},\"sameAs\":[\"http:\/\/facebook.com\/izoyalitimofficial\",\"https:\/\/x.com\/izoyalitim\"],\"address\":{\"@id\":\"https:\/\/izo.com.tr\/en\/urun\/isonem-universal-astar\/#local-main-place-address\"},\"telephone\":[\"+90 216 612 8666\",\"+90 216 612 8667\"],\"openingHoursSpecification\":[{\"@type\":\"OpeningHoursSpecification\",\"dayOfWeek\":[\"Monday\",\"Tuesday\",\"Wednesday\",\"Thursday\",\"Friday\",\"Saturday\"],\"opens\":\"09:00\",\"closes\":\"19:00\"},{\"@type\":\"OpeningHoursSpecification\",\"dayOfWeek\":[\"Sunday\"],\"opens\":\"00:00\",\"closes\":\"00:00\"}],\"email\":\"izo@izo.com.tr\",\"faxNumber\":\"+90 216 612 8665\",\"taxID\":\"4840550543\"},{\"@type\":\"PostalAddress\",\"@id\":\"https:\/\/izo.com.tr\/en\/urun\/isonem-universal-astar\/#local-main-place-address\",\"streetAddress\":\"Cemil Meri\u00e7 Mah. \u00c7ay\u0131r\u00f6n\u00fc Cad. No:5\/A, \u00dcmraniye\",\"addressLocality\":\"\u0130STANBUL\",\"postalCode\":\"34771\",\"addressRegion\":\"-\",\"addressCountry\":\"TR\"},{\"@type\":\"ImageObject\",\"inLanguage\":\"en-US\",\"@id\":\"https:\/\/izo.com.tr\/en\/urun\/isonem-universal-astar\/#local-main-organization-logo\",\"url\":\"https:\/\/izo.com.tr\/wp-content\/uploads\/2021\/11\/izo-YALITIM-180105-1_w300px.png\",\"contentUrl\":\"https:\/\/izo.com.tr\/wp-content\/uploads\/2021\/11\/izo-YALITIM-180105-1_w300px.png\",\"width\":280,\"height\":60,\"caption\":\"\u0130ZO YALITIM \u0130N\u015e. TAAH. SAN. VE T\u0130C. LTD. \u015eT\u0130.\"}]}<\/script>\n<meta property=\"product:brand\" content=\"\u0130sonem\" \/>\n<meta property=\"product:price:amount\" content=\"0.00\" \/>\n<meta property=\"product:price:currency\" content=\"TRY\" \/>\n<meta property=\"og:availability\" content=\"backorder\" \/>\n<meta property=\"product:availability\" content=\"available for order\" \/>\n<meta property=\"product:condition\" content=\"new\" \/>\n<meta name=\"geo.placename\" content=\"\u0130STANBUL\" \/>\n<meta name=\"geo.region\" content=\"Turkey\" \/>\n<!-- \/ Yoast SEO Premium plugin. -->","yoast_head_json":{"title":"\u0130sonem Universal Astar","robots":{"index":"noindex","follow":"follow","max-snippet":"max-snippet:-1","max-image-preview":"max-image-preview:large","max-video-preview":"max-video-preview:-1"},"og_locale":"en_US","og_type":"article","og_title":"\u0130sonem Universal Astar","og_description":"Isonem Universal Astar sa\u011flam bir zemin haz\u0131rlayarak son kat boyay\u0131 y\u00fczeye ba\u011flar, boya sarfiyat\u0131n\u0131 azalt\u0131r, s\u0131valar\u0131n su emicili\u011fini azalt\u0131r. izoyapimarket.com sitesinden sat\u0131n al","og_url":"https:\/\/izo.com.tr\/en\/urun\/isonem-universal-astar\/","og_site_name":"izo YALITIM","article_publisher":"http:\/\/facebook.com\/izoyalitimofficial","article_modified_time":"2021-12-15T10:47:05+00:00","og_image":[{"width":450,"height":423,"url":"https:\/\/izo.com.tr\/wp-content\/uploads\/2021\/12\/isonem-universal-astar.png","type":"image\/png"}],"twitter_card":"summary_large_image","twitter_site":"@izoyalitim","twitter_misc":{"Price":"","Availability":"On backorder"},"schema":{"@context":"https:\/\/schema.org","@graph":[{"@type":["WebPage","ItemPage"],"@id":"https:\/\/izo.com.tr\/en\/urun\/isonem-universal-astar\/","url":"https:\/\/izo.com.tr\/en\/urun\/isonem-universal-astar\/","name":"\u0130sonem Universal Astar","isPartOf":{"@id":"https:\/\/izo.com.tr\/en\/#website"},"primaryImageOfPage":{"@id":"https:\/\/izo.com.tr\/en\/urun\/isonem-universal-astar\/#primaryimage"},"image":{"@id":"https:\/\/izo.com.tr\/en\/urun\/isonem-universal-astar\/#primaryimage"},"thumbnailUrl":"https:\/\/izo.com.tr\/wp-content\/uploads\/2021\/12\/isonem-universal-astar.png","datePublished":"2021-12-15T10:22:52+00:00","dateModified":"2021-12-15T10:47:05+00:00","breadcrumb":{"@id":"https:\/\/izo.com.tr\/en\/urun\/isonem-universal-astar\/#breadcrumb"},"inLanguage":"en-US","potentialAction":[{"@type":"ReadAction","target":["https:\/\/izo.com.tr\/en\/urun\/isonem-universal-astar\/"]}]},{"@type":"ImageObject","inLanguage":"en-US","@id":"https:\/\/izo.com.tr\/en\/urun\/isonem-universal-astar\/#primaryimage","url":"https:\/\/izo.com.tr\/wp-content\/uploads\/2021\/12\/isonem-universal-astar.png","contentUrl":"https:\/\/izo.com.tr\/wp-content\/uploads\/2021\/12\/isonem-universal-astar.png","width":450,"height":423},{"@type":"BreadcrumbList","@id":"https:\/\/izo.com.tr\/en\/urun\/isonem-universal-astar\/#breadcrumb","itemListElement":[{"@type":"ListItem","position":1,"name":"Anasayfa","item":"https:\/\/izo.com.tr\/en\/?page_id=4112"},{"@type":"ListItem","position":2,"name":"Ma\u011faza","item":"https:\/\/izo.com.tr\/magaza\/"},{"@type":"ListItem","position":3,"name":"\u0130sonem Universal Astar"}]},{"@type":"WebSite","@id":"https:\/\/izo.com.tr\/en\/#website","url":"https:\/\/izo.com.tr\/en\/","name":"izo YALITIM","description":"Yenilik\u00e7i \u00c7\u00f6z\u00fcmler Sunar","publisher":{"@id":"https:\/\/izo.com.tr\/en\/#organization"},"potentialAction":[{"@type":"SearchAction","target":{"@type":"EntryPoint","urlTemplate":"https:\/\/izo.com.tr\/en\/?s={search_term_string}"},"query-input":{"@type":"PropertyValueSpecification","valueRequired":true,"valueName":"search_term_string"}}],"inLanguage":"en-US"},{"@type":["Organization","Place","Corporation"],"@id":"https:\/\/izo.com.tr\/en\/#organization","name":"\u0130ZO YALITIM \u0130N\u015e. TAAH. SAN. VE T\u0130C. LTD. \u015eT\u0130.","url":"https:\/\/izo.com.tr\/en\/","logo":{"@id":"https:\/\/izo.com.tr\/en\/urun\/isonem-universal-astar\/#local-main-organization-logo"},"image":{"@id":"https:\/\/izo.com.tr\/en\/urun\/isonem-universal-astar\/#local-main-organization-logo"},"sameAs":["http:\/\/facebook.com\/izoyalitimofficial","https:\/\/x.com\/izoyalitim"],"address":{"@id":"https:\/\/izo.com.tr\/en\/urun\/isonem-universal-astar\/#local-main-place-address"},"telephone":["+90 216 612 8666","+90 216 612 8667"],"openingHoursSpecification":[{"@type":"OpeningHoursSpecification","dayOfWeek":["Monday","Tuesday","Wednesday","Thursday","Friday","Saturday"],"opens":"09:00","closes":"19:00"},{"@type":"OpeningHoursSpecification","dayOfWeek":["Sunday"],"opens":"00:00","closes":"00:00"}],"email":"izo@izo.com.tr","faxNumber":"+90 216 612 8665","taxID":"4840550543"},{"@type":"PostalAddress","@id":"https:\/\/izo.com.tr\/en\/urun\/isonem-universal-astar\/#local-main-place-address","streetAddress":"Cemil Meri\u00e7 Mah. \u00c7ay\u0131r\u00f6n\u00fc Cad. No:5\/A, \u00dcmraniye","addressLocality":"\u0130STANBUL","postalCode":"34771","addressRegion":"-","addressCountry":"TR"},{"@type":"ImageObject","inLanguage":"en-US","@id":"https:\/\/izo.com.tr\/en\/urun\/isonem-universal-astar\/#local-main-organization-logo","url":"https:\/\/izo.com.tr\/wp-content\/uploads\/2021\/11\/izo-YALITIM-180105-1_w300px.png","contentUrl":"https:\/\/izo.com.tr\/wp-content\/uploads\/2021\/11\/izo-YALITIM-180105-1_w300px.png","width":280,"height":60,"caption":"\u0130ZO YALITIM \u0130N\u015e. TAAH. SAN. VE T\u0130C. LTD. \u015eT\u0130."}]},"product_brand":"\u0130sonem","product_price_amount":"0.00","product_price_currency":"TRY","og_availability":"backorder","product_availability":"available for order","product_condition":"new","geo.placename":"\u0130STANBUL","geo.region":"Turkey"},"_links":{"self":[{"href":"https:\/\/izo.com.tr\/en\/wp-json\/wp\/v2\/product\/682","targetHints":{"allow":["GET"]}}],"collection":[{"href":"https:\/\/izo.com.tr\/en\/wp-json\/wp\/v2\/product"}],"about":[{"href":"https:\/\/izo.com.tr\/en\/wp-json\/wp\/v2\/types\/product"}],"version-history":[{"count":0,"href":"https:\/\/izo.com.tr\/en\/wp-json\/wp\/v2\/product\/682\/revisions"}],"wp:featuredmedia":[{"embeddable":true,"href":"https:\/\/izo.com.tr\/en\/wp-json\/wp\/v2\/media\/689"}],"wp:attachment":[{"href":"https:\/\/izo.com.tr\/en\/wp-json\/wp\/v2\/media?parent=682"}],"wp:term":[{"taxonomy":"product_brand","embeddable":true,"href":"https:\/\/izo.com.tr\/en\/wp-json\/wp\/v2\/product_brand?post=682"},{"taxonomy":"product_cat","embeddable":true,"href":"https:\/\/izo.com.tr\/en\/wp-json\/wp\/v2\/product_cat?post=682"},{"taxonomy":"product_tag","embeddable":true,"href":"https:\/\/izo.com.tr\/en\/wp-json\/wp\/v2\/product_tag?post=682"}],"curies":[{"name":"wp","href":"https:\/\/api.w.org\/{rel}","templated":true}]}}